{"id":1022,"date":"2023-05-26T06:55:48","date_gmt":"2023-05-26T06:55:48","guid":{"rendered":"https:\/\/atten2.com\/?page_id=1022"},"modified":"2024-10-31T10:36:49","modified_gmt":"2024-10-31T10:36:49","slug":"solutions","status":"publish","type":"page","link":"https:\/\/atten2.com\/en\/solutions\/","title":{"rendered":"Solutions"},"content":{"rendered":"<section class=\"l-section wpb_row height_medium with_img\"><div class=\"l-section-img\" data-img-width=\"1550\" data-img-height=\"675\" style=\"background-image: url(https:\/\/atten2.com\/wp-content\/uploads\/2023\/06\/soluciones-1.jpg);background-position: top center;background-repeat: no-repeat;\"><\/div><div class=\"l-section-overlay\" style=\"background:linear-gradient(180deg,rgba(0,0,0,0.00),rgba(0,0,0,0.30))\"><\/div><div class=\"l-section-h i-cf\"><div class=\"g-cols vc_row via_flex valign_middle type_default stacking_default\"><div class=\"vc_col-sm-12 wpb_column vc_column_container\"><div class=\"vc_column-inner\"><div class=\"wpb_wrapper\"><div class=\"w-separator size_huge\"><\/div><div class=\"g-cols wpb_row via_flex valign_top type_default stacking_default\"><div class=\"vc_col-sm-5 wpb_column vc_column_container\"><div class=\"vc_column-inner\"><div class=\"wpb_wrapper\"><\/div><\/div><\/div><div class=\"vc_col-sm-7 wpb_column vc_column_container\"><div class=\"vc_column-inner\"><div class=\"wpb_wrapper\"><div class=\"wpb_text_column us_custom_8b3d6790 has_text_color\"><div class=\"wpb_wrapper\"><h1>Advanced technology for your <span style=\"color: #00ffff;\"><span class=\"nowrap\">[ core<\/span> <span class=\"nowrap\">business ]<\/span><\/span><\/h1>\n<\/div><\/div><\/div><\/div><\/div><\/div><\/div><\/div><\/div><\/div><\/div><\/section><section class=\"l-section wpb_row height_small\"><div class=\"l-section-h i-cf\"><div class=\"g-cols vc_row via_flex valign_top type_default stacking_default\"><div class=\"vc_col-sm-12 wpb_column vc_column_container\"><div class=\"vc_column-inner\"><div class=\"wpb_wrapper\"><ol class=\"g-breadcrumbs us_custom_4be77696 has_text_color separator_custom align_none\"><li class=\"g-breadcrumbs-item\"><a href=\"https:\/\/atten2.com\/en\/\">Home<\/a><meta content=\"1\"\/><\/li><li class=\"g-breadcrumbs-separator\">\/<\/li><li class=\"g-breadcrumbs-item\">Pages<\/li><\/ol><\/div><\/div><\/div><\/div><\/div><\/section><section class=\"l-section wpb_row height_medium\"><div class=\"l-section-h i-cf\"><div class=\"g-cols vc_row via_flex valign_top type_default stacking_default\"><div class=\"vc_col-sm-12 wpb_column vc_column_container\"><div class=\"vc_column-inner\"><div class=\"wpb_wrapper\"><div class=\"g-cols wpb_row us_custom_a518f36e us_animate_this via_flex valign_top type_default stacking_default\"><div class=\"vc_col-sm-12 wpb_column vc_column_container\"><div class=\"vc_column-inner\"><div class=\"wpb_wrapper\"><div class=\"wpb_text_column\"><div class=\"wpb_wrapper\"><h6>[ Advanced ] solutions<\/h6>\n<\/div><\/div><div class=\"wpb_text_column\"><div class=\"wpb_wrapper\"><h2>Maintenance and condition<br \/>\nof your critical assets to<br \/>\nprotect your core business<\/h2>\n<\/div><\/div><\/div><\/div><\/div><\/div><div class=\"w-separator size_large\"><\/div><div class=\"g-cols wpb_row us_custom_a518f36e us_animate_this via_flex valign_top type_default stacking_default\"><div class=\"vc_col-sm-6 wpb_column vc_column_container\"><div class=\"vc_column-inner\"><div class=\"wpb_wrapper\"><\/div><\/div><\/div><div class=\"vc_col-sm-6 wpb_column vc_column_container\"><div class=\"vc_column-inner\"><div class=\"wpb_wrapper\"><div class=\"wpb_text_column\"><div class=\"wpb_wrapper\"><p>Our solutions allow you to <span class=\"azul_c\">[ see more ]<\/span>, <span class=\"azul_c\">[ see better ]<\/span>, <span class=\"azul\">[ see before anyone else ]<\/span>. We avoid shutdowns, breakages, delays, and hence the loss of profitability. In short, they allow us to see further and address the maintenance and condition of your critical assets. Protecting your core business.<\/p>\n<\/div><\/div><\/div><\/div><\/div><\/div><div class=\"w-separator size_large\"><\/div><div class=\"w-image us_custom_fb031f41 img-full us_animate_this align_center\"><div class=\"w-image-h\"><img loading=\"lazy\" decoding=\"async\" width=\"1550\" height=\"570\" src=\"https:\/\/atten2.com\/wp-content\/uploads\/2023\/06\/soluciones-2.jpg\" class=\"attachment-full size-full\" alt=\"\" srcset=\"https:\/\/atten2.com\/wp-content\/uploads\/2023\/06\/soluciones-2.jpg 1550w, https:\/\/atten2.com\/wp-content\/uploads\/2023\/06\/soluciones-2-300x110.jpg 300w, https:\/\/atten2.com\/wp-content\/uploads\/2023\/06\/soluciones-2-1024x377.jpg 1024w\" sizes=\"auto, (max-width: 1550px) 100vw, 1550px\" \/><\/div><\/div><div class=\"w-separator size_huge\"><\/div><div class=\"g-cols wpb_row us_custom_a518f36e us_animate_this via_flex valign_top type_default stacking_default\"><div class=\"vc_col-sm-12 wpb_column vc_column_container\"><div class=\"vc_column-inner\"><div class=\"wpb_wrapper\"><div class=\"wpb_text_column\"><div class=\"wpb_wrapper\"><h6>[ Advanced ] services<\/h6>\n<\/div><\/div><div class=\"wpb_text_column\"><div class=\"wpb_wrapper\"><h2>Managing our clients&#8217; assets<br \/>\nas added value<\/h2>\n<\/div><\/div><\/div><\/div><\/div><\/div><div class=\"w-separator size_medium\" id=\"t6f7\"><style>@media(max-width:1024px){ #t6f7{height:0!important}}@media(max-width:600px){ #t6f7{height:0!important}}<\/style><\/div><\/div><\/div><\/div><\/div><\/div><\/section><section class=\"l-section wpb_row us_custom_a518f36e us_animate_this height_auto\"><div class=\"l-section-h i-cf\"><div class=\"g-cols vc_row via_flex valign_top type_default stacking_default\"><div class=\"vc_col-sm-6 wpb_column vc_column_container\"><div class=\"vc_column-inner\"><div class=\"wpb_wrapper\"><div class=\"w-image img-hover align_right\" id=\"img01\"><div class=\"w-image-h\"><img loading=\"lazy\" decoding=\"async\" width=\"517\" height=\"389\" src=\"https:\/\/atten2.com\/wp-content\/uploads\/2023\/06\/soluciones-01.jpg\" class=\"attachment-full size-full\" alt=\"\" srcset=\"https:\/\/atten2.com\/wp-content\/uploads\/2023\/06\/soluciones-01.jpg 517w, https:\/\/atten2.com\/wp-content\/uploads\/2023\/06\/soluciones-01-300x226.jpg 300w\" sizes=\"auto, (max-width: 517px) 100vw, 517px\" \/><\/div><\/div><div class=\"w-image img-hover align_right\" id=\"img02\"><div class=\"w-image-h\"><img loading=\"lazy\" decoding=\"async\" width=\"517\" height=\"389\" src=\"https:\/\/atten2.com\/wp-content\/uploads\/2023\/06\/formacion.jpg\" class=\"attachment-full size-full\" alt=\"\" srcset=\"https:\/\/atten2.com\/wp-content\/uploads\/2023\/06\/formacion.jpg 517w, https:\/\/atten2.com\/wp-content\/uploads\/2023\/06\/formacion-300x226.jpg 300w\" sizes=\"auto, (max-width: 517px) 100vw, 517px\" \/><\/div><\/div><div class=\"w-image img-hover align_right\" id=\"img03\"><div class=\"w-image-h\"><img loading=\"lazy\" decoding=\"async\" width=\"517\" height=\"389\" src=\"https:\/\/atten2.com\/wp-content\/uploads\/2023\/06\/soluciones-02.jpg\" class=\"attachment-full size-full\" alt=\"\" srcset=\"https:\/\/atten2.com\/wp-content\/uploads\/2023\/06\/soluciones-02.jpg 517w, https:\/\/atten2.com\/wp-content\/uploads\/2023\/06\/soluciones-02-300x226.jpg 300w\" sizes=\"auto, (max-width: 517px) 100vw, 517px\" \/><\/div><\/div><div class=\"w-image img-hover align_right\" id=\"img04\"><div class=\"w-image-h\"><img loading=\"lazy\" decoding=\"async\" width=\"517\" height=\"389\" src=\"https:\/\/atten2.com\/wp-content\/uploads\/2023\/06\/laboratorio.jpg\" class=\"attachment-full size-full\" alt=\"\" srcset=\"https:\/\/atten2.com\/wp-content\/uploads\/2023\/06\/laboratorio.jpg 517w, https:\/\/atten2.com\/wp-content\/uploads\/2023\/06\/laboratorio-300x226.jpg 300w\" sizes=\"auto, (max-width: 517px) 100vw, 517px\" \/><\/div><\/div><div class=\"w-image img-hover align_right\" id=\"img05\"><div class=\"w-image-h\"><img loading=\"lazy\" decoding=\"async\" width=\"517\" height=\"389\" src=\"https:\/\/atten2.com\/wp-content\/uploads\/2023\/06\/suministro.jpg\" class=\"attachment-full size-full\" alt=\"\" srcset=\"https:\/\/atten2.com\/wp-content\/uploads\/2023\/06\/suministro.jpg 517w, https:\/\/atten2.com\/wp-content\/uploads\/2023\/06\/suministro-300x226.jpg 300w\" sizes=\"auto, (max-width: 517px) 100vw, 517px\" \/><\/div><\/div><div class=\"w-image img-hover align_right\" id=\"img06\"><div class=\"w-image-h\"><img loading=\"lazy\" decoding=\"async\" width=\"517\" height=\"389\" src=\"https:\/\/atten2.com\/wp-content\/uploads\/2023\/06\/monitorizacion.jpg\" class=\"attachment-full size-full\" alt=\"\" srcset=\"https:\/\/atten2.com\/wp-content\/uploads\/2023\/06\/monitorizacion.jpg 517w, https:\/\/atten2.com\/wp-content\/uploads\/2023\/06\/monitorizacion-300x226.jpg 300w\" sizes=\"auto, (max-width: 517px) 100vw, 517px\" \/><\/div><\/div><\/div><\/div><\/div><div class=\"vc_col-sm-6 wpb_column vc_column_container\"><div class=\"vc_column-inner\"><div class=\"wpb_wrapper\"><div class=\"w-tabs style_default switch_click accordion type_togglable has_scrolling remove_indents\"><div class=\"w-tabs-sections titles-align_none icon_plus cpos_right\"><div class=\"w-tabs-section acordeon-hover\" id=\"01\"><button class=\"w-tabs-section-header\" aria-controls=\"content-01\" aria-expanded=\"false\"><h3 class=\"w-tabs-section-title\"><em>01.<\/em> Installation<\/h3><div class=\"w-tabs-section-control\"><\/div><\/button><div  class=\"w-tabs-section-content\" id=\"content-01\"><div class=\"w-tabs-section-content-h i-cf\"><div class=\"wpb_text_column\"><div class=\"wpb_wrapper\"><p>We can provide the service of commissioning and integrating technology within our clients&#8217; processes, ensuring the most beneficial solution, and guaranteeing a return on the investment.<\/p>\n<\/div><\/div><\/div><\/div><\/div><div class=\"w-tabs-section acordeon-hover\" id=\"02\"><button class=\"w-tabs-section-header\" aria-controls=\"content-02\" aria-expanded=\"false\"><h3 class=\"w-tabs-section-title\"><em>02.<\/em> Training<\/h3><div class=\"w-tabs-section-control\"><\/div><\/button><div  class=\"w-tabs-section-content\" id=\"content-02\"><div class=\"w-tabs-section-content-h i-cf\"><div class=\"wpb_text_column\"><div class=\"wpb_wrapper\"><p>We prioritize client knowledge of our sensors and the data they provide. We offer training in usage, analysis, and data-driven decision-making. Additionally, we provide certified training in tribology and lubrication.<\/p>\n<\/div><\/div><\/div><\/div><\/div><div class=\"w-tabs-section acordeon-hover\" id=\"03\"><button class=\"w-tabs-section-header\" aria-controls=\"content-03\" aria-expanded=\"false\"><h3 class=\"w-tabs-section-title\"><em>03.<\/em> Technical cover<\/h3><div class=\"w-tabs-section-control\"><\/div><\/button><div  class=\"w-tabs-section-content\" id=\"content-03\"><div class=\"w-tabs-section-content-h i-cf\"><div class=\"wpb_text_column\"><div class=\"wpb_wrapper\"><p>At Atten2, we ensure 100% quality in the installed sensors, backed by an extended warranty for client confidence. We offer calibration and repair services as needed, along with direct access to experts to resolve queries or issues.<\/p>\n<\/div><\/div><\/div><\/div><\/div><div class=\"w-tabs-section acordeon-hover\" id=\"04\"><button class=\"w-tabs-section-header\" aria-controls=\"content-04\" aria-expanded=\"false\"><h3 class=\"w-tabs-section-title\"><em>04.<\/em> Laboratory analysis<\/h3><div class=\"w-tabs-section-control\"><\/div><\/button><div  class=\"w-tabs-section-content\" id=\"content-04\"><div class=\"w-tabs-section-content-h i-cf\"><div class=\"wpb_text_column\"><div class=\"wpb_wrapper\"><p>In collaboration with Lubrication Management, we complement the information from our sensors. This internationally renowned lab processes more than 500 samples daily, ensuring the quality of our sampling service.<\/p>\n<\/div><\/div><\/div><\/div><\/div><div class=\"w-tabs-section acordeon-hover\" id=\"05\"><button class=\"w-tabs-section-header\" aria-controls=\"content-05\" aria-expanded=\"false\"><h3 class=\"w-tabs-section-title\"><em>05.<\/em> Supply of sensors<\/h3><div class=\"w-tabs-section-control\"><\/div><\/button><div  class=\"w-tabs-section-content\" id=\"content-05\"><div class=\"w-tabs-section-content-h i-cf\"><div class=\"wpb_text_column\"><div class=\"wpb_wrapper\"><p>We offer rental services for our products in addition to traditional purchasing. This ensures continuous operation, technology updates, and allows sensor replacement in case of incidents or renewal of rental agreements. All with the aim of providing end users with the latest technology available.<\/p>\n<\/div><\/div><\/div><\/div><\/div><div class=\"w-tabs-section acordeon-hover\" id=\"06\"><button class=\"w-tabs-section-header\" aria-controls=\"content-06\" aria-expanded=\"false\"><h3 class=\"w-tabs-section-title\"><em>06.<\/em> Remote monitoring<\/h3><div class=\"w-tabs-section-control\"><\/div><\/button><div  class=\"w-tabs-section-content\" id=\"content-06\"><div class=\"w-tabs-section-content-h i-cf\"><div class=\"wpb_text_column\"><div class=\"wpb_wrapper\"><p>We provide a remote monitoring service for clients who do not wish to handle data reading and interpretation. Using an IoT platform, we offer tracking, diagnosis, and continuous support from technology specialists.<\/p>\n<\/div><\/div><\/div><\/div><\/div><\/div><\/div><\/div><\/div><\/div><\/div><\/div><\/section><section class=\"l-section wpb_row height_small\"><div class=\"l-section-h i-cf\"><div class=\"g-cols vc_row via_flex valign_top type_default stacking_default\"><div class=\"vc_col-sm-12 wpb_column vc_column_container\"><div class=\"vc_column-inner\"><div class=\"wpb_wrapper\"><\/div><\/div><\/div><\/div><\/div><\/section><section class=\"l-section wpb_row height_medium\"><div class=\"l-section-h i-cf\"><div class=\"g-cols vc_row via_flex valign_top type_default stacking_default\"><div class=\"vc_col-sm-12 wpb_column vc_column_container\"><div class=\"vc_column-inner\"><div class=\"wpb_wrapper\"><div class=\"g-cols wpb_row us_custom_a518f36e us_animate_this via_flex valign_top type_default stacking_default\"><div class=\"vc_col-sm-12 wpb_column vc_column_container\"><div class=\"vc_column-inner\"><div class=\"wpb_wrapper\"><div class=\"wpb_text_column azul\"><div class=\"wpb_wrapper\"><p>[ Ad-hoc ] projects<\/p>\n<\/div><\/div><div class=\"wpb_text_column\"><div class=\"wpb_wrapper\"><h2>Together, we will transform<br \/>\nyour challenges into opportunities<\/h2>\n<\/div><\/div><\/div><\/div><\/div><\/div><div class=\"w-separator size_large\" id=\"df82\"><style>@media(max-width:1024px){ #df82{height:0!important}}@media(max-width:600px){ #df82{height:0!important}}<\/style><\/div><div class=\"g-cols wpb_row us_custom_a518f36e us_animate_this via_flex valign_top type_default stacking_default\"><div class=\"vc_col-sm-6 wpb_column vc_column_container\"><div class=\"vc_column-inner\"><div class=\"wpb_wrapper\"><\/div><\/div><\/div><div class=\"vc_col-sm-6 wpb_column vc_column_container\"><div class=\"vc_column-inner\"><div class=\"wpb_wrapper\"><div class=\"wpb_text_column\"><div class=\"wpb_wrapper\"><p>At Atten2, we take on challenging projects, working closely with clients on pre-engineering, installation, and commissioning of sensors tailored to their needs.<\/p>\n<p>We go beyond by delivering productivity, savings, sustainability, and keeping at the forefront of the industrial world. We combine our optical technology with our ability to execute complex projects that positively impact the industry.<\/p>\n<p>At Atten2, we are committed to delivering concrete and tangible results. If you are looking for a solid and reliable partnership to elevate your projects, join us on this journey towards industrial success.<\/p>\n<\/div><\/div><\/div><\/div><\/div><\/div><\/div><\/div><\/div><\/div><\/div><\/section>\n","protected":false},"excerpt":{"rendered":"Advanced technology for your [ core business ] Home\/Pages[ Advanced ] solutions Maintenance and condition of your critical assets to protect your core business Our solutions allow you to [ see more ], [ see better ], [ see before anyone else ]. We avoid shutdowns, breakages, delays, and hence the loss of profitability. In...","protected":false},"author":1,"featured_media":0,"parent":0,"menu_order":1,"comment_status":"closed","ping_status":"closed","template":"","meta":{"content-type":"","footnotes":""},"class_list":["post-1022","page","type-page","status-publish","hentry"],"yoast_head":"<!-- This site is optimized with the Yoast SEO plugin v20.9 - https:\/\/yoast.com\/wordpress\/plugins\/seo\/ -->\n<title>Advanced technology for your [ core business ] &middot; Atten[2]<\/title>\n<meta name=\"description\" content=\"[ Advanced ] solutions. Maintenance and condition of your critical assets to protect your core business.\" \/>\n<meta name=\"robots\" content=\"index, follow, max-snippet:-1, max-image-preview:large, max-video-preview:-1\" \/>\n<link rel=\"canonical\" href=\"https:\/\/atten2.com\/en\/solutions\/\" \/>\n<meta property=\"og:locale\" content=\"en_US\" \/>\n<meta property=\"og:type\" content=\"article\" \/>\n<meta property=\"og:title\" content=\"Advanced technology for your [ core business ] &middot; Atten[2]\" \/>\n<meta property=\"og:description\" content=\"[ Advanced ] solutions. Maintenance and condition of your critical assets to protect your core business.\" \/>\n<meta property=\"og:url\" content=\"https:\/\/atten2.com\/en\/solutions\/\" \/>\n<meta property=\"og:site_name\" content=\"Atten[2]\" \/>\n<meta property=\"article:publisher\" content=\"https:\/\/www.facebook.com\/atten2technologies\" \/>\n<meta property=\"article:modified_time\" content=\"2024-10-31T10:36:49+00:00\" \/>\n<meta property=\"og:image\" content=\"https:\/\/atten2.com\/wp-content\/uploads\/2023\/06\/sensores-1.jpg\" \/>\n\t<meta property=\"og:image:width\" content=\"1550\" \/>\n\t<meta property=\"og:image:height\" content=\"675\" \/>\n\t<meta property=\"og:image:type\" content=\"image\/jpeg\" \/>\n<meta name=\"twitter:card\" content=\"summary_large_image\" \/>\n<meta name=\"twitter:site\" content=\"@atten_2\" \/>\n<script type=\"application\/ld+json\" class=\"yoast-schema-graph\">{\"@context\":\"https:\/\/schema.org\",\"@graph\":[{\"@type\":\"WebPage\",\"@id\":\"https:\/\/atten2.com\/en\/solutions\/\",\"url\":\"https:\/\/atten2.com\/en\/solutions\/\",\"name\":\"Advanced technology for your [ core business ] &middot; Atten[2]\",\"isPartOf\":{\"@id\":\"https:\/\/atten2.com\/#website\"},\"datePublished\":\"2023-05-26T06:55:48+00:00\",\"dateModified\":\"2024-10-31T10:36:49+00:00\",\"description\":\"[ Advanced ] solutions. Maintenance and condition of your critical assets to protect your core business.\",\"breadcrumb\":{\"@id\":\"https:\/\/atten2.com\/en\/solutions\/#breadcrumb\"},\"inLanguage\":\"en-US\",\"potentialAction\":[{\"@type\":\"ReadAction\",\"target\":[\"https:\/\/atten2.com\/en\/solutions\/\"]}]},{\"@type\":\"BreadcrumbList\",\"@id\":\"https:\/\/atten2.com\/en\/solutions\/#breadcrumb\",\"itemListElement\":[{\"@type\":\"ListItem\",\"position\":1,\"name\":\"Portada\",\"item\":\"https:\/\/atten2.com\/en\/home1\/\"},{\"@type\":\"ListItem\",\"position\":2,\"name\":\"Solutions\"}]},{\"@type\":\"WebSite\",\"@id\":\"https:\/\/atten2.com\/#website\",\"url\":\"https:\/\/atten2.com\/\",\"name\":\"Atten[2] \u00b7 Advanced Monitoring Technologies\",\"description\":\"Sensores \u00f3pticos para la monitorizaci\u00f3n de activos cr\u00edticos\",\"publisher\":{\"@id\":\"https:\/\/atten2.com\/#organization\"},\"alternateName\":\"Atten2 Advanced Monitoring Technologies\",\"potentialAction\":[{\"@type\":\"SearchAction\",\"target\":{\"@type\":\"EntryPoint\",\"urlTemplate\":\"https:\/\/atten2.com\/?s={search_term_string}\"},\"query-input\":\"required name=search_term_string\"}],\"inLanguage\":\"en-US\"},{\"@type\":\"Organization\",\"@id\":\"https:\/\/atten2.com\/#organization\",\"name\":\"Atten2 Advanced Monitoring Technologies\",\"url\":\"https:\/\/atten2.com\/\",\"logo\":{\"@type\":\"ImageObject\",\"inLanguage\":\"en-US\",\"@id\":\"https:\/\/atten2.com\/#\/schema\/logo\/image\/\",\"url\":\"https:\/\/atten2.com\/wp-content\/uploads\/2023\/05\/atten2.svg\",\"contentUrl\":\"https:\/\/atten2.com\/wp-content\/uploads\/2023\/05\/atten2.svg\",\"width\":\"1024\",\"height\":\"1024\",\"caption\":\"Atten2 Advanced Monitoring Technologies\"},\"image\":{\"@id\":\"https:\/\/atten2.com\/#\/schema\/logo\/image\/\"},\"sameAs\":[\"https:\/\/www.facebook.com\/atten2technologies\",\"https:\/\/twitter.com\/atten_2\",\"https:\/\/www.linkedin.com\/company\/atten2-advanced-monitoring-technologies\/\",\"https:\/\/www.youtube.com\/@atten2advancedmonitoringte884\/\"]}]}<\/script>\n<!-- \/ Yoast SEO plugin. -->","yoast_head_json":{"title":"Advanced technology for your [ core business ] &middot; Atten[2]","description":"[ Advanced ] solutions. Maintenance and condition of your critical assets to protect your core business.","robots":{"index":"index","follow":"follow","max-snippet":"max-snippet:-1","max-image-preview":"max-image-preview:large","max-video-preview":"max-video-preview:-1"},"canonical":"https:\/\/atten2.com\/en\/solutions\/","og_locale":"en_US","og_type":"article","og_title":"Advanced technology for your [ core business ] &middot; Atten[2]","og_description":"[ Advanced ] solutions. Maintenance and condition of your critical assets to protect your core business.","og_url":"https:\/\/atten2.com\/en\/solutions\/","og_site_name":"Atten[2]","article_publisher":"https:\/\/www.facebook.com\/atten2technologies","article_modified_time":"2024-10-31T10:36:49+00:00","og_image":[{"width":1550,"height":675,"url":"https:\/\/atten2.com\/wp-content\/uploads\/2023\/06\/sensores-1.jpg","type":"image\/jpeg"}],"twitter_card":"summary_large_image","twitter_site":"@atten_2","schema":{"@context":"https:\/\/schema.org","@graph":[{"@type":"WebPage","@id":"https:\/\/atten2.com\/en\/solutions\/","url":"https:\/\/atten2.com\/en\/solutions\/","name":"Advanced technology for your [ core business ] &middot; Atten[2]","isPartOf":{"@id":"https:\/\/atten2.com\/#website"},"datePublished":"2023-05-26T06:55:48+00:00","dateModified":"2024-10-31T10:36:49+00:00","description":"[ Advanced ] solutions. Maintenance and condition of your critical assets to protect your core business.","breadcrumb":{"@id":"https:\/\/atten2.com\/en\/solutions\/#breadcrumb"},"inLanguage":"en-US","potentialAction":[{"@type":"ReadAction","target":["https:\/\/atten2.com\/en\/solutions\/"]}]},{"@type":"BreadcrumbList","@id":"https:\/\/atten2.com\/en\/solutions\/#breadcrumb","itemListElement":[{"@type":"ListItem","position":1,"name":"Portada","item":"https:\/\/atten2.com\/en\/home1\/"},{"@type":"ListItem","position":2,"name":"Solutions"}]},{"@type":"WebSite","@id":"https:\/\/atten2.com\/#website","url":"https:\/\/atten2.com\/","name":"Atten[2] \u00b7 Advanced Monitoring Technologies","description":"Sensores \u00f3pticos para la monitorizaci\u00f3n de activos cr\u00edticos","publisher":{"@id":"https:\/\/atten2.com\/#organization"},"alternateName":"Atten2 Advanced Monitoring Technologies","potentialAction":[{"@type":"SearchAction","target":{"@type":"EntryPoint","urlTemplate":"https:\/\/atten2.com\/?s={search_term_string}"},"query-input":"required name=search_term_string"}],"inLanguage":"en-US"},{"@type":"Organization","@id":"https:\/\/atten2.com\/#organization","name":"Atten2 Advanced Monitoring Technologies","url":"https:\/\/atten2.com\/","logo":{"@type":"ImageObject","inLanguage":"en-US","@id":"https:\/\/atten2.com\/#\/schema\/logo\/image\/","url":"https:\/\/atten2.com\/wp-content\/uploads\/2023\/05\/atten2.svg","contentUrl":"https:\/\/atten2.com\/wp-content\/uploads\/2023\/05\/atten2.svg","width":"1024","height":"1024","caption":"Atten2 Advanced Monitoring Technologies"},"image":{"@id":"https:\/\/atten2.com\/#\/schema\/logo\/image\/"},"sameAs":["https:\/\/www.facebook.com\/atten2technologies","https:\/\/twitter.com\/atten_2","https:\/\/www.linkedin.com\/company\/atten2-advanced-monitoring-technologies\/","https:\/\/www.youtube.com\/@atten2advancedmonitoringte884\/"]}]}},"_links":{"self":[{"href":"https:\/\/atten2.com\/en\/wp-json\/wp\/v2\/pages\/1022","targetHints":{"allow":["GET"]}}],"collection":[{"href":"https:\/\/atten2.com\/en\/wp-json\/wp\/v2\/pages"}],"about":[{"href":"https:\/\/atten2.com\/en\/wp-json\/wp\/v2\/types\/page"}],"author":[{"embeddable":true,"href":"https:\/\/atten2.com\/en\/wp-json\/wp\/v2\/users\/1"}],"replies":[{"embeddable":true,"href":"https:\/\/atten2.com\/en\/wp-json\/wp\/v2\/comments?post=1022"}],"version-history":[{"count":19,"href":"https:\/\/atten2.com\/en\/wp-json\/wp\/v2\/pages\/1022\/revisions"}],"predecessor-version":[{"id":3881,"href":"https:\/\/atten2.com\/en\/wp-json\/wp\/v2\/pages\/1022\/revisions\/3881"}],"wp:attachment":[{"href":"https:\/\/atten2.com\/en\/wp-json\/wp\/v2\/media?parent=1022"}],"curies":[{"name":"wp","href":"https:\/\/api.w.org\/{rel}","templated":true}]}}