{"id":1024,"date":"2023-06-09T08:22:21","date_gmt":"2023-06-09T08:22:21","guid":{"rendered":"https:\/\/atten2.com\/?page_id=1024"},"modified":"2023-07-12T14:17:01","modified_gmt":"2023-07-12T14:17:01","slug":"integrated-solutions","status":"publish","type":"page","link":"https:\/\/atten2.com\/en\/optical-sensors\/integrated-solutions\/","title":{"rendered":"Integrated solutions"},"content":{"rendered":"<section class=\"l-section wpb_row us_custom_c1f40346 height_medium with_img\"><div class=\"l-section-img\" data-img-width=\"1550\" data-img-height=\"672\" style=\"background-image: url(https:\/\/atten2.com\/wp-content\/uploads\/2023\/06\/oilcms-1.jpg);background-position: bottom center;background-repeat: no-repeat;background-size: auto;\"><\/div><div class=\"l-section-h i-cf\"><div class=\"g-cols vc_row via_flex valign_middle type_default stacking_default\"><div class=\"vc_col-sm-12 wpb_column vc_column_container\"><div class=\"vc_column-inner\"><div class=\"wpb_wrapper\"><div class=\"w-separator size_large\"><\/div><div class=\"wpb_text_column azul\"><div class=\"wpb_wrapper\"><p style=\"margin-bottom: 0;\">Complement for [excellence]<\/p>\n<h1 class=\"azul\">Integrated<br \/>\nsolutions<\/h1>\n<\/div><\/div><\/div><\/div><\/div><\/div><\/div><\/section><section class=\"l-section wpb_row height_small\"><div class=\"l-section-h i-cf\"><div class=\"g-cols vc_row via_flex valign_top type_default stacking_default\"><div class=\"vc_col-sm-12 wpb_column vc_column_container\"><div class=\"vc_column-inner\"><div class=\"wpb_wrapper\"><ol class=\"g-breadcrumbs us_custom_4be77696 has_text_color separator_custom align_none\"><li class=\"g-breadcrumbs-item\"><a href=\"https:\/\/atten2.com\/en\/\">Home<\/a><meta content=\"1\"\/><\/li><li class=\"g-breadcrumbs-separator\">\/<\/li><li class=\"g-breadcrumbs-item\">Pages<\/li><\/ol><\/div><\/div><\/div><\/div><\/div><\/section><section class=\"l-section wpb_row height_medium\"><div class=\"l-section-h i-cf\"><div class=\"g-cols vc_row via_flex valign_top type_default stacking_default\"><div class=\"vc_col-sm-12 wpb_column vc_column_container\"><div class=\"vc_column-inner\"><div class=\"wpb_wrapper\"><div class=\"g-cols wpb_row us_custom_a518f36e us_animate_this via_flex valign_top type_default stacking_default\"><div class=\"vc_col-sm-6 wpb_column vc_column_container\"><div class=\"vc_column-inner\"><div class=\"wpb_wrapper\"><div class=\"wpb_text_column azul\"><div class=\"wpb_wrapper\"><p>See [ beyond ]<\/p>\n<\/div><\/div><div class=\"wpb_text_column\"><div class=\"wpb_wrapper\"><h2>A complete and also flexible and easy-to-install solution<\/h2>\n<\/div><\/div><\/div><\/div><\/div><div class=\"vc_col-sm-6 wpb_column vc_column_container\"><div class=\"vc_column-inner\"><div class=\"wpb_wrapper\"><\/div><\/div><\/div><\/div><div class=\"w-separator size_large\"><\/div><div class=\"g-cols wpb_row us_custom_a518f36e us_animate_this via_flex valign_top type_default stacking_default\"><div class=\"vc_col-sm-6 wpb_column vc_column_container\"><div class=\"vc_column-inner\"><div class=\"wpb_wrapper\"><\/div><\/div><\/div><div class=\"vc_col-sm-6 wpb_column vc_column_container\"><div class=\"vc_column-inner\"><div class=\"wpb_wrapper\"><div class=\"wpb_text_column\"><div class=\"wpb_wrapper\"><p>Our integrated solutions provide our customers with a complete and fulfilling experience, by combining cutting-edge technology, engineering services and technological solutions. This all makes installation easier, while our portable approach delivers flexibility for use in different locations.<\/p>\n<p>The integration of our advanced optical sensor-based technology allows precise measurement of fluid condition, providing valuable information as to machine wear and fluid degradation.<\/p>\n<p>Our primary goal is to add tangible value through such <span class=\"azul\">[ measurable benefits ]<\/span> as reduced operational risk, increased efficiency, and a longer useful life for critical assets.<\/p>\n<\/div><\/div><\/div><\/div><\/div><\/div><\/div><\/div><\/div><\/div><\/div><\/section><section class=\"l-section wpb_row us_custom_a518f36e us_animate_this height_medium\"><div class=\"l-section-h i-cf\"><div class=\"g-cols vc_row via_flex valign_top type_default stacking_default\"><div class=\"vc_col-sm-12 wpb_column vc_column_container\"><div class=\"vc_column-inner\"><div class=\"wpb_wrapper\"><div class=\"w-grid type_grid layout_1683 sensores-list cols_4 with_css_animation\" id=\"us_grid_1\"><style>#us_grid_1 .w-grid-item{padding:0.5rem}#us_grid_1 .w-grid-list{margin:-0.5rem}.w-grid + #us_grid_1 .w-grid-list,.w-grid-none + #us_grid_1 .w-grid-list{margin-top:0.5rem}@media (max-width:1280px){#us_grid_1 .w-grid-item{width:33.3333%}}@media (max-width:1024px){#us_grid_1 .w-grid-item{width:50%}}@media (max-width:600px){#us_grid_1 .w-grid-list{margin:0}#us_grid_1 .w-grid-item{width:100%;padding:0;margin-bottom:0.5rem}}.layout_1683 .w-grid-item-h{color:var(--color-content-primary);border-radius:0.5rem}.layout_1683 .usg_post_image_1{}.layout_1683 .w-grid-item-h:hover .usg_post_image_1{opacity:0;color:var(--color-header-middle-bg)!important}.layout_1683 .usg_post_title_1{}.layout_1683 .w-grid-item-h:hover .usg_post_title_1{color:var(--color-content-secondary)!important}.layout_1683 .usg_post_content_1{}.layout_1683 .w-grid-item-h:hover .usg_post_content_1{color:var(--color-header-middle-bg)!important}.layout_1683 .usg_vwrapper_2{}.layout_1683 .w-grid-item-h:hover .usg_vwrapper_2{color:#ffffff!important}.layout_1683 .usg_post_custom_field_1{transition-duration:0.3s;transform-origin:50% 50%;transform:scale(1) translate(0%,0%);opacity:0}.layout_1683 .w-grid-item-h:hover .usg_post_custom_field_1{transform:scale(1) translate(0%,0%);opacity:1}.layout_1683 .usg_text_2{transition-duration:0.3s;transform-origin:50% 50%;transform:scale(1) translate(0%,0%)}.layout_1683 .w-grid-item-h:hover .usg_text_2{transform:scale(1) translate(0%,0%);opacity:1;color:var(--color-content-secondary)!important}.layout_1683 .usg_post_title_1{color:var(--color-content-primary)!important}.layout_1683 .usg_post_content_1{color:#1a1a1a!important;text-align:center!important}.layout_1683 .usg_vwrapper_2{padding:1rem 1rem 4rem 1rem!important}.layout_1683 .usg_post_custom_field_1{position:absolute!important;left:0!important;top:0!important;right:0!important;z-index:10!important}.layout_1683 .usg_text_2{color:var(--color-content-primary)!important;text-align:center!important;position:absolute!important;left:0!important;bottom:1.5rem!important;right:0!important;z-index:11!important}.layout_1683 .usg_hwrapper_1{margin:1rem!important}<\/style><div class=\"w-grid-list\">\t<article class=\"w-grid-item us_animate_fade post-1067 us_portfolio type-us_portfolio status-publish has-post-thumbnail hentry\" data-id=\"1067\" style=\"animation-delay:0s\">\r\n\t\t<div class=\"w-grid-item-h\">\r\n\t\t\t\t\t\t\t<a class=\"w-grid-item-anchor\" href=\"https:\/\/atten2.com\/en\/sensor\/smk\/\" rel=\"bookmark\" aria-label=\"SMK\"><\/a>\r\n\t\t\t\t\t\t<div class=\"w-vwrapper usg_vwrapper_2 no-event\" style=\"--vwrapper-gap:1.5rem\"><div class=\"w-hwrapper usg_hwrapper_1\" style=\"--hwrapper-gap:0rem\"><div class=\"w-post-elm post_custom_field usg_post_custom_field_1 type_image us_tile_additional_image has_ratio\"><div style=\"padding-bottom:100%\"><\/div><img loading=\"lazy\" decoding=\"async\" width=\"300\" height=\"300\" src=\"https:\/\/atten2.com\/wp-content\/uploads\/2023\/06\/smk-2.svg\" class=\"attachment-medium size-medium\" alt=\"\" \/><\/div><div class=\"w-post-elm post_image usg_post_image_1 has_ratio\"><div style=\"padding-bottom:100%\"><\/div><img loading=\"lazy\" decoding=\"async\" width=\"300\" height=\"300\" src=\"https:\/\/atten2.com\/wp-content\/uploads\/2023\/06\/smk-1.svg\" class=\"attachment-medium size-medium wp-post-image\" alt=\"\" \/><\/div><\/div><h3 class=\"w-post-elm post_title usg_post_title_1 has_text_color align_center entry-title\">SMK<\/h3><\/div><div class=\"w-text usg_text_2 ver-mas-sensor has_text_color\"><span class=\"w-text-h\"><span class=\"w-text-value\">[ VIEW MORE ]<\/span><\/span><\/div>\t\t<\/div>\r\n\t<\/article>\r\n\t<article class=\"w-grid-item us_animate_fade post-1068 us_portfolio type-us_portfolio status-publish has-post-thumbnail hentry\" data-id=\"1068\" style=\"animation-delay:0.1s\">\r\n\t\t<div class=\"w-grid-item-h\">\r\n\t\t\t\t\t\t\t<a class=\"w-grid-item-anchor\" href=\"https:\/\/atten2.com\/en\/sensor\/rsmk\/\" rel=\"bookmark\" aria-label=\"RSMK\"><\/a>\r\n\t\t\t\t\t\t<div class=\"w-vwrapper usg_vwrapper_2 no-event\" style=\"--vwrapper-gap:1.5rem\"><div class=\"w-hwrapper usg_hwrapper_1\" style=\"--hwrapper-gap:0rem\"><div class=\"w-post-elm post_custom_field usg_post_custom_field_1 type_image us_tile_additional_image has_ratio\"><div style=\"padding-bottom:100%\"><\/div><img loading=\"lazy\" decoding=\"async\" width=\"300\" height=\"300\" src=\"https:\/\/atten2.com\/wp-content\/uploads\/2023\/06\/rsmk-2.svg\" class=\"attachment-medium size-medium\" alt=\"\" \/><\/div><div class=\"w-post-elm post_image usg_post_image_1 has_ratio\"><div style=\"padding-bottom:100%\"><\/div><img loading=\"lazy\" decoding=\"async\" width=\"300\" height=\"300\" src=\"https:\/\/atten2.com\/wp-content\/uploads\/2023\/06\/rsmk-2-300x300.jpg\" class=\"attachment-medium size-medium wp-post-image\" alt=\"\" srcset=\"https:\/\/atten2.com\/wp-content\/uploads\/2023\/06\/rsmk-2-300x300.jpg 300w, https:\/\/atten2.com\/wp-content\/uploads\/2023\/06\/rsmk-2-150x150.jpg 150w, https:\/\/atten2.com\/wp-content\/uploads\/2023\/06\/rsmk-2.jpg 450w\" sizes=\"auto, (max-width: 300px) 100vw, 300px\" \/><\/div><\/div><h3 class=\"w-post-elm post_title usg_post_title_1 has_text_color align_center entry-title\">RSMK<\/h3><\/div><div class=\"w-text usg_text_2 ver-mas-sensor has_text_color\"><span class=\"w-text-h\"><span class=\"w-text-value\">[ VIEW MORE ]<\/span><\/span><\/div>\t\t<\/div>\r\n\t<\/article>\r\n\t<article class=\"w-grid-item us_animate_fade post-1069 us_portfolio type-us_portfolio status-publish has-post-thumbnail hentry\" data-id=\"1069\" style=\"animation-delay:0.2s\">\r\n\t\t<div class=\"w-grid-item-h\">\r\n\t\t\t\t\t\t\t<a class=\"w-grid-item-anchor\" href=\"https:\/\/atten2.com\/en\/sensor\/oilcms\/\" rel=\"bookmark\" aria-label=\"OilCMS\"><\/a>\r\n\t\t\t\t\t\t<div class=\"w-vwrapper usg_vwrapper_2 no-event\" style=\"--vwrapper-gap:1.5rem\"><div class=\"w-hwrapper usg_hwrapper_1\" style=\"--hwrapper-gap:0rem\"><div class=\"w-post-elm post_custom_field usg_post_custom_field_1 type_image us_tile_additional_image has_ratio\"><div style=\"padding-bottom:100%\"><\/div><img loading=\"lazy\" decoding=\"async\" width=\"300\" height=\"300\" src=\"https:\/\/atten2.com\/wp-content\/uploads\/2023\/06\/sol-integ-2.svg\" class=\"attachment-medium size-medium\" alt=\"\" \/><\/div><div class=\"w-post-elm post_image usg_post_image_1 has_ratio\"><div style=\"padding-bottom:100%\"><\/div><img loading=\"lazy\" decoding=\"async\" width=\"300\" height=\"300\" src=\"https:\/\/atten2.com\/wp-content\/uploads\/2023\/06\/sol-integ-1.svg\" class=\"attachment-medium size-medium wp-post-image\" alt=\"\" \/><\/div><\/div><h3 class=\"w-post-elm post_title usg_post_title_1 has_text_color align_center entry-title\">OilCMS<\/h3><\/div><div class=\"w-text usg_text_2 ver-mas-sensor has_text_color\"><span class=\"w-text-h\"><span class=\"w-text-value\">[ VIEW MORE ]<\/span><\/span><\/div>\t\t<\/div>\r\n\t<\/article>\r\n<\/div><div class=\"w-grid-preloader\"><div class=\"g-preloader type_custom\">\r\n\t<div><img loading=\"lazy\" decoding=\"async\" width=\"300\" height=\"300\" src=\"https:\/\/atten2.com\/wp-content\/uploads\/2023\/05\/atten2-blanco.svg\" class=\"attachment-medium size-medium\" alt=\"\" \/><\/div>\r\n<\/div>\r\n<\/div>\t<div class=\"w-grid-json hidden\" onclick='return {&quot;action&quot;:&quot;us_ajax_grid&quot;,&quot;ajax_url&quot;:&quot;https:\\\/\\\/atten2.com\\\/wp-admin\\\/admin-ajax.php&quot;,&quot;infinite_scroll&quot;:0,&quot;max_num_pages&quot;:1,&quot;pagination&quot;:&quot;none&quot;,&quot;permalink_url&quot;:&quot;https:\\\/\\\/atten2.com\\\/en\\\/wp-json\\\/wp\\\/v2\\\/pages\\\/1024\\\/&quot;,&quot;template_vars&quot;:{&quot;columns&quot;:&quot;4&quot;,&quot;exclude_items&quot;:&quot;none&quot;,&quot;img_size&quot;:&quot;default&quot;,&quot;ignore_items_size&quot;:0,&quot;items_layout&quot;:&quot;1683&quot;,&quot;items_offset&quot;:&quot;1&quot;,&quot;load_animation&quot;:&quot;fade&quot;,&quot;overriding_link&quot;:&quot;post&quot;,&quot;post_id&quot;:0,&quot;query_args&quot;:{&quot;ignore_sticky_posts&quot;:1,&quot;post_type&quot;:&quot;any&quot;,&quot;post__in&quot;:[&quot;563&quot;,&quot;678&quot;,&quot;656&quot;],&quot;posts_per_page&quot;:&quot;4&quot;},&quot;orderby_query_args&quot;:{&quot;meta_query&quot;:{&quot;_orderby_custom_&quot;:{&quot;relation&quot;:&quot;OR&quot;,&quot;0&quot;:{&quot;compare&quot;:&quot;EXISTS&quot;,&quot;key&quot;:&quot;&quot;,&quot;type&quot;:&quot;CHAR&quot;},&quot;1&quot;:{&quot;compare&quot;:&quot;NOT EXISTS&quot;,&quot;key&quot;:&quot;&quot;,&quot;type&quot;:&quot;CHAR&quot;}}},&quot;orderby&quot;:&quot;&quot;,&quot;order&quot;:&quot;DESC&quot;},&quot;type&quot;:&quot;grid&quot;,&quot;us_grid_ajax_index&quot;:1,&quot;us_grid_filter_params&quot;:null,&quot;us_grid_index&quot;:1,&quot;_us_grid_post_type&quot;:&quot;ids&quot;,&quot;page_args&quot;:[],&quot;lang&quot;:&quot;en&quot;}}'><\/div>\r\n\t<\/div><\/div><\/div><\/div><\/div><\/div><\/section><section class=\"l-section wpb_row height_medium\"><div class=\"l-section-h i-cf\"><div class=\"g-cols vc_row via_flex valign_top type_default stacking_default\"><div class=\"vc_col-sm-12 wpb_column vc_column_container\"><div class=\"vc_column-inner\"><div class=\"wpb_wrapper\"><section class=\"l-section wpb_row us_custom_c282d3a7 soporte-tecnico height_medium with_img parallax_fixed\"><div class=\"l-section-img\" data-img-width=\"900\" data-img-height=\"709\" style=\"background-image: url(https:\/\/atten2.com\/wp-content\/uploads\/2023\/06\/oil-wear.png);background-position: top center;background-repeat: no-repeat;background-size: contain;\"><\/div><div class=\"l-section-h i-cf\"><div class=\"g-cols vc_row via_flex valign_top type_default stacking_default\"><div class=\"vc_col-sm-12 wpb_column vc_column_container\"><div class=\"vc_column-inner\"><div class=\"wpb_wrapper\"><div class=\"wpb_text_column\"><div class=\"wpb_wrapper\"><h5 class=\"azul-1\">Technical support<\/h5>\n<h2 class=\"blanco\">Would you like<br \/>\nus to set up<br \/>\nthe product for you?<\/h2>\n<\/div><\/div><div class=\"w-separator size_medium\"><\/div><div class=\"w-btn-wrapper align_none\"><a class=\"w-btn us-btn-style_4\" href=\"\/en\/about-us\/#contact\"><span class=\"w-btn-label\">[ CONTACT US ]<\/span><\/a><\/div><\/div><\/div><\/div><\/div><\/div><\/section>\n<\/div><\/div><\/div><\/div><\/div><\/section>\n","protected":false},"excerpt":{"rendered":"Portable [condition monitoring] OilCMS Home\/PagesPortable [condition monitoring] The portable, robust, real-time system that is revolutionising particle analysis in lubrication systems OilCMS OilCMS is an innovative and versatile solution using OilWear\u00ae optical technology. Using advanced digital imaging technology, it provides a detailed view of particles, offering ISO 4406 counts, differentiating them from bubbles and classifying them...","protected":false},"author":1,"featured_media":0,"parent":1023,"menu_order":0,"comment_status":"closed","ping_status":"closed","template":"","meta":{"content-type":"","footnotes":""},"class_list":["post-1024","page","type-page","status-publish","hentry"],"yoast_head":"<!-- This site is optimized with the Yoast SEO plugin v20.9 - https:\/\/yoast.com\/wordpress\/plugins\/seo\/ -->\n<title>Integrated solutions &middot; Atten[2]<\/title>\n<meta name=\"description\" content=\"Our integrated solutions provide our customers with a complete and fulfilling experience, by combining cutting-edge technology, engineering services and technological solutions\" \/>\n<meta name=\"robots\" content=\"index, follow, max-snippet:-1, max-image-preview:large, max-video-preview:-1\" \/>\n<link rel=\"canonical\" href=\"https:\/\/atten2.com\/en\/optical-sensors\/integrated-solutions\/\" \/>\n<meta property=\"og:locale\" content=\"en_US\" \/>\n<meta property=\"og:type\" content=\"article\" \/>\n<meta property=\"og:title\" content=\"Integrated solutions &middot; Atten[2]\" \/>\n<meta property=\"og:description\" content=\"Our integrated solutions provide our customers with a complete and fulfilling experience, by combining cutting-edge technology, engineering services and technological solutions\" \/>\n<meta property=\"og:url\" content=\"https:\/\/atten2.com\/en\/optical-sensors\/integrated-solutions\/\" \/>\n<meta property=\"og:site_name\" content=\"Atten[2]\" \/>\n<meta property=\"article:publisher\" content=\"https:\/\/www.facebook.com\/atten2technologies\" \/>\n<meta property=\"article:modified_time\" content=\"2023-07-12T14:17:01+00:00\" \/>\n<meta property=\"og:image\" content=\"https:\/\/atten2.com\/wp-content\/uploads\/2023\/06\/sensores-1.jpg\" \/>\n\t<meta property=\"og:image:width\" content=\"1550\" \/>\n\t<meta property=\"og:image:height\" content=\"675\" \/>\n\t<meta property=\"og:image:type\" content=\"image\/jpeg\" \/>\n<meta name=\"twitter:card\" content=\"summary_large_image\" \/>\n<meta name=\"twitter:site\" content=\"@atten_2\" \/>\n<script type=\"application\/ld+json\" class=\"yoast-schema-graph\">{\"@context\":\"https:\/\/schema.org\",\"@graph\":[{\"@type\":\"WebPage\",\"@id\":\"https:\/\/atten2.com\/en\/optical-sensors\/integrated-solutions\/\",\"url\":\"https:\/\/atten2.com\/en\/optical-sensors\/integrated-solutions\/\",\"name\":\"Integrated solutions &middot; Atten[2]\",\"isPartOf\":{\"@id\":\"https:\/\/atten2.com\/#website\"},\"datePublished\":\"2023-06-09T08:22:21+00:00\",\"dateModified\":\"2023-07-12T14:17:01+00:00\",\"description\":\"Our integrated solutions provide our customers with a complete and fulfilling experience, by combining cutting-edge technology, engineering services and technological solutions\",\"breadcrumb\":{\"@id\":\"https:\/\/atten2.com\/en\/optical-sensors\/integrated-solutions\/#breadcrumb\"},\"inLanguage\":\"en-US\",\"potentialAction\":[{\"@type\":\"ReadAction\",\"target\":[\"https:\/\/atten2.com\/en\/optical-sensors\/integrated-solutions\/\"]}]},{\"@type\":\"BreadcrumbList\",\"@id\":\"https:\/\/atten2.com\/en\/optical-sensors\/integrated-solutions\/#breadcrumb\",\"itemListElement\":[{\"@type\":\"ListItem\",\"position\":1,\"name\":\"Portada\",\"item\":\"https:\/\/atten2.com\/en\/home1\/\"},{\"@type\":\"ListItem\",\"position\":2,\"name\":\"Sensors\",\"item\":\"https:\/\/atten2.com\/en\/optical-sensors\/\"},{\"@type\":\"ListItem\",\"position\":3,\"name\":\"Integrated solutions\"}]},{\"@type\":\"WebSite\",\"@id\":\"https:\/\/atten2.com\/#website\",\"url\":\"https:\/\/atten2.com\/\",\"name\":\"Atten[2] \u00b7 Advanced Monitoring Technologies\",\"description\":\"Sensores \u00f3pticos para la monitorizaci\u00f3n de activos cr\u00edticos\",\"publisher\":{\"@id\":\"https:\/\/atten2.com\/#organization\"},\"alternateName\":\"Atten2 Advanced Monitoring Technologies\",\"potentialAction\":[{\"@type\":\"SearchAction\",\"target\":{\"@type\":\"EntryPoint\",\"urlTemplate\":\"https:\/\/atten2.com\/?s={search_term_string}\"},\"query-input\":\"required name=search_term_string\"}],\"inLanguage\":\"en-US\"},{\"@type\":\"Organization\",\"@id\":\"https:\/\/atten2.com\/#organization\",\"name\":\"Atten2 Advanced Monitoring Technologies\",\"url\":\"https:\/\/atten2.com\/\",\"logo\":{\"@type\":\"ImageObject\",\"inLanguage\":\"en-US\",\"@id\":\"https:\/\/atten2.com\/#\/schema\/logo\/image\/\",\"url\":\"https:\/\/atten2.com\/wp-content\/uploads\/2023\/05\/atten2.svg\",\"contentUrl\":\"https:\/\/atten2.com\/wp-content\/uploads\/2023\/05\/atten2.svg\",\"width\":\"1024\",\"height\":\"1024\",\"caption\":\"Atten2 Advanced Monitoring Technologies\"},\"image\":{\"@id\":\"https:\/\/atten2.com\/#\/schema\/logo\/image\/\"},\"sameAs\":[\"https:\/\/www.facebook.com\/atten2technologies\",\"https:\/\/twitter.com\/atten_2\",\"https:\/\/www.linkedin.com\/company\/atten2-advanced-monitoring-technologies\/\",\"https:\/\/www.youtube.com\/@atten2advancedmonitoringte884\/\"]}]}<\/script>\n<!-- \/ Yoast SEO plugin. -->","yoast_head_json":{"title":"Integrated solutions &middot; Atten[2]","description":"Our integrated solutions provide our customers with a complete and fulfilling experience, by combining cutting-edge technology, engineering services and technological solutions","robots":{"index":"index","follow":"follow","max-snippet":"max-snippet:-1","max-image-preview":"max-image-preview:large","max-video-preview":"max-video-preview:-1"},"canonical":"https:\/\/atten2.com\/en\/optical-sensors\/integrated-solutions\/","og_locale":"en_US","og_type":"article","og_title":"Integrated solutions &middot; Atten[2]","og_description":"Our integrated solutions provide our customers with a complete and fulfilling experience, by combining cutting-edge technology, engineering services and technological solutions","og_url":"https:\/\/atten2.com\/en\/optical-sensors\/integrated-solutions\/","og_site_name":"Atten[2]","article_publisher":"https:\/\/www.facebook.com\/atten2technologies","article_modified_time":"2023-07-12T14:17:01+00:00","og_image":[{"width":1550,"height":675,"url":"https:\/\/atten2.com\/wp-content\/uploads\/2023\/06\/sensores-1.jpg","type":"image\/jpeg"}],"twitter_card":"summary_large_image","twitter_site":"@atten_2","schema":{"@context":"https:\/\/schema.org","@graph":[{"@type":"WebPage","@id":"https:\/\/atten2.com\/en\/optical-sensors\/integrated-solutions\/","url":"https:\/\/atten2.com\/en\/optical-sensors\/integrated-solutions\/","name":"Integrated solutions &middot; Atten[2]","isPartOf":{"@id":"https:\/\/atten2.com\/#website"},"datePublished":"2023-06-09T08:22:21+00:00","dateModified":"2023-07-12T14:17:01+00:00","description":"Our integrated solutions provide our customers with a complete and fulfilling experience, by combining cutting-edge technology, engineering services and technological solutions","breadcrumb":{"@id":"https:\/\/atten2.com\/en\/optical-sensors\/integrated-solutions\/#breadcrumb"},"inLanguage":"en-US","potentialAction":[{"@type":"ReadAction","target":["https:\/\/atten2.com\/en\/optical-sensors\/integrated-solutions\/"]}]},{"@type":"BreadcrumbList","@id":"https:\/\/atten2.com\/en\/optical-sensors\/integrated-solutions\/#breadcrumb","itemListElement":[{"@type":"ListItem","position":1,"name":"Portada","item":"https:\/\/atten2.com\/en\/home1\/"},{"@type":"ListItem","position":2,"name":"Sensors","item":"https:\/\/atten2.com\/en\/optical-sensors\/"},{"@type":"ListItem","position":3,"name":"Integrated solutions"}]},{"@type":"WebSite","@id":"https:\/\/atten2.com\/#website","url":"https:\/\/atten2.com\/","name":"Atten[2] \u00b7 Advanced Monitoring Technologies","description":"Sensores \u00f3pticos para la monitorizaci\u00f3n de activos cr\u00edticos","publisher":{"@id":"https:\/\/atten2.com\/#organization"},"alternateName":"Atten2 Advanced Monitoring Technologies","potentialAction":[{"@type":"SearchAction","target":{"@type":"EntryPoint","urlTemplate":"https:\/\/atten2.com\/?s={search_term_string}"},"query-input":"required name=search_term_string"}],"inLanguage":"en-US"},{"@type":"Organization","@id":"https:\/\/atten2.com\/#organization","name":"Atten2 Advanced Monitoring Technologies","url":"https:\/\/atten2.com\/","logo":{"@type":"ImageObject","inLanguage":"en-US","@id":"https:\/\/atten2.com\/#\/schema\/logo\/image\/","url":"https:\/\/atten2.com\/wp-content\/uploads\/2023\/05\/atten2.svg","contentUrl":"https:\/\/atten2.com\/wp-content\/uploads\/2023\/05\/atten2.svg","width":"1024","height":"1024","caption":"Atten2 Advanced Monitoring Technologies"},"image":{"@id":"https:\/\/atten2.com\/#\/schema\/logo\/image\/"},"sameAs":["https:\/\/www.facebook.com\/atten2technologies","https:\/\/twitter.com\/atten_2","https:\/\/www.linkedin.com\/company\/atten2-advanced-monitoring-technologies\/","https:\/\/www.youtube.com\/@atten2advancedmonitoringte884\/"]}]}},"_links":{"self":[{"href":"https:\/\/atten2.com\/en\/wp-json\/wp\/v2\/pages\/1024","targetHints":{"allow":["GET"]}}],"collection":[{"href":"https:\/\/atten2.com\/en\/wp-json\/wp\/v2\/pages"}],"about":[{"href":"https:\/\/atten2.com\/en\/wp-json\/wp\/v2\/types\/page"}],"author":[{"embeddable":true,"href":"https:\/\/atten2.com\/en\/wp-json\/wp\/v2\/users\/1"}],"replies":[{"embeddable":true,"href":"https:\/\/atten2.com\/en\/wp-json\/wp\/v2\/comments?post=1024"}],"version-history":[{"count":11,"href":"https:\/\/atten2.com\/en\/wp-json\/wp\/v2\/pages\/1024\/revisions"}],"predecessor-version":[{"id":4008,"href":"https:\/\/atten2.com\/en\/wp-json\/wp\/v2\/pages\/1024\/revisions\/4008"}],"up":[{"embeddable":true,"href":"https:\/\/atten2.com\/en\/wp-json\/wp\/v2\/pages\/1023"}],"wp:attachment":[{"href":"https:\/\/atten2.com\/en\/wp-json\/wp\/v2\/media?parent=1024"}],"curies":[{"name":"wp","href":"https:\/\/api.w.org\/{rel}","templated":true}]}}