{"id":1026,"date":"2023-06-04T13:48:19","date_gmt":"2023-06-04T13:48:19","guid":{"rendered":"https:\/\/atten2.com\/?page_id=1026"},"modified":"2023-12-13T07:35:52","modified_gmt":"2023-12-13T07:35:52","slug":"renewable-energies","status":"publish","type":"page","link":"https:\/\/atten2.com\/en\/industries\/renewable-energies\/","title":{"rendered":"Renewable energies"},"content":{"rendered":"<section class=\"l-section wpb_row height_medium with_img\"><div class=\"l-section-img\" data-img-width=\"1550\" data-img-height=\"672\" style=\"background-image: url(https:\/\/atten2.com\/wp-content\/uploads\/2023\/06\/energias-renovables-1.jpg);background-position: top center;background-repeat: no-repeat;\"><\/div><div class=\"l-section-overlay\" style=\"background:linear-gradient(180deg,rgba(0,0,0,0.00),rgba(0,0,0,0.30))\"><\/div><div class=\"l-section-h i-cf\"><div class=\"g-cols vc_row via_flex valign_middle type_default stacking_default\"><div class=\"vc_col-sm-12 wpb_column vc_column_container\"><div class=\"vc_column-inner\"><div class=\"wpb_wrapper\"><div class=\"w-separator size_huge\"><\/div><div class=\"wpb_text_column us_custom_8b3d6790 has_text_color\"><div class=\"wpb_wrapper\"><h1><span style=\"color: #00ffff;\">[ Renewable ]<\/span><br \/>\nenergies<\/h1>\n<\/div><\/div><\/div><\/div><\/div><\/div><\/div><\/section><section class=\"l-section wpb_row height_small\"><div class=\"l-section-h i-cf\"><div class=\"g-cols vc_row via_flex valign_top type_default stacking_default\"><div class=\"vc_col-sm-12 wpb_column vc_column_container\"><div class=\"vc_column-inner\"><div class=\"wpb_wrapper\"><ol class=\"g-breadcrumbs us_custom_4be77696 has_text_color separator_custom align_none\"><li class=\"g-breadcrumbs-item\"><a href=\"https:\/\/atten2.com\/en\/\">Home<\/a><meta content=\"1\"\/><\/li><li class=\"g-breadcrumbs-separator\">\/<\/li><li class=\"g-breadcrumbs-item\">Pages<\/li><\/ol><\/div><\/div><\/div><\/div><\/div><\/section><section class=\"l-section wpb_row height_medium\"><div class=\"l-section-h i-cf\"><div class=\"g-cols vc_row via_flex valign_top type_default stacking_default\"><div class=\"vc_col-sm-12 wpb_column vc_column_container\"><div class=\"vc_column-inner\"><div class=\"wpb_wrapper\"><div class=\"g-cols wpb_row us_custom_a518f36e us_animate_this via_flex valign_top type_default stacking_default\"><div class=\"vc_col-sm-6 wpb_column vc_column_container\"><div class=\"vc_column-inner\"><div class=\"wpb_wrapper\"><\/div><\/div><\/div><div class=\"vc_col-sm-6 wpb_column vc_column_container\"><div class=\"vc_column-inner\"><div class=\"wpb_wrapper\"><div class=\"wpb_text_column azul\"><div class=\"wpb_wrapper\"><p>Increase in [life-cycle]<\/p>\n<\/div><\/div><div class=\"wpb_text_column\"><div class=\"wpb_wrapper\"><h2>Reduce interruption time by more than 50%, and extend the life-cycle of step-up gears by 20%<\/h2>\n<\/div><\/div><\/div><\/div><\/div><\/div><\/div><\/div><\/div><\/div><\/div><\/section><section class=\"l-section wpb_row us_custom_a518f36e us_animate_this height_medium\"><div class=\"l-section-h i-cf\"><div class=\"g-cols vc_row via_flex valign_top type_default stacking_default\"><div class=\"vc_col-sm-12 wpb_column vc_column_container\"><div class=\"vc_column-inner\"><div class=\"wpb_wrapper\"><div class=\"wpb_text_column us_custom_3a58a915\"><div class=\"wpb_wrapper\"><h2>Wind energy<\/h2>\n<\/div><\/div><div class=\"g-cols wpb_row us_custom_a518f36e us_animate_this via_flex valign_top type_default reversed stacking_default\"><div class=\"vc_col-sm-6 wpb_column vc_column_container\"><div class=\"vc_column-inner\"><div class=\"wpb_wrapper\"><div class=\"wpb_text_column\"><div class=\"wpb_wrapper\"><h6>Application<\/h6>\n<ul class=\"lista\">\n<li>Gearboxes.<\/li>\n<li>Bearings lubricated with lubricant oil.<\/li>\n<\/ul>\n<h6>Benefits<\/h6>\n<ul class=\"lista\">\n<li>Reduce the impact of unplanned failures on gearboxes<\/li>\n<li>Increase the useful life of the gearbox through customised lubrication strategies.<\/li>\n<li>Optimise the lubricant life-cycle without jeopardising lubrication system effectiveness.<\/li>\n<li>Optimise wind turbine operation by taking into account the impact on step-up gear condition.<\/li>\n<\/ul>\n<\/div><\/div><\/div><\/div><\/div><div class=\"vc_col-sm-6 wpb_column vc_column_container\"><div class=\"vc_column-inner\"><div class=\"wpb_wrapper\"><div class=\"w-image us_custom_ff58f711 align_none\"><div class=\"w-image-h\"><img loading=\"lazy\" decoding=\"async\" width=\"775\" height=\"470\" src=\"https:\/\/atten2.com\/wp-content\/uploads\/2023\/06\/energias-renovables-2.jpg\" class=\"attachment-large size-large\" alt=\"\" srcset=\"https:\/\/atten2.com\/wp-content\/uploads\/2023\/06\/energias-renovables-2.jpg 775w, https:\/\/atten2.com\/wp-content\/uploads\/2023\/06\/energias-renovables-2-300x182.jpg 300w\" sizes=\"auto, (max-width: 775px) 100vw, 775px\" \/><\/div><\/div><\/div><\/div><\/div><\/div><\/div><\/div><\/div><\/div><\/div><\/section><section class=\"l-section wpb_row us_custom_a518f36e us_animate_this height_medium\"><div class=\"l-section-h i-cf\"><div class=\"g-cols vc_row via_flex valign_top type_default stacking_default\"><div class=\"vc_col-sm-12 wpb_column vc_column_container\"><div class=\"vc_column-inner\"><div class=\"wpb_wrapper\"><div class=\"wpb_text_column us_custom_3a58a915\"><div class=\"wpb_wrapper\"><h2>Thermo solar<\/h2>\n<\/div><\/div><div class=\"g-cols wpb_row us_custom_a518f36e us_animate_this via_flex valign_top type_default stacking_default\"><div class=\"vc_col-sm-6 wpb_column vc_column_container\"><div class=\"vc_column-inner\"><div class=\"wpb_wrapper\"><div class=\"w-image us_custom_ff58f711 align_right\"><div class=\"w-image-h\"><img loading=\"lazy\" decoding=\"async\" width=\"775\" height=\"470\" src=\"https:\/\/atten2.com\/wp-content\/uploads\/2023\/06\/energias-renovables-3.jpg\" class=\"attachment-large size-large\" alt=\"\" srcset=\"https:\/\/atten2.com\/wp-content\/uploads\/2023\/06\/energias-renovables-3.jpg 775w, https:\/\/atten2.com\/wp-content\/uploads\/2023\/06\/energias-renovables-3-300x182.jpg 300w\" sizes=\"auto, (max-width: 775px) 100vw, 775px\" \/><\/div><\/div><\/div><\/div><\/div><div class=\"vc_col-sm-6 wpb_column vc_column_container\"><div class=\"vc_column-inner\"><div class=\"wpb_wrapper\"><div class=\"wpb_text_column\"><div class=\"wpb_wrapper\"><h6>Application<\/h6>\n<ul class=\"lista\">\n<li>Monitoring HTF condition.<br \/>\nSteam turbine.<\/li>\n<\/ul>\n<h6>Benefits<\/h6>\n<ul class=\"lista\">\n<li>Continuously monitor the useful life of the HTF.<\/li>\n<li>Monitor the condition of the steam turbine bearings.<\/li>\n<li>Monitor the risk of varnish formation on the turbine.<\/li>\n<li>Optimise the lubricant life-cycle without jeopardising lubrication system effectiveness.<\/li>\n<li>Latest renewable energy success stories.<\/li>\n<\/ul>\n<\/div><\/div><\/div><\/div><\/div><\/div><\/div><\/div><\/div><\/div><\/div><\/section>\n","protected":false},"excerpt":{"rendered":"[ Renewable ] energies Home\/PagesIncrease in [life-cycle] Reduce interruption time by more than 50%, and extend the life-cycle of step-up gears by 20% Wind energy Application Gearboxes. Bearings lubricated with lubricant oil. Benefits Reduce the impact of unplanned failures on gearboxes Increase the useful life of the gearbox through customised lubrication strategies. Optimise the lubricant...","protected":false},"author":1,"featured_media":0,"parent":1025,"menu_order":1,"comment_status":"closed","ping_status":"closed","template":"","meta":{"content-type":"","footnotes":""},"class_list":["post-1026","page","type-page","status-publish","hentry"],"yoast_head":"<!-- This site is optimized with the Yoast SEO plugin v20.9 - https:\/\/yoast.com\/wordpress\/plugins\/seo\/ -->\n<title>Renewable energies &middot; Atten[2]<\/title>\n<meta name=\"description\" content=\"Increase in [life-cycle]. Reduce interruption time by more than 50%, and extend the life-cycle of step-up gears by 20%.\" \/>\n<meta name=\"robots\" content=\"index, follow, max-snippet:-1, max-image-preview:large, max-video-preview:-1\" \/>\n<link rel=\"canonical\" href=\"https:\/\/atten2.com\/en\/industries\/renewable-energies\/\" \/>\n<meta property=\"og:locale\" content=\"en_US\" \/>\n<meta property=\"og:type\" content=\"article\" \/>\n<meta property=\"og:title\" content=\"Renewable energies &middot; Atten[2]\" \/>\n<meta property=\"og:description\" content=\"Increase in [life-cycle]. Reduce interruption time by more than 50%, and extend the life-cycle of step-up gears by 20%.\" \/>\n<meta property=\"og:url\" content=\"https:\/\/atten2.com\/en\/industries\/renewable-energies\/\" \/>\n<meta property=\"og:site_name\" content=\"Atten[2]\" \/>\n<meta property=\"article:publisher\" content=\"https:\/\/www.facebook.com\/atten2technologies\" \/>\n<meta property=\"article:modified_time\" content=\"2023-12-13T07:35:52+00:00\" \/>\n<meta property=\"og:image\" content=\"https:\/\/atten2.com\/wp-content\/uploads\/2023\/06\/sensores-1.jpg\" \/>\n\t<meta property=\"og:image:width\" content=\"1550\" \/>\n\t<meta property=\"og:image:height\" content=\"675\" \/>\n\t<meta property=\"og:image:type\" content=\"image\/jpeg\" \/>\n<meta name=\"twitter:card\" content=\"summary_large_image\" \/>\n<meta name=\"twitter:site\" content=\"@atten_2\" \/>\n<script type=\"application\/ld+json\" class=\"yoast-schema-graph\">{\"@context\":\"https:\/\/schema.org\",\"@graph\":[{\"@type\":\"WebPage\",\"@id\":\"https:\/\/atten2.com\/en\/industries\/renewable-energies\/\",\"url\":\"https:\/\/atten2.com\/en\/industries\/renewable-energies\/\",\"name\":\"Renewable energies &middot; Atten[2]\",\"isPartOf\":{\"@id\":\"https:\/\/atten2.com\/#website\"},\"datePublished\":\"2023-06-04T13:48:19+00:00\",\"dateModified\":\"2023-12-13T07:35:52+00:00\",\"description\":\"Increase in [life-cycle]. Reduce interruption time by more than 50%, and extend the life-cycle of step-up gears by 20%.\",\"breadcrumb\":{\"@id\":\"https:\/\/atten2.com\/en\/industries\/renewable-energies\/#breadcrumb\"},\"inLanguage\":\"en-US\",\"potentialAction\":[{\"@type\":\"ReadAction\",\"target\":[\"https:\/\/atten2.com\/en\/industries\/renewable-energies\/\"]}]},{\"@type\":\"BreadcrumbList\",\"@id\":\"https:\/\/atten2.com\/en\/industries\/renewable-energies\/#breadcrumb\",\"itemListElement\":[{\"@type\":\"ListItem\",\"position\":1,\"name\":\"Portada\",\"item\":\"https:\/\/atten2.com\/en\/home1\/\"},{\"@type\":\"ListItem\",\"position\":2,\"name\":\"Industries\",\"item\":\"https:\/\/atten2.com\/industrias\/\"},{\"@type\":\"ListItem\",\"position\":3,\"name\":\"Renewable energies\"}]},{\"@type\":\"WebSite\",\"@id\":\"https:\/\/atten2.com\/#website\",\"url\":\"https:\/\/atten2.com\/\",\"name\":\"Atten[2] \u00b7 Advanced Monitoring Technologies\",\"description\":\"Sensores \u00f3pticos para la monitorizaci\u00f3n de activos cr\u00edticos\",\"publisher\":{\"@id\":\"https:\/\/atten2.com\/#organization\"},\"alternateName\":\"Atten2 Advanced Monitoring Technologies\",\"potentialAction\":[{\"@type\":\"SearchAction\",\"target\":{\"@type\":\"EntryPoint\",\"urlTemplate\":\"https:\/\/atten2.com\/?s={search_term_string}\"},\"query-input\":\"required name=search_term_string\"}],\"inLanguage\":\"en-US\"},{\"@type\":\"Organization\",\"@id\":\"https:\/\/atten2.com\/#organization\",\"name\":\"Atten2 Advanced Monitoring Technologies\",\"url\":\"https:\/\/atten2.com\/\",\"logo\":{\"@type\":\"ImageObject\",\"inLanguage\":\"en-US\",\"@id\":\"https:\/\/atten2.com\/#\/schema\/logo\/image\/\",\"url\":\"https:\/\/atten2.com\/wp-content\/uploads\/2023\/05\/atten2.svg\",\"contentUrl\":\"https:\/\/atten2.com\/wp-content\/uploads\/2023\/05\/atten2.svg\",\"width\":\"1024\",\"height\":\"1024\",\"caption\":\"Atten2 Advanced Monitoring Technologies\"},\"image\":{\"@id\":\"https:\/\/atten2.com\/#\/schema\/logo\/image\/\"},\"sameAs\":[\"https:\/\/www.facebook.com\/atten2technologies\",\"https:\/\/twitter.com\/atten_2\",\"https:\/\/www.linkedin.com\/company\/atten2-advanced-monitoring-technologies\/\",\"https:\/\/www.youtube.com\/@atten2advancedmonitoringte884\/\"]}]}<\/script>\n<!-- \/ Yoast SEO plugin. -->","yoast_head_json":{"title":"Renewable energies &middot; Atten[2]","description":"Increase in [life-cycle]. Reduce interruption time by more than 50%, and extend the life-cycle of step-up gears by 20%.","robots":{"index":"index","follow":"follow","max-snippet":"max-snippet:-1","max-image-preview":"max-image-preview:large","max-video-preview":"max-video-preview:-1"},"canonical":"https:\/\/atten2.com\/en\/industries\/renewable-energies\/","og_locale":"en_US","og_type":"article","og_title":"Renewable energies &middot; Atten[2]","og_description":"Increase in [life-cycle]. Reduce interruption time by more than 50%, and extend the life-cycle of step-up gears by 20%.","og_url":"https:\/\/atten2.com\/en\/industries\/renewable-energies\/","og_site_name":"Atten[2]","article_publisher":"https:\/\/www.facebook.com\/atten2technologies","article_modified_time":"2023-12-13T07:35:52+00:00","og_image":[{"width":1550,"height":675,"url":"https:\/\/atten2.com\/wp-content\/uploads\/2023\/06\/sensores-1.jpg","type":"image\/jpeg"}],"twitter_card":"summary_large_image","twitter_site":"@atten_2","schema":{"@context":"https:\/\/schema.org","@graph":[{"@type":"WebPage","@id":"https:\/\/atten2.com\/en\/industries\/renewable-energies\/","url":"https:\/\/atten2.com\/en\/industries\/renewable-energies\/","name":"Renewable energies &middot; Atten[2]","isPartOf":{"@id":"https:\/\/atten2.com\/#website"},"datePublished":"2023-06-04T13:48:19+00:00","dateModified":"2023-12-13T07:35:52+00:00","description":"Increase in [life-cycle]. Reduce interruption time by more than 50%, and extend the life-cycle of step-up gears by 20%.","breadcrumb":{"@id":"https:\/\/atten2.com\/en\/industries\/renewable-energies\/#breadcrumb"},"inLanguage":"en-US","potentialAction":[{"@type":"ReadAction","target":["https:\/\/atten2.com\/en\/industries\/renewable-energies\/"]}]},{"@type":"BreadcrumbList","@id":"https:\/\/atten2.com\/en\/industries\/renewable-energies\/#breadcrumb","itemListElement":[{"@type":"ListItem","position":1,"name":"Portada","item":"https:\/\/atten2.com\/en\/home1\/"},{"@type":"ListItem","position":2,"name":"Industries","item":"https:\/\/atten2.com\/industrias\/"},{"@type":"ListItem","position":3,"name":"Renewable energies"}]},{"@type":"WebSite","@id":"https:\/\/atten2.com\/#website","url":"https:\/\/atten2.com\/","name":"Atten[2] \u00b7 Advanced Monitoring Technologies","description":"Sensores \u00f3pticos para la monitorizaci\u00f3n de activos cr\u00edticos","publisher":{"@id":"https:\/\/atten2.com\/#organization"},"alternateName":"Atten2 Advanced Monitoring Technologies","potentialAction":[{"@type":"SearchAction","target":{"@type":"EntryPoint","urlTemplate":"https:\/\/atten2.com\/?s={search_term_string}"},"query-input":"required name=search_term_string"}],"inLanguage":"en-US"},{"@type":"Organization","@id":"https:\/\/atten2.com\/#organization","name":"Atten2 Advanced Monitoring Technologies","url":"https:\/\/atten2.com\/","logo":{"@type":"ImageObject","inLanguage":"en-US","@id":"https:\/\/atten2.com\/#\/schema\/logo\/image\/","url":"https:\/\/atten2.com\/wp-content\/uploads\/2023\/05\/atten2.svg","contentUrl":"https:\/\/atten2.com\/wp-content\/uploads\/2023\/05\/atten2.svg","width":"1024","height":"1024","caption":"Atten2 Advanced Monitoring Technologies"},"image":{"@id":"https:\/\/atten2.com\/#\/schema\/logo\/image\/"},"sameAs":["https:\/\/www.facebook.com\/atten2technologies","https:\/\/twitter.com\/atten_2","https:\/\/www.linkedin.com\/company\/atten2-advanced-monitoring-technologies\/","https:\/\/www.youtube.com\/@atten2advancedmonitoringte884\/"]}]}},"_links":{"self":[{"href":"https:\/\/atten2.com\/en\/wp-json\/wp\/v2\/pages\/1026","targetHints":{"allow":["GET"]}}],"collection":[{"href":"https:\/\/atten2.com\/en\/wp-json\/wp\/v2\/pages"}],"about":[{"href":"https:\/\/atten2.com\/en\/wp-json\/wp\/v2\/types\/page"}],"author":[{"embeddable":true,"href":"https:\/\/atten2.com\/en\/wp-json\/wp\/v2\/users\/1"}],"replies":[{"embeddable":true,"href":"https:\/\/atten2.com\/en\/wp-json\/wp\/v2\/comments?post=1026"}],"version-history":[{"count":9,"href":"https:\/\/atten2.com\/en\/wp-json\/wp\/v2\/pages\/1026\/revisions"}],"predecessor-version":[{"id":3272,"href":"https:\/\/atten2.com\/en\/wp-json\/wp\/v2\/pages\/1026\/revisions\/3272"}],"up":[{"embeddable":true,"href":"https:\/\/atten2.com\/en\/wp-json\/wp\/v2\/pages\/1025"}],"wp:attachment":[{"href":"https:\/\/atten2.com\/en\/wp-json\/wp\/v2\/media?parent=1026"}],"curies":[{"name":"wp","href":"https:\/\/api.w.org\/{rel}","templated":true}]}}