{"id":1027,"date":"2023-06-05T08:27:23","date_gmt":"2023-06-05T08:27:23","guid":{"rendered":"https:\/\/atten2.com\/?page_id=1027"},"modified":"2024-07-18T16:49:14","modified_gmt":"2024-07-18T16:49:14","slug":"conventional-energies","status":"publish","type":"page","link":"https:\/\/atten2.com\/en\/industries\/conventional-energies\/","title":{"rendered":"Conventional energies"},"content":{"rendered":"<section class=\"l-section wpb_row height_medium with_img\"><div class=\"l-section-img\" data-img-width=\"1550\" data-img-height=\"672\" style=\"background-image: url(https:\/\/atten2.com\/wp-content\/uploads\/2024\/07\/energias-convencionales-1.jpg);background-position: top center;background-repeat: no-repeat;\"><\/div><div class=\"l-section-overlay\" style=\"background:linear-gradient(180deg,rgba(0,0,0,0.00),rgba(0,0,0,0.40))\"><\/div><div class=\"l-section-h i-cf\"><div class=\"g-cols vc_row via_flex valign_middle type_default stacking_default\"><div class=\"vc_col-sm-12 wpb_column vc_column_container\"><div class=\"vc_column-inner\"><div class=\"wpb_wrapper\"><div class=\"w-separator size_huge\"><\/div><div class=\"wpb_text_column us_custom_8b3d6790 has_text_color\"><div class=\"wpb_wrapper\"><h1><span style=\"color: #00ffff;\">[ Conventional]<\/span><br \/>\nenergies<\/h1>\n<\/div><\/div><\/div><\/div><\/div><\/div><\/div><\/section><section class=\"l-section wpb_row height_small\"><div class=\"l-section-h i-cf\"><div class=\"g-cols vc_row via_flex valign_top type_default stacking_default\"><div class=\"vc_col-sm-12 wpb_column vc_column_container\"><div class=\"vc_column-inner\"><div class=\"wpb_wrapper\"><ol class=\"g-breadcrumbs us_custom_4be77696 has_text_color separator_custom align_none\"><li class=\"g-breadcrumbs-item\"><a href=\"https:\/\/atten2.com\/en\/\">Home<\/a><meta content=\"1\"\/><\/li><li class=\"g-breadcrumbs-separator\">\/<\/li><li class=\"g-breadcrumbs-item\">Pages<\/li><\/ol><\/div><\/div><\/div><\/div><\/div><\/section><section class=\"l-section wpb_row height_medium\"><div class=\"l-section-h i-cf\"><div class=\"g-cols vc_row via_flex valign_top type_default stacking_default\"><div class=\"vc_col-sm-12 wpb_column vc_column_container\"><div class=\"vc_column-inner\"><div class=\"wpb_wrapper\"><div class=\"g-cols wpb_row us_custom_a518f36e us_animate_this via_flex valign_top type_default stacking_default\"><div class=\"vc_col-sm-6 wpb_column vc_column_container\"><div class=\"vc_column-inner\"><div class=\"wpb_wrapper\"><\/div><\/div><\/div><div class=\"vc_col-sm-6 wpb_column vc_column_container\"><div class=\"vc_column-inner\"><div class=\"wpb_wrapper\"><div class=\"wpb_text_column azul\"><div class=\"wpb_wrapper\"><p>[ Optimal ] state<\/p>\n<\/div><\/div><div class=\"wpb_text_column\"><div class=\"wpb_wrapper\"><h2>Track the pattern of wear to ensure the lubricant is in optimal state at all times.<\/h2>\n<\/div><\/div><\/div><\/div><\/div><\/div><\/div><\/div><\/div><\/div><\/div><\/section><section class=\"l-section wpb_row us_custom_a518f36e us_animate_this height_medium\"><div class=\"l-section-h i-cf\"><div class=\"g-cols vc_row via_flex valign_top type_default stacking_default\"><div class=\"vc_col-sm-12 wpb_column vc_column_container\"><div class=\"vc_column-inner\"><div class=\"wpb_wrapper\"><div class=\"wpb_text_column us_custom_3a58a915\"><div class=\"wpb_wrapper\"><h2>Gas engines<\/h2>\n<\/div><\/div><div class=\"g-cols wpb_row us_custom_a518f36e us_animate_this via_flex valign_top type_default reversed stacking_default\"><div class=\"vc_col-sm-6 wpb_column vc_column_container\"><div class=\"vc_column-inner\"><div class=\"wpb_wrapper\"><div class=\"wpb_text_column\"><div class=\"wpb_wrapper\"><h6>Benefits<\/h6>\n<ul class=\"lista\">\n<li>Keep track of the level of oil degradation.<\/li>\n<li>Measure the relationship between lubricant degradation and gas quality, combining the engine&#8217;s hours in operation and the level of contaminants in the oil.<\/li>\n<li>Measure patterns of wear in the main engine components.<\/li>\n<li>Measure engine performance and mechanical tension during transitory conditions.<\/li>\n<li>This solution can be linked to measurements based on NIR technology (TBN, TAN, soot, insoluble content) to give a complete<\/li>\n<li>overview of engine state and oil quality.<\/li>\n<\/ul>\n<\/div><\/div><\/div><\/div><\/div><div class=\"vc_col-sm-6 wpb_column vc_column_container\"><div class=\"vc_column-inner\"><div class=\"wpb_wrapper\"><div class=\"w-image us_custom_ff58f711 align_none\"><div class=\"w-image-h\"><img loading=\"lazy\" decoding=\"async\" width=\"775\" height=\"470\" src=\"https:\/\/atten2.com\/wp-content\/uploads\/2024\/07\/Redimension-fotos-web-5.png\" class=\"attachment-large size-large\" alt=\"\" srcset=\"https:\/\/atten2.com\/wp-content\/uploads\/2024\/07\/Redimension-fotos-web-5.png 775w, https:\/\/atten2.com\/wp-content\/uploads\/2024\/07\/Redimension-fotos-web-5-300x182.png 300w\" sizes=\"auto, (max-width: 775px) 100vw, 775px\" \/><\/div><\/div><\/div><\/div><\/div><\/div><\/div><\/div><\/div><\/div><\/div><\/section><section class=\"l-section wpb_row us_custom_a518f36e us_animate_this height_medium\"><div class=\"l-section-h i-cf\"><div class=\"g-cols vc_row via_flex valign_top type_default stacking_default\"><div class=\"vc_col-sm-12 wpb_column vc_column_container\"><div class=\"vc_column-inner\"><div class=\"wpb_wrapper\"><div class=\"wpb_text_column us_custom_3a58a915\"><div class=\"wpb_wrapper\"><h2>Gas turbines<\/h2>\n<\/div><\/div><div class=\"g-cols wpb_row us_custom_a518f36e us_animate_this via_flex valign_top type_default stacking_default\"><div class=\"vc_col-sm-6 wpb_column vc_column_container\"><div class=\"vc_column-inner\"><div class=\"wpb_wrapper\"><div class=\"w-image us_custom_ff58f711 align_right\"><div class=\"w-image-h\"><img loading=\"lazy\" decoding=\"async\" width=\"775\" height=\"470\" src=\"https:\/\/atten2.com\/wp-content\/uploads\/2024\/07\/Redimension-fotos-web-4.png\" class=\"attachment-large size-large\" alt=\"\" srcset=\"https:\/\/atten2.com\/wp-content\/uploads\/2024\/07\/Redimension-fotos-web-4.png 775w, https:\/\/atten2.com\/wp-content\/uploads\/2024\/07\/Redimension-fotos-web-4-300x182.png 300w\" sizes=\"auto, (max-width: 775px) 100vw, 775px\" \/><\/div><\/div><\/div><\/div><\/div><div class=\"vc_col-sm-6 wpb_column vc_column_container\"><div class=\"vc_column-inner\"><div class=\"wpb_wrapper\"><div class=\"wpb_text_column\"><div class=\"wpb_wrapper\"><h6>Benefits<\/h6>\n<ul class=\"lista\">\n<li>Monitor information on patterns of wear in turbine bearings.<\/li>\n<li>Provide control of the risk of varnish formation.<\/li>\n<li>Provide control over the useful life of generator bearings.<\/li>\n<li>Control new lubricant quality before it is supplied to the turbine.<\/li>\n<li>Comprehensively control the lubricant life-cycle and optimise changes without compromising lubrication system effectiveness.<\/li>\n<\/ul>\n<\/div><\/div><\/div><\/div><\/div><\/div><\/div><\/div><\/div><\/div><\/div><\/section><section class=\"l-section wpb_row us_custom_a518f36e us_animate_this height_medium\"><div class=\"l-section-h i-cf\"><div class=\"g-cols vc_row via_flex valign_top type_default stacking_default\"><div class=\"vc_col-sm-12 wpb_column vc_column_container\"><div class=\"vc_column-inner\"><div class=\"wpb_wrapper\"><div class=\"wpb_text_column us_custom_3a58a915\"><div class=\"wpb_wrapper\"><h2>Steam turbines<\/h2>\n<\/div><\/div><div class=\"g-cols wpb_row us_custom_a518f36e us_animate_this via_flex valign_top type_default reversed stacking_default\"><div class=\"vc_col-sm-6 wpb_column vc_column_container\"><div class=\"vc_column-inner\"><div class=\"wpb_wrapper\"><div class=\"wpb_text_column\"><div class=\"wpb_wrapper\"><h6>Benefits<\/h6>\n<ul class=\"lista\">\n<li>Monitor information on patterns of wear in turbine bearings.<\/li>\n<li>Allow measurement of lubricant contamination by water content.<\/li>\n<li>Control new lubricant quality before it is supplied to the turbine.<\/li>\n<li>Comprehensively control the lubricant life-cycle and optimise changes without compromising lubrication system effectiveness.<\/li>\n<\/ul>\n<\/div><\/div><\/div><\/div><\/div><div class=\"vc_col-sm-6 wpb_column vc_column_container\"><div class=\"vc_column-inner\"><div class=\"wpb_wrapper\"><div class=\"w-image us_custom_ff58f711 align_none\"><div class=\"w-image-h\"><img loading=\"lazy\" decoding=\"async\" width=\"775\" height=\"470\" src=\"https:\/\/atten2.com\/wp-content\/uploads\/2024\/07\/Redimension-fotos-web-2.png\" class=\"attachment-large size-large\" alt=\"\" srcset=\"https:\/\/atten2.com\/wp-content\/uploads\/2024\/07\/Redimension-fotos-web-2.png 775w, https:\/\/atten2.com\/wp-content\/uploads\/2024\/07\/Redimension-fotos-web-2-300x182.png 300w\" sizes=\"auto, (max-width: 775px) 100vw, 775px\" \/><\/div><\/div><\/div><\/div><\/div><\/div><\/div><\/div><\/div><\/div><\/div><\/section><section class=\"l-section wpb_row us_custom_a518f36e us_animate_this height_medium\"><div class=\"l-section-h i-cf\"><div class=\"g-cols vc_row via_flex valign_top type_default stacking_default\"><div class=\"vc_col-sm-12 wpb_column vc_column_container\"><div class=\"vc_column-inner\"><div class=\"wpb_wrapper\"><div class=\"wpb_text_column us_custom_3a58a915\"><div class=\"wpb_wrapper\"><h2>Hydraulic turbines<\/h2>\n<\/div><\/div><div class=\"g-cols wpb_row us_custom_a518f36e us_animate_this via_flex valign_top type_default stacking_default\"><div class=\"vc_col-sm-6 wpb_column vc_column_container\"><div class=\"vc_column-inner\"><div class=\"wpb_wrapper\"><div class=\"w-image us_custom_ff58f711 align_right\"><div class=\"w-image-h\"><img loading=\"lazy\" decoding=\"async\" width=\"775\" height=\"470\" src=\"https:\/\/atten2.com\/wp-content\/uploads\/2023\/06\/energias-convencionales-5.jpg\" class=\"attachment-large size-large\" alt=\"\" srcset=\"https:\/\/atten2.com\/wp-content\/uploads\/2023\/06\/energias-convencionales-5.jpg 775w, https:\/\/atten2.com\/wp-content\/uploads\/2023\/06\/energias-convencionales-5-300x182.jpg 300w\" sizes=\"auto, (max-width: 775px) 100vw, 775px\" \/><\/div><\/div><\/div><\/div><\/div><div class=\"vc_col-sm-6 wpb_column vc_column_container\"><div class=\"vc_column-inner\"><div class=\"wpb_wrapper\"><div class=\"wpb_text_column\"><div class=\"wpb_wrapper\"><h6>Benefits<\/h6>\n<ul class=\"lista\">\n<li>Monitor information on patterns of wear in turbine bearings<\/li>\n<li>Provide control of the risk of varnish formation<\/li>\n<li>Provide control over the useful life of generator bearings<\/li>\n<li>Control new lubricant quality before it is supplied to the turbine<\/li>\n<li>Comprehensively control the lubricant life-cycle and optimise changes without compromising lubrication system effectiveness.<\/li>\n<\/ul>\n<\/div><\/div><\/div><\/div><\/div><\/div><\/div><\/div><\/div><\/div><\/div><\/section>\n","protected":false},"excerpt":{"rendered":"[ Conventional] energies Home\/Pages[ Optimal ] state Track the pattern of wear to ensure the lubricant is in optimal state at all times. Gas engines Benefits Keep track of the level of oil degradation. Measure the relationship between lubricant degradation and gas quality, combining the engine&#8217;s hours in operation and the level of contaminants in...","protected":false},"author":1,"featured_media":0,"parent":1025,"menu_order":2,"comment_status":"closed","ping_status":"closed","template":"","meta":{"content-type":"","footnotes":""},"class_list":["post-1027","page","type-page","status-publish","hentry"],"yoast_head":"<!-- This site is optimized with the Yoast SEO plugin v20.9 - https:\/\/yoast.com\/wordpress\/plugins\/seo\/ -->\n<title>Conventional energies &middot; Atten[2]<\/title>\n<meta name=\"description\" content=\"[ Optimal ] state. Track the pattern of wear to ensure the lubricant is in optimal state at all times.\" \/>\n<meta name=\"robots\" content=\"index, follow, max-snippet:-1, max-image-preview:large, max-video-preview:-1\" \/>\n<link rel=\"canonical\" href=\"https:\/\/atten2.com\/en\/industries\/conventional-energies\/\" \/>\n<meta property=\"og:locale\" content=\"en_US\" \/>\n<meta property=\"og:type\" content=\"article\" \/>\n<meta property=\"og:title\" content=\"Conventional energies &middot; Atten[2]\" \/>\n<meta property=\"og:description\" content=\"[ Optimal ] state. Track the pattern of wear to ensure the lubricant is in optimal state at all times.\" \/>\n<meta property=\"og:url\" content=\"https:\/\/atten2.com\/en\/industries\/conventional-energies\/\" \/>\n<meta property=\"og:site_name\" content=\"Atten[2]\" \/>\n<meta property=\"article:publisher\" content=\"https:\/\/www.facebook.com\/atten2technologies\" \/>\n<meta property=\"article:modified_time\" content=\"2024-07-18T16:49:14+00:00\" \/>\n<meta property=\"og:image\" content=\"https:\/\/atten2.com\/wp-content\/uploads\/2023\/06\/sensores-1.jpg\" \/>\n\t<meta property=\"og:image:width\" content=\"1550\" \/>\n\t<meta property=\"og:image:height\" content=\"675\" \/>\n\t<meta property=\"og:image:type\" content=\"image\/jpeg\" \/>\n<meta name=\"twitter:card\" content=\"summary_large_image\" \/>\n<meta name=\"twitter:site\" content=\"@atten_2\" \/>\n<script type=\"application\/ld+json\" class=\"yoast-schema-graph\">{\"@context\":\"https:\/\/schema.org\",\"@graph\":[{\"@type\":\"WebPage\",\"@id\":\"https:\/\/atten2.com\/en\/industries\/conventional-energies\/\",\"url\":\"https:\/\/atten2.com\/en\/industries\/conventional-energies\/\",\"name\":\"Conventional energies &middot; Atten[2]\",\"isPartOf\":{\"@id\":\"https:\/\/atten2.com\/#website\"},\"datePublished\":\"2023-06-05T08:27:23+00:00\",\"dateModified\":\"2024-07-18T16:49:14+00:00\",\"description\":\"[ Optimal ] state. Track the pattern of wear to ensure the lubricant is in optimal state at all times.\",\"breadcrumb\":{\"@id\":\"https:\/\/atten2.com\/en\/industries\/conventional-energies\/#breadcrumb\"},\"inLanguage\":\"en-US\",\"potentialAction\":[{\"@type\":\"ReadAction\",\"target\":[\"https:\/\/atten2.com\/en\/industries\/conventional-energies\/\"]}]},{\"@type\":\"BreadcrumbList\",\"@id\":\"https:\/\/atten2.com\/en\/industries\/conventional-energies\/#breadcrumb\",\"itemListElement\":[{\"@type\":\"ListItem\",\"position\":1,\"name\":\"Portada\",\"item\":\"https:\/\/atten2.com\/en\/home1\/\"},{\"@type\":\"ListItem\",\"position\":2,\"name\":\"Industries\",\"item\":\"https:\/\/atten2.com\/industrias\/\"},{\"@type\":\"ListItem\",\"position\":3,\"name\":\"Conventional energies\"}]},{\"@type\":\"WebSite\",\"@id\":\"https:\/\/atten2.com\/#website\",\"url\":\"https:\/\/atten2.com\/\",\"name\":\"Atten[2] \u00b7 Advanced Monitoring Technologies\",\"description\":\"Sensores \u00f3pticos para la monitorizaci\u00f3n de activos cr\u00edticos\",\"publisher\":{\"@id\":\"https:\/\/atten2.com\/#organization\"},\"alternateName\":\"Atten2 Advanced Monitoring Technologies\",\"potentialAction\":[{\"@type\":\"SearchAction\",\"target\":{\"@type\":\"EntryPoint\",\"urlTemplate\":\"https:\/\/atten2.com\/?s={search_term_string}\"},\"query-input\":\"required name=search_term_string\"}],\"inLanguage\":\"en-US\"},{\"@type\":\"Organization\",\"@id\":\"https:\/\/atten2.com\/#organization\",\"name\":\"Atten2 Advanced Monitoring Technologies\",\"url\":\"https:\/\/atten2.com\/\",\"logo\":{\"@type\":\"ImageObject\",\"inLanguage\":\"en-US\",\"@id\":\"https:\/\/atten2.com\/#\/schema\/logo\/image\/\",\"url\":\"https:\/\/atten2.com\/wp-content\/uploads\/2023\/05\/atten2.svg\",\"contentUrl\":\"https:\/\/atten2.com\/wp-content\/uploads\/2023\/05\/atten2.svg\",\"width\":\"1024\",\"height\":\"1024\",\"caption\":\"Atten2 Advanced Monitoring Technologies\"},\"image\":{\"@id\":\"https:\/\/atten2.com\/#\/schema\/logo\/image\/\"},\"sameAs\":[\"https:\/\/www.facebook.com\/atten2technologies\",\"https:\/\/twitter.com\/atten_2\",\"https:\/\/www.linkedin.com\/company\/atten2-advanced-monitoring-technologies\/\",\"https:\/\/www.youtube.com\/@atten2advancedmonitoringte884\/\"]}]}<\/script>\n<!-- \/ Yoast SEO plugin. -->","yoast_head_json":{"title":"Conventional energies &middot; Atten[2]","description":"[ Optimal ] state. Track the pattern of wear to ensure the lubricant is in optimal state at all times.","robots":{"index":"index","follow":"follow","max-snippet":"max-snippet:-1","max-image-preview":"max-image-preview:large","max-video-preview":"max-video-preview:-1"},"canonical":"https:\/\/atten2.com\/en\/industries\/conventional-energies\/","og_locale":"en_US","og_type":"article","og_title":"Conventional energies &middot; Atten[2]","og_description":"[ Optimal ] state. Track the pattern of wear to ensure the lubricant is in optimal state at all times.","og_url":"https:\/\/atten2.com\/en\/industries\/conventional-energies\/","og_site_name":"Atten[2]","article_publisher":"https:\/\/www.facebook.com\/atten2technologies","article_modified_time":"2024-07-18T16:49:14+00:00","og_image":[{"width":1550,"height":675,"url":"https:\/\/atten2.com\/wp-content\/uploads\/2023\/06\/sensores-1.jpg","type":"image\/jpeg"}],"twitter_card":"summary_large_image","twitter_site":"@atten_2","schema":{"@context":"https:\/\/schema.org","@graph":[{"@type":"WebPage","@id":"https:\/\/atten2.com\/en\/industries\/conventional-energies\/","url":"https:\/\/atten2.com\/en\/industries\/conventional-energies\/","name":"Conventional energies &middot; Atten[2]","isPartOf":{"@id":"https:\/\/atten2.com\/#website"},"datePublished":"2023-06-05T08:27:23+00:00","dateModified":"2024-07-18T16:49:14+00:00","description":"[ Optimal ] state. Track the pattern of wear to ensure the lubricant is in optimal state at all times.","breadcrumb":{"@id":"https:\/\/atten2.com\/en\/industries\/conventional-energies\/#breadcrumb"},"inLanguage":"en-US","potentialAction":[{"@type":"ReadAction","target":["https:\/\/atten2.com\/en\/industries\/conventional-energies\/"]}]},{"@type":"BreadcrumbList","@id":"https:\/\/atten2.com\/en\/industries\/conventional-energies\/#breadcrumb","itemListElement":[{"@type":"ListItem","position":1,"name":"Portada","item":"https:\/\/atten2.com\/en\/home1\/"},{"@type":"ListItem","position":2,"name":"Industries","item":"https:\/\/atten2.com\/industrias\/"},{"@type":"ListItem","position":3,"name":"Conventional energies"}]},{"@type":"WebSite","@id":"https:\/\/atten2.com\/#website","url":"https:\/\/atten2.com\/","name":"Atten[2] \u00b7 Advanced Monitoring Technologies","description":"Sensores \u00f3pticos para la monitorizaci\u00f3n de activos cr\u00edticos","publisher":{"@id":"https:\/\/atten2.com\/#organization"},"alternateName":"Atten2 Advanced Monitoring Technologies","potentialAction":[{"@type":"SearchAction","target":{"@type":"EntryPoint","urlTemplate":"https:\/\/atten2.com\/?s={search_term_string}"},"query-input":"required name=search_term_string"}],"inLanguage":"en-US"},{"@type":"Organization","@id":"https:\/\/atten2.com\/#organization","name":"Atten2 Advanced Monitoring Technologies","url":"https:\/\/atten2.com\/","logo":{"@type":"ImageObject","inLanguage":"en-US","@id":"https:\/\/atten2.com\/#\/schema\/logo\/image\/","url":"https:\/\/atten2.com\/wp-content\/uploads\/2023\/05\/atten2.svg","contentUrl":"https:\/\/atten2.com\/wp-content\/uploads\/2023\/05\/atten2.svg","width":"1024","height":"1024","caption":"Atten2 Advanced Monitoring Technologies"},"image":{"@id":"https:\/\/atten2.com\/#\/schema\/logo\/image\/"},"sameAs":["https:\/\/www.facebook.com\/atten2technologies","https:\/\/twitter.com\/atten_2","https:\/\/www.linkedin.com\/company\/atten2-advanced-monitoring-technologies\/","https:\/\/www.youtube.com\/@atten2advancedmonitoringte884\/"]}]}},"_links":{"self":[{"href":"https:\/\/atten2.com\/en\/wp-json\/wp\/v2\/pages\/1027","targetHints":{"allow":["GET"]}}],"collection":[{"href":"https:\/\/atten2.com\/en\/wp-json\/wp\/v2\/pages"}],"about":[{"href":"https:\/\/atten2.com\/en\/wp-json\/wp\/v2\/types\/page"}],"author":[{"embeddable":true,"href":"https:\/\/atten2.com\/en\/wp-json\/wp\/v2\/users\/1"}],"replies":[{"embeddable":true,"href":"https:\/\/atten2.com\/en\/wp-json\/wp\/v2\/comments?post=1027"}],"version-history":[{"count":12,"href":"https:\/\/atten2.com\/en\/wp-json\/wp\/v2\/pages\/1027\/revisions"}],"predecessor-version":[{"id":3842,"href":"https:\/\/atten2.com\/en\/wp-json\/wp\/v2\/pages\/1027\/revisions\/3842"}],"up":[{"embeddable":true,"href":"https:\/\/atten2.com\/en\/wp-json\/wp\/v2\/pages\/1025"}],"wp:attachment":[{"href":"https:\/\/atten2.com\/en\/wp-json\/wp\/v2\/media?parent=1027"}],"curies":[{"name":"wp","href":"https:\/\/api.w.org\/{rel}","templated":true}]}}