{"id":1030,"date":"2023-06-05T10:39:27","date_gmt":"2023-06-05T10:39:27","guid":{"rendered":"https:\/\/atten2.com\/?page_id=1030"},"modified":"2024-07-02T08:13:26","modified_gmt":"2024-07-02T08:13:26","slug":"industrial-processes","status":"publish","type":"page","link":"https:\/\/atten2.com\/en\/industries\/industrial-processes\/","title":{"rendered":"Industrial processes"},"content":{"rendered":"<section class=\"l-section wpb_row height_medium with_img\"><div class=\"l-section-img\" data-img-width=\"1750\" data-img-height=\"759\" style=\"background-image: url(https:\/\/atten2.com\/wp-content\/uploads\/2023\/06\/Procesos-Industriales-1.jpg);background-position: top center;background-repeat: no-repeat;\"><\/div><div class=\"l-section-overlay\" style=\"background:linear-gradient(180deg,rgba(0,0,0,0.00),rgba(0,0,0,0.40))\"><\/div><div class=\"l-section-h i-cf\"><div class=\"g-cols vc_row via_flex valign_middle type_default stacking_default\"><div class=\"vc_col-sm-12 wpb_column vc_column_container\"><div class=\"vc_column-inner\"><div class=\"wpb_wrapper\"><div class=\"w-separator size_huge\"><\/div><div class=\"wpb_text_column us_custom_8b3d6790 has_text_color\"><div class=\"wpb_wrapper\"><h1><span class=\"azul-1\">[ Industrial ]<\/span><br \/>\nprocesses<\/h1>\n<\/div><\/div><\/div><\/div><\/div><\/div><\/div><\/section><section class=\"l-section wpb_row height_small\"><div class=\"l-section-h i-cf\"><div class=\"g-cols vc_row via_flex valign_top type_default stacking_default\"><div class=\"vc_col-sm-12 wpb_column vc_column_container\"><div class=\"vc_column-inner\"><div class=\"wpb_wrapper\"><ol class=\"g-breadcrumbs us_custom_4be77696 has_text_color separator_custom align_none\"><li class=\"g-breadcrumbs-item\"><a href=\"https:\/\/atten2.com\/en\/\">Home<\/a><meta content=\"1\"\/><\/li><li class=\"g-breadcrumbs-separator\">\/<\/li><li class=\"g-breadcrumbs-item\">Pages<\/li><\/ol><\/div><\/div><\/div><\/div><\/div><\/section><section class=\"l-section wpb_row height_medium\"><div class=\"l-section-h i-cf\"><div class=\"g-cols vc_row via_flex valign_top type_default stacking_default\"><div class=\"vc_col-sm-12 wpb_column vc_column_container\"><div class=\"vc_column-inner\"><div class=\"wpb_wrapper\"><div class=\"g-cols wpb_row us_custom_a518f36e us_animate_this via_flex valign_top type_default stacking_default\"><div class=\"vc_col-sm-6 wpb_column vc_column_container\"><div class=\"vc_column-inner\"><div class=\"wpb_wrapper\"><\/div><\/div><\/div><div class=\"vc_col-sm-6 wpb_column vc_column_container\"><div class=\"vc_column-inner\"><div class=\"wpb_wrapper\"><div class=\"wpb_text_column azul\"><div class=\"wpb_wrapper\"><p>[ Reduction ] of mechanical failures<\/p>\n<\/div><\/div><div class=\"wpb_text_column\"><div class=\"wpb_wrapper\"><h2>Reduce mechanical failures by over 50%. Measure operational risk in critical assets to significantly reduce catastrophic failures<\/h2>\n<\/div><\/div><\/div><\/div><\/div><\/div><\/div><\/div><\/div><\/div><\/div><\/section><section class=\"l-section wpb_row us_custom_a518f36e us_animate_this height_medium\"><div class=\"l-section-h i-cf\"><div class=\"g-cols vc_row via_flex valign_top type_default stacking_default\"><div class=\"vc_col-sm-12 wpb_column vc_column_container\"><div class=\"vc_column-inner\"><div class=\"wpb_wrapper\"><div class=\"wpb_text_column us_custom_3a58a915\"><div class=\"wpb_wrapper\"><h2>Machine tools<\/h2>\n<\/div><\/div><div class=\"g-cols wpb_row us_custom_a518f36e us_animate_this via_flex valign_top type_default stacking_default\"><div class=\"vc_col-sm-6 wpb_column vc_column_container\"><div class=\"vc_column-inner\"><div class=\"wpb_wrapper\"><div class=\"wpb_text_column\"><div class=\"wpb_wrapper\"><h6>Benefits<\/h6>\n<ul class=\"lista\">\n<li>Monitor head status using OilWear to measure the wear caused by ultra-precise gearings and bearings.<\/li>\n<li>Measure lubricant oil condition and optimise how frequently it is changed.<\/li>\n<li>Link operational condition to critical component status.<\/li>\n<\/ul>\n<\/div><\/div><\/div><\/div><\/div><div class=\"vc_col-sm-6 wpb_column vc_column_container\"><div class=\"vc_column-inner\"><div class=\"wpb_wrapper\"><div class=\"w-image us_custom_ff58f711 align_none\"><div class=\"w-image-h\"><img loading=\"lazy\" decoding=\"async\" width=\"775\" height=\"470\" src=\"https:\/\/atten2.com\/wp-content\/uploads\/2023\/06\/maquina-herramiento.jpg\" class=\"attachment-large size-large\" alt=\"\" srcset=\"https:\/\/atten2.com\/wp-content\/uploads\/2023\/06\/maquina-herramiento.jpg 775w, https:\/\/atten2.com\/wp-content\/uploads\/2023\/06\/maquina-herramiento-300x182.jpg 300w\" sizes=\"auto, (max-width: 775px) 100vw, 775px\" \/><\/div><\/div><\/div><\/div><\/div><\/div><\/div><\/div><\/div><\/div><\/div><\/section><section class=\"l-section wpb_row us_custom_a518f36e us_animate_this height_medium\"><div class=\"l-section-h i-cf\"><div class=\"g-cols vc_row via_flex valign_top type_default stacking_default\"><div class=\"vc_col-sm-12 wpb_column vc_column_container\"><div class=\"vc_column-inner\"><div class=\"wpb_wrapper\"><div class=\"wpb_text_column us_custom_3a58a915\"><div class=\"wpb_wrapper\"><h2>Hydraulic systems<\/h2>\n<\/div><\/div><div class=\"g-cols wpb_row us_custom_a518f36e us_animate_this via_flex valign_top type_default stacking_default\"><div class=\"vc_col-sm-6 wpb_column vc_column_container\"><div class=\"vc_column-inner\"><div class=\"wpb_wrapper\"><div class=\"w-image us_custom_ff58f711 align_right\"><div class=\"w-image-h\"><img loading=\"lazy\" decoding=\"async\" width=\"775\" height=\"470\" src=\"https:\/\/atten2.com\/wp-content\/uploads\/2024\/07\/Redimension-fotos-web-11.png\" class=\"attachment-large size-large\" alt=\"\" srcset=\"https:\/\/atten2.com\/wp-content\/uploads\/2024\/07\/Redimension-fotos-web-11.png 775w, https:\/\/atten2.com\/wp-content\/uploads\/2024\/07\/Redimension-fotos-web-11-300x182.png 300w\" sizes=\"auto, (max-width: 775px) 100vw, 775px\" \/><\/div><\/div><\/div><\/div><\/div><div class=\"vc_col-sm-6 wpb_column vc_column_container\"><div class=\"vc_column-inner\"><div class=\"wpb_wrapper\"><div class=\"wpb_text_column\"><div class=\"wpb_wrapper\"><h6>Benefits<\/h6>\n<ul class=\"lista\">\n<li>Diagnose particulate contamination problems in hydraulic systems with high accuracy.<\/li>\n<li>Significantly reduce control valve failures.<\/li>\n<li>Optimize hydraulic oil life by continuously monitoring its condition.<br \/>\nImprove filtration systems with fluid condition monitoring.<\/li>\n<\/ul>\n<\/div><\/div><\/div><\/div><\/div><\/div><\/div><\/div><\/div><\/div><\/div><\/section>\n","protected":false},"excerpt":{"rendered":"[ Industrial ] processes Home\/Pages[ Reduction ] of mechanical failures Reduce mechanical failures by over 50%. Measure operational risk in critical assets to significantly reduce catastrophic failures Machine tools Benefits Monitor head status using OilWear to measure the wear caused by ultra-precise gearings and bearings. Measure lubricant oil condition and optimise how frequently it is...","protected":false},"author":1,"featured_media":0,"parent":1025,"menu_order":5,"comment_status":"closed","ping_status":"closed","template":"","meta":{"content-type":"","footnotes":""},"class_list":["post-1030","page","type-page","status-publish","hentry"],"yoast_head":"<!-- This site is optimized with the Yoast SEO plugin v20.9 - https:\/\/yoast.com\/wordpress\/plugins\/seo\/ -->\n<title>Industrial processes &middot; Atten[2]<\/title>\n<meta name=\"description\" content=\"Reduce mechanical failures by over 50%. Measure operational risk in critical assets to significantly reduce catastrophic failures.\" \/>\n<meta name=\"robots\" content=\"index, follow, max-snippet:-1, max-image-preview:large, max-video-preview:-1\" \/>\n<link rel=\"canonical\" href=\"https:\/\/atten2.com\/en\/industries\/industrial-processes\/\" \/>\n<meta property=\"og:locale\" content=\"en_US\" \/>\n<meta property=\"og:type\" content=\"article\" \/>\n<meta property=\"og:title\" content=\"Industrial processes &middot; Atten[2]\" \/>\n<meta property=\"og:description\" content=\"Reduce mechanical failures by over 50%. Measure operational risk in critical assets to significantly reduce catastrophic failures.\" \/>\n<meta property=\"og:url\" content=\"https:\/\/atten2.com\/en\/industries\/industrial-processes\/\" \/>\n<meta property=\"og:site_name\" content=\"Atten[2]\" \/>\n<meta property=\"article:publisher\" content=\"https:\/\/www.facebook.com\/atten2technologies\" \/>\n<meta property=\"article:modified_time\" content=\"2024-07-02T08:13:26+00:00\" \/>\n<meta property=\"og:image\" content=\"https:\/\/atten2.com\/wp-content\/uploads\/2023\/06\/sensores-1.jpg\" \/>\n\t<meta property=\"og:image:width\" content=\"1550\" \/>\n\t<meta property=\"og:image:height\" content=\"675\" \/>\n\t<meta property=\"og:image:type\" content=\"image\/jpeg\" \/>\n<meta name=\"twitter:card\" content=\"summary_large_image\" \/>\n<meta name=\"twitter:site\" content=\"@atten_2\" \/>\n<script type=\"application\/ld+json\" class=\"yoast-schema-graph\">{\"@context\":\"https:\/\/schema.org\",\"@graph\":[{\"@type\":\"WebPage\",\"@id\":\"https:\/\/atten2.com\/en\/industries\/industrial-processes\/\",\"url\":\"https:\/\/atten2.com\/en\/industries\/industrial-processes\/\",\"name\":\"Industrial processes &middot; Atten[2]\",\"isPartOf\":{\"@id\":\"https:\/\/atten2.com\/#website\"},\"datePublished\":\"2023-06-05T10:39:27+00:00\",\"dateModified\":\"2024-07-02T08:13:26+00:00\",\"description\":\"Reduce mechanical failures by over 50%. Measure operational risk in critical assets to significantly reduce catastrophic failures.\",\"breadcrumb\":{\"@id\":\"https:\/\/atten2.com\/en\/industries\/industrial-processes\/#breadcrumb\"},\"inLanguage\":\"en-US\",\"potentialAction\":[{\"@type\":\"ReadAction\",\"target\":[\"https:\/\/atten2.com\/en\/industries\/industrial-processes\/\"]}]},{\"@type\":\"BreadcrumbList\",\"@id\":\"https:\/\/atten2.com\/en\/industries\/industrial-processes\/#breadcrumb\",\"itemListElement\":[{\"@type\":\"ListItem\",\"position\":1,\"name\":\"Portada\",\"item\":\"https:\/\/atten2.com\/en\/home1\/\"},{\"@type\":\"ListItem\",\"position\":2,\"name\":\"Industries\",\"item\":\"https:\/\/atten2.com\/industrias\/\"},{\"@type\":\"ListItem\",\"position\":3,\"name\":\"Industrial processes\"}]},{\"@type\":\"WebSite\",\"@id\":\"https:\/\/atten2.com\/#website\",\"url\":\"https:\/\/atten2.com\/\",\"name\":\"Atten[2] \u00b7 Advanced Monitoring Technologies\",\"description\":\"Sensores \u00f3pticos para la monitorizaci\u00f3n de activos cr\u00edticos\",\"publisher\":{\"@id\":\"https:\/\/atten2.com\/#organization\"},\"alternateName\":\"Atten2 Advanced Monitoring Technologies\",\"potentialAction\":[{\"@type\":\"SearchAction\",\"target\":{\"@type\":\"EntryPoint\",\"urlTemplate\":\"https:\/\/atten2.com\/?s={search_term_string}\"},\"query-input\":\"required name=search_term_string\"}],\"inLanguage\":\"en-US\"},{\"@type\":\"Organization\",\"@id\":\"https:\/\/atten2.com\/#organization\",\"name\":\"Atten2 Advanced Monitoring Technologies\",\"url\":\"https:\/\/atten2.com\/\",\"logo\":{\"@type\":\"ImageObject\",\"inLanguage\":\"en-US\",\"@id\":\"https:\/\/atten2.com\/#\/schema\/logo\/image\/\",\"url\":\"https:\/\/atten2.com\/wp-content\/uploads\/2023\/05\/atten2.svg\",\"contentUrl\":\"https:\/\/atten2.com\/wp-content\/uploads\/2023\/05\/atten2.svg\",\"width\":\"1024\",\"height\":\"1024\",\"caption\":\"Atten2 Advanced Monitoring Technologies\"},\"image\":{\"@id\":\"https:\/\/atten2.com\/#\/schema\/logo\/image\/\"},\"sameAs\":[\"https:\/\/www.facebook.com\/atten2technologies\",\"https:\/\/twitter.com\/atten_2\",\"https:\/\/www.linkedin.com\/company\/atten2-advanced-monitoring-technologies\/\",\"https:\/\/www.youtube.com\/@atten2advancedmonitoringte884\/\"]}]}<\/script>\n<!-- \/ Yoast SEO plugin. -->","yoast_head_json":{"title":"Industrial processes &middot; Atten[2]","description":"Reduce mechanical failures by over 50%. Measure operational risk in critical assets to significantly reduce catastrophic failures.","robots":{"index":"index","follow":"follow","max-snippet":"max-snippet:-1","max-image-preview":"max-image-preview:large","max-video-preview":"max-video-preview:-1"},"canonical":"https:\/\/atten2.com\/en\/industries\/industrial-processes\/","og_locale":"en_US","og_type":"article","og_title":"Industrial processes &middot; Atten[2]","og_description":"Reduce mechanical failures by over 50%. Measure operational risk in critical assets to significantly reduce catastrophic failures.","og_url":"https:\/\/atten2.com\/en\/industries\/industrial-processes\/","og_site_name":"Atten[2]","article_publisher":"https:\/\/www.facebook.com\/atten2technologies","article_modified_time":"2024-07-02T08:13:26+00:00","og_image":[{"width":1550,"height":675,"url":"https:\/\/atten2.com\/wp-content\/uploads\/2023\/06\/sensores-1.jpg","type":"image\/jpeg"}],"twitter_card":"summary_large_image","twitter_site":"@atten_2","schema":{"@context":"https:\/\/schema.org","@graph":[{"@type":"WebPage","@id":"https:\/\/atten2.com\/en\/industries\/industrial-processes\/","url":"https:\/\/atten2.com\/en\/industries\/industrial-processes\/","name":"Industrial processes &middot; Atten[2]","isPartOf":{"@id":"https:\/\/atten2.com\/#website"},"datePublished":"2023-06-05T10:39:27+00:00","dateModified":"2024-07-02T08:13:26+00:00","description":"Reduce mechanical failures by over 50%. Measure operational risk in critical assets to significantly reduce catastrophic failures.","breadcrumb":{"@id":"https:\/\/atten2.com\/en\/industries\/industrial-processes\/#breadcrumb"},"inLanguage":"en-US","potentialAction":[{"@type":"ReadAction","target":["https:\/\/atten2.com\/en\/industries\/industrial-processes\/"]}]},{"@type":"BreadcrumbList","@id":"https:\/\/atten2.com\/en\/industries\/industrial-processes\/#breadcrumb","itemListElement":[{"@type":"ListItem","position":1,"name":"Portada","item":"https:\/\/atten2.com\/en\/home1\/"},{"@type":"ListItem","position":2,"name":"Industries","item":"https:\/\/atten2.com\/industrias\/"},{"@type":"ListItem","position":3,"name":"Industrial processes"}]},{"@type":"WebSite","@id":"https:\/\/atten2.com\/#website","url":"https:\/\/atten2.com\/","name":"Atten[2] \u00b7 Advanced Monitoring Technologies","description":"Sensores \u00f3pticos para la monitorizaci\u00f3n de activos cr\u00edticos","publisher":{"@id":"https:\/\/atten2.com\/#organization"},"alternateName":"Atten2 Advanced Monitoring Technologies","potentialAction":[{"@type":"SearchAction","target":{"@type":"EntryPoint","urlTemplate":"https:\/\/atten2.com\/?s={search_term_string}"},"query-input":"required name=search_term_string"}],"inLanguage":"en-US"},{"@type":"Organization","@id":"https:\/\/atten2.com\/#organization","name":"Atten2 Advanced Monitoring Technologies","url":"https:\/\/atten2.com\/","logo":{"@type":"ImageObject","inLanguage":"en-US","@id":"https:\/\/atten2.com\/#\/schema\/logo\/image\/","url":"https:\/\/atten2.com\/wp-content\/uploads\/2023\/05\/atten2.svg","contentUrl":"https:\/\/atten2.com\/wp-content\/uploads\/2023\/05\/atten2.svg","width":"1024","height":"1024","caption":"Atten2 Advanced Monitoring Technologies"},"image":{"@id":"https:\/\/atten2.com\/#\/schema\/logo\/image\/"},"sameAs":["https:\/\/www.facebook.com\/atten2technologies","https:\/\/twitter.com\/atten_2","https:\/\/www.linkedin.com\/company\/atten2-advanced-monitoring-technologies\/","https:\/\/www.youtube.com\/@atten2advancedmonitoringte884\/"]}]}},"_links":{"self":[{"href":"https:\/\/atten2.com\/en\/wp-json\/wp\/v2\/pages\/1030","targetHints":{"allow":["GET"]}}],"collection":[{"href":"https:\/\/atten2.com\/en\/wp-json\/wp\/v2\/pages"}],"about":[{"href":"https:\/\/atten2.com\/en\/wp-json\/wp\/v2\/types\/page"}],"author":[{"embeddable":true,"href":"https:\/\/atten2.com\/en\/wp-json\/wp\/v2\/users\/1"}],"replies":[{"embeddable":true,"href":"https:\/\/atten2.com\/en\/wp-json\/wp\/v2\/comments?post=1030"}],"version-history":[{"count":14,"href":"https:\/\/atten2.com\/en\/wp-json\/wp\/v2\/pages\/1030\/revisions"}],"predecessor-version":[{"id":3760,"href":"https:\/\/atten2.com\/en\/wp-json\/wp\/v2\/pages\/1030\/revisions\/3760"}],"up":[{"embeddable":true,"href":"https:\/\/atten2.com\/en\/wp-json\/wp\/v2\/pages\/1025"}],"wp:attachment":[{"href":"https:\/\/atten2.com\/en\/wp-json\/wp\/v2\/media?parent=1030"}],"curies":[{"name":"wp","href":"https:\/\/api.w.org\/{rel}","templated":true}]}}