{"id":2900,"date":"2023-07-28T05:41:03","date_gmt":"2023-07-28T05:41:03","guid":{"rendered":"https:\/\/atten2.com\/?page_id=2900"},"modified":"2024-04-15T11:56:12","modified_gmt":"2024-04-15T11:56:12","slug":"ebook-wind-turbines-problems-arising-from-wear-and-tear-and-how-to-prevent-them","status":"publish","type":"page","link":"https:\/\/atten2.com\/en\/ebook-wind-turbines-problems-arising-from-wear-and-tear-and-how-to-prevent-them\/","title":{"rendered":"[Ebook]  Wind turbines: problems arising from wear and tear and how to prevent them"},"content":{"rendered":"<section class=\"l-section wpb_row height_small\"><div class=\"l-section-h i-cf\"><div class=\"g-cols vc_row via_flex valign_top type_default stacking_default\"><div class=\"vc_col-sm-12 wpb_column vc_column_container\"><div class=\"vc_column-inner\"><div class=\"wpb_wrapper\"><div class=\"g-cols wpb_row via_flex valign_top type_default stacking_default\"><div class=\"vc_col-sm-8 wpb_column vc_column_container\"><div class=\"vc_column-inner\"><div class=\"wpb_wrapper\"><div class=\"wpb_text_column azul_c\"><div class=\"wpb_wrapper\"><p>[ Ebook ]<\/p>\n<\/div><\/div><div class=\"wpb_text_column\"><div class=\"wpb_wrapper\"><h1>Wind turbines: problems arising from wear and tear and how to prevent them<\/h1>\n<\/div><\/div><\/div><\/div><\/div><div class=\"vc_col-sm-4 wpb_column vc_column_container\"><div class=\"vc_column-inner\"><div class=\"wpb_wrapper\"><\/div><\/div><\/div><\/div><div class=\"w-separator size_medium\"><\/div><div class=\"g-cols wpb_row via_flex valign_top type_default stacking_default\"><div class=\"vc_col-sm-6 wpb_column vc_column_container\"><div class=\"vc_column-inner\"><div class=\"wpb_wrapper\"><div class=\"w-image us_custom_ff58f711 align_none\"><div class=\"w-image-h\"><img loading=\"lazy\" decoding=\"async\" width=\"942\" height=\"1024\" src=\"https:\/\/atten2.com\/wp-content\/uploads\/2023\/07\/ebook-wind-turbines-942x1024.jpg\" class=\"attachment-large size-large\" alt=\"\" srcset=\"https:\/\/atten2.com\/wp-content\/uploads\/2023\/07\/ebook-wind-turbines-942x1024.jpg 942w, https:\/\/atten2.com\/wp-content\/uploads\/2023\/07\/ebook-wind-turbines-276x300.jpg 276w, https:\/\/atten2.com\/wp-content\/uploads\/2023\/07\/ebook-wind-turbines.jpg 1250w, https:\/\/atten2.com\/wp-content\/uploads\/2023\/07\/ebook-wind-turbines-1041x1132.jpg 1041w, https:\/\/atten2.com\/wp-content\/uploads\/2023\/07\/ebook-wind-turbines-414x450.jpg 414w\" sizes=\"auto, (max-width: 942px) 100vw, 942px\" \/><\/div><\/div><\/div><\/div><\/div><div class=\"vc_col-sm-6 wpb_column vc_column_container\"><div class=\"vc_column-inner type_sticky\"><div class=\"wpb_wrapper\" style=\"top:200px\"><div class=\"wpb_text_column\"><div class=\"wpb_wrapper\"><h4>Discover in this ebook what are the most common problems that affect the wear and tear of wind turbines and prevent hem!<\/h4>\n<p>Contents:<\/p>\n<ol>\n<li>Editorial\u00a0by Edgar Mart\u00ednez (CEO of Atten2)<\/li>\n<li>Wind energy: a sensitive\u00a0sector to lubricating oil contamination<\/li>\n<li>Measures for preventing wear of machinery in wind turbines<\/li>\n<li>How can the gearbox condition affect the useful life of a wind turbine?<\/li>\n<li>Types of failure in wind turbines gearbox stages<\/li>\n<li>What is the best maintenance strategy of a wind farm?<\/li>\n<\/ol>\n<\/div><\/div><div class=\"w-separator size_small with_line width_default thick_1 style_solid color_border align_center\"><div class=\"w-separator-h\"><\/div><\/div><div class=\"wpb_text_column\"><div class=\"wpb_wrapper\"><h6>Download [ ebook ]<\/h6>\n<\/div><\/div><div class=\"w-separator size_custom\" style=\"height:1rem\"><\/div><div class=\"w-html\"><script charset=\"utf-8\" type=\"text\/javascript\" src=\"\/\/js.hsforms.net\/forms\/embed\/v2.js\"><\/script>\n<script>\n  hbspt.forms.create({\n    region: \"na1\",\n    portalId: \"4056355\",\n    formId: \"da8a29eb-8218-4a22-9a84-dc5c14f0f6d8\"\n  });\n<\/script><\/div><\/div><\/div><\/div><\/div><\/div><\/div><\/div><\/div><\/div><\/section>\n","protected":false},"excerpt":{"rendered":"[ Ebook ] Wind turbines: problems arising from wear and tear and how to prevent them Discover in this ebook what are the most common problems that affect the wear and tear of wind turbines and prevent hem! Contents: Editorial\u00a0by Edgar Mart\u00ednez (CEO of Atten2) Wind energy: a sensitive\u00a0sector to lubricating oil contamination Measures for...","protected":false},"author":1,"featured_media":0,"parent":0,"menu_order":0,"comment_status":"closed","ping_status":"closed","template":"","meta":{"content-type":"","footnotes":""},"class_list":["post-2900","page","type-page","status-publish","hentry"],"yoast_head":"<!-- This site is optimized with the Yoast SEO plugin v20.9 - https:\/\/yoast.com\/wordpress\/plugins\/seo\/ -->\n<title>[Ebook] Wind turbines: problems arising from wear and tear and how to prevent them &middot; Atten[2]<\/title>\n<meta name=\"robots\" content=\"index, follow, max-snippet:-1, max-image-preview:large, max-video-preview:-1\" \/>\n<link rel=\"canonical\" href=\"https:\/\/atten2.com\/en\/ebook-wind-turbines-problems-arising-from-wear-and-tear-and-how-to-prevent-them\/\" \/>\n<meta property=\"og:locale\" content=\"en_US\" \/>\n<meta property=\"og:type\" content=\"article\" \/>\n<meta property=\"og:title\" content=\"[Ebook] Wind turbines: problems arising from wear and tear and how to prevent them &middot; Atten[2]\" \/>\n<meta property=\"og:url\" content=\"https:\/\/atten2.com\/en\/ebook-wind-turbines-problems-arising-from-wear-and-tear-and-how-to-prevent-them\/\" \/>\n<meta property=\"og:site_name\" content=\"Atten[2]\" \/>\n<meta property=\"article:publisher\" content=\"https:\/\/www.facebook.com\/atten2technologies\" \/>\n<meta property=\"article:modified_time\" content=\"2024-04-15T11:56:12+00:00\" \/>\n<meta property=\"og:image\" content=\"https:\/\/atten2.com\/wp-content\/uploads\/2023\/06\/sensores-1.jpg\" \/>\n\t<meta property=\"og:image:width\" content=\"1550\" \/>\n\t<meta property=\"og:image:height\" content=\"675\" \/>\n\t<meta property=\"og:image:type\" content=\"image\/jpeg\" \/>\n<meta name=\"twitter:card\" content=\"summary_large_image\" \/>\n<meta name=\"twitter:site\" content=\"@atten_2\" \/>\n<script type=\"application\/ld+json\" class=\"yoast-schema-graph\">{\"@context\":\"https:\/\/schema.org\",\"@graph\":[{\"@type\":\"WebPage\",\"@id\":\"https:\/\/atten2.com\/en\/ebook-wind-turbines-problems-arising-from-wear-and-tear-and-how-to-prevent-them\/\",\"url\":\"https:\/\/atten2.com\/en\/ebook-wind-turbines-problems-arising-from-wear-and-tear-and-how-to-prevent-them\/\",\"name\":\"[Ebook] Wind turbines: problems arising from wear and tear and how to prevent them &middot; Atten[2]\",\"isPartOf\":{\"@id\":\"https:\/\/atten2.com\/#website\"},\"datePublished\":\"2023-07-28T05:41:03+00:00\",\"dateModified\":\"2024-04-15T11:56:12+00:00\",\"breadcrumb\":{\"@id\":\"https:\/\/atten2.com\/en\/ebook-wind-turbines-problems-arising-from-wear-and-tear-and-how-to-prevent-them\/#breadcrumb\"},\"inLanguage\":\"en-US\",\"potentialAction\":[{\"@type\":\"ReadAction\",\"target\":[\"https:\/\/atten2.com\/en\/ebook-wind-turbines-problems-arising-from-wear-and-tear-and-how-to-prevent-them\/\"]}]},{\"@type\":\"BreadcrumbList\",\"@id\":\"https:\/\/atten2.com\/en\/ebook-wind-turbines-problems-arising-from-wear-and-tear-and-how-to-prevent-them\/#breadcrumb\",\"itemListElement\":[{\"@type\":\"ListItem\",\"position\":1,\"name\":\"Portada\",\"item\":\"https:\/\/atten2.com\/en\/home1\/\"},{\"@type\":\"ListItem\",\"position\":2,\"name\":\"[Ebook] Wind turbines: problems arising from wear and tear and how to prevent them\"}]},{\"@type\":\"WebSite\",\"@id\":\"https:\/\/atten2.com\/#website\",\"url\":\"https:\/\/atten2.com\/\",\"name\":\"Atten[2] \u00b7 Advanced Monitoring Technologies\",\"description\":\"Sensores \u00f3pticos para la monitorizaci\u00f3n de activos cr\u00edticos\",\"publisher\":{\"@id\":\"https:\/\/atten2.com\/#organization\"},\"alternateName\":\"Atten2 Advanced Monitoring Technologies\",\"potentialAction\":[{\"@type\":\"SearchAction\",\"target\":{\"@type\":\"EntryPoint\",\"urlTemplate\":\"https:\/\/atten2.com\/?s={search_term_string}\"},\"query-input\":\"required name=search_term_string\"}],\"inLanguage\":\"en-US\"},{\"@type\":\"Organization\",\"@id\":\"https:\/\/atten2.com\/#organization\",\"name\":\"Atten2 Advanced Monitoring Technologies\",\"url\":\"https:\/\/atten2.com\/\",\"logo\":{\"@type\":\"ImageObject\",\"inLanguage\":\"en-US\",\"@id\":\"https:\/\/atten2.com\/#\/schema\/logo\/image\/\",\"url\":\"https:\/\/atten2.com\/wp-content\/uploads\/2023\/05\/atten2.svg\",\"contentUrl\":\"https:\/\/atten2.com\/wp-content\/uploads\/2023\/05\/atten2.svg\",\"width\":\"1024\",\"height\":\"1024\",\"caption\":\"Atten2 Advanced Monitoring Technologies\"},\"image\":{\"@id\":\"https:\/\/atten2.com\/#\/schema\/logo\/image\/\"},\"sameAs\":[\"https:\/\/www.facebook.com\/atten2technologies\",\"https:\/\/twitter.com\/atten_2\",\"https:\/\/www.linkedin.com\/company\/atten2-advanced-monitoring-technologies\/\",\"https:\/\/www.youtube.com\/@atten2advancedmonitoringte884\/\"]}]}<\/script>\n<!-- \/ Yoast SEO plugin. -->","yoast_head_json":{"title":"[Ebook] Wind turbines: problems arising from wear and tear and how to prevent them &middot; Atten[2]","robots":{"index":"index","follow":"follow","max-snippet":"max-snippet:-1","max-image-preview":"max-image-preview:large","max-video-preview":"max-video-preview:-1"},"canonical":"https:\/\/atten2.com\/en\/ebook-wind-turbines-problems-arising-from-wear-and-tear-and-how-to-prevent-them\/","og_locale":"en_US","og_type":"article","og_title":"[Ebook] Wind turbines: problems arising from wear and tear and how to prevent them &middot; Atten[2]","og_url":"https:\/\/atten2.com\/en\/ebook-wind-turbines-problems-arising-from-wear-and-tear-and-how-to-prevent-them\/","og_site_name":"Atten[2]","article_publisher":"https:\/\/www.facebook.com\/atten2technologies","article_modified_time":"2024-04-15T11:56:12+00:00","og_image":[{"width":1550,"height":675,"url":"https:\/\/atten2.com\/wp-content\/uploads\/2023\/06\/sensores-1.jpg","type":"image\/jpeg"}],"twitter_card":"summary_large_image","twitter_site":"@atten_2","schema":{"@context":"https:\/\/schema.org","@graph":[{"@type":"WebPage","@id":"https:\/\/atten2.com\/en\/ebook-wind-turbines-problems-arising-from-wear-and-tear-and-how-to-prevent-them\/","url":"https:\/\/atten2.com\/en\/ebook-wind-turbines-problems-arising-from-wear-and-tear-and-how-to-prevent-them\/","name":"[Ebook] Wind turbines: problems arising from wear and tear and how to prevent them &middot; Atten[2]","isPartOf":{"@id":"https:\/\/atten2.com\/#website"},"datePublished":"2023-07-28T05:41:03+00:00","dateModified":"2024-04-15T11:56:12+00:00","breadcrumb":{"@id":"https:\/\/atten2.com\/en\/ebook-wind-turbines-problems-arising-from-wear-and-tear-and-how-to-prevent-them\/#breadcrumb"},"inLanguage":"en-US","potentialAction":[{"@type":"ReadAction","target":["https:\/\/atten2.com\/en\/ebook-wind-turbines-problems-arising-from-wear-and-tear-and-how-to-prevent-them\/"]}]},{"@type":"BreadcrumbList","@id":"https:\/\/atten2.com\/en\/ebook-wind-turbines-problems-arising-from-wear-and-tear-and-how-to-prevent-them\/#breadcrumb","itemListElement":[{"@type":"ListItem","position":1,"name":"Portada","item":"https:\/\/atten2.com\/en\/home1\/"},{"@type":"ListItem","position":2,"name":"[Ebook] Wind turbines: problems arising from wear and tear and how to prevent them"}]},{"@type":"WebSite","@id":"https:\/\/atten2.com\/#website","url":"https:\/\/atten2.com\/","name":"Atten[2] \u00b7 Advanced Monitoring Technologies","description":"Sensores \u00f3pticos para la monitorizaci\u00f3n de activos cr\u00edticos","publisher":{"@id":"https:\/\/atten2.com\/#organization"},"alternateName":"Atten2 Advanced Monitoring Technologies","potentialAction":[{"@type":"SearchAction","target":{"@type":"EntryPoint","urlTemplate":"https:\/\/atten2.com\/?s={search_term_string}"},"query-input":"required name=search_term_string"}],"inLanguage":"en-US"},{"@type":"Organization","@id":"https:\/\/atten2.com\/#organization","name":"Atten2 Advanced Monitoring Technologies","url":"https:\/\/atten2.com\/","logo":{"@type":"ImageObject","inLanguage":"en-US","@id":"https:\/\/atten2.com\/#\/schema\/logo\/image\/","url":"https:\/\/atten2.com\/wp-content\/uploads\/2023\/05\/atten2.svg","contentUrl":"https:\/\/atten2.com\/wp-content\/uploads\/2023\/05\/atten2.svg","width":"1024","height":"1024","caption":"Atten2 Advanced Monitoring Technologies"},"image":{"@id":"https:\/\/atten2.com\/#\/schema\/logo\/image\/"},"sameAs":["https:\/\/www.facebook.com\/atten2technologies","https:\/\/twitter.com\/atten_2","https:\/\/www.linkedin.com\/company\/atten2-advanced-monitoring-technologies\/","https:\/\/www.youtube.com\/@atten2advancedmonitoringte884\/"]}]}},"_links":{"self":[{"href":"https:\/\/atten2.com\/en\/wp-json\/wp\/v2\/pages\/2900","targetHints":{"allow":["GET"]}}],"collection":[{"href":"https:\/\/atten2.com\/en\/wp-json\/wp\/v2\/pages"}],"about":[{"href":"https:\/\/atten2.com\/en\/wp-json\/wp\/v2\/types\/page"}],"author":[{"embeddable":true,"href":"https:\/\/atten2.com\/en\/wp-json\/wp\/v2\/users\/1"}],"replies":[{"embeddable":true,"href":"https:\/\/atten2.com\/en\/wp-json\/wp\/v2\/comments?post=2900"}],"version-history":[{"count":9,"href":"https:\/\/atten2.com\/en\/wp-json\/wp\/v2\/pages\/2900\/revisions"}],"predecessor-version":[{"id":3490,"href":"https:\/\/atten2.com\/en\/wp-json\/wp\/v2\/pages\/2900\/revisions\/3490"}],"wp:attachment":[{"href":"https:\/\/atten2.com\/en\/wp-json\/wp\/v2\/media?parent=2900"}],"curies":[{"name":"wp","href":"https:\/\/api.w.org\/{rel}","templated":true}]}}