{"id":2903,"date":"2023-07-26T14:27:50","date_gmt":"2023-07-26T13:27:50","guid":{"rendered":"https:\/\/atten2.com\/?page_id=2903"},"modified":"2025-04-16T10:47:29","modified_gmt":"2025-04-16T09:47:29","slug":"ebook-the-role-of-tribology-in-the-maintenance-of-industry-4-0","status":"publish","type":"page","link":"https:\/\/atten2.com\/en\/ebook-the-role-of-tribology-in-the-maintenance-of-industry-4-0\/","title":{"rendered":"[Ebook] The role of tribology in the maintenance of Industry 4.0"},"content":{"rendered":"<section class=\"l-section wpb_row height_small\"><div class=\"l-section-h i-cf\"><div class=\"g-cols vc_row via_flex valign_top type_default stacking_default\"><div class=\"vc_col-sm-12 wpb_column vc_column_container\"><div class=\"vc_column-inner\"><div class=\"wpb_wrapper\"><div class=\"g-cols wpb_row via_flex valign_top type_default stacking_default\"><div class=\"vc_col-sm-8 wpb_column vc_column_container\"><div class=\"vc_column-inner\"><div class=\"wpb_wrapper\"><div class=\"wpb_text_column azul_c\"><div class=\"wpb_wrapper\"><p>[ Ebook\u00a0 ]<\/p>\n<\/div><\/div><div class=\"wpb_text_column\"><div class=\"wpb_wrapper\"><h1>The role of tribology in the maintenance of Industry 4.0<\/h1>\n<\/div><\/div><\/div><\/div><\/div><div class=\"vc_col-sm-4 wpb_column vc_column_container\"><div class=\"vc_column-inner\"><div class=\"wpb_wrapper\"><\/div><\/div><\/div><\/div><div class=\"w-separator size_medium\"><\/div><div class=\"g-cols wpb_row via_flex valign_top type_default stacking_default\"><div class=\"vc_col-sm-6 wpb_column vc_column_container\"><div class=\"vc_column-inner\"><div class=\"wpb_wrapper\"><div class=\"w-image us_custom_ff58f711 align_none\"><div class=\"w-image-h\"><img loading=\"lazy\" decoding=\"async\" width=\"942\" height=\"1024\" src=\"https:\/\/atten2.com\/wp-content\/uploads\/2023\/07\/ebook-tribology-942x1024.jpg\" class=\"attachment-large size-large\" alt=\"\" srcset=\"https:\/\/atten2.com\/wp-content\/uploads\/2023\/07\/ebook-tribology-942x1024.jpg 942w, https:\/\/atten2.com\/wp-content\/uploads\/2023\/07\/ebook-tribology-276x300.jpg 276w, https:\/\/atten2.com\/wp-content\/uploads\/2023\/07\/ebook-tribology.jpg 1090w, https:\/\/atten2.com\/wp-content\/uploads\/2023\/07\/ebook-tribology-1041x1132.jpg 1041w, https:\/\/atten2.com\/wp-content\/uploads\/2023\/07\/ebook-tribology-414x450.jpg 414w\" sizes=\"auto, (max-width: 942px) 100vw, 942px\" \/><\/div><\/div><\/div><\/div><\/div><div class=\"vc_col-sm-6 wpb_column vc_column_container\"><div class=\"vc_column-inner type_sticky\"><div class=\"wpb_wrapper\" style=\"top:200px\"><div class=\"wpb_text_column\"><div class=\"wpb_wrapper\"><h4>Discover in this ebook what are the benefits of tribology in the maintenance of industrial machinery.<\/h4>\n<p>Contents:<\/p>\n<ol>\n<li>Editorial by Edgar Mart\u00ednez (CEO Atten2)<\/li>\n<li>How can tribology help extend critical machinery service life?<\/li>\n<li>Why is it important to maximize the useful life of lubricating oil in critical machines<\/li>\n<li>What happens when the life of the lubricating oil is shorter than expected?<\/li>\n<li>Good tribological practices to prevent machinery wear<\/li>\n<\/ol>\n<\/div><\/div><div class=\"w-separator size_small with_line width_default thick_1 style_solid color_border align_center\"><div class=\"w-separator-h\"><\/div><\/div><div class=\"wpb_text_column\"><div class=\"wpb_wrapper\"><h6>Download [ ebook ]<\/h6>\n<\/div><\/div><div class=\"w-separator size_custom\" style=\"height:1rem\"><\/div><div class=\"w-html\"><script charset=\"utf-8\" type=\"text\/javascript\" src=\"\/\/js.hsforms.net\/forms\/embed\/v2.js\"><\/script>\n<script>\n  hbspt.forms.create({\n    region: \"na1\",\n    portalId: \"4056355\",\n    formId: \"3fba75be-ed38-454b-8a94-3bbb1e389bd8\"\n  });\n<\/script><\/div><\/div><\/div><\/div><\/div><\/div><\/div><\/div><\/div><\/div><\/section>\n","protected":false},"excerpt":{"rendered":"[ Ebook\u00a0 ] The role of tribology in the maintenance of Industry 4.0 Discover in this ebook what are the benefits of tribology in the maintenance of industrial machinery. Contents: Editorial by Edgar Mart\u00ednez (CEO Atten2) How can tribology help extend critical machinery service life? Why is it important to maximize the useful life of...","protected":false},"author":1,"featured_media":0,"parent":0,"menu_order":0,"comment_status":"closed","ping_status":"closed","template":"","meta":{"footnotes":""},"class_list":["post-2903","page","type-page","status-publish","hentry"],"yoast_head":"<!-- This site is optimized with the Yoast SEO plugin v27.6 - https:\/\/yoast.com\/product\/yoast-seo-wordpress\/ -->\n<title>[Ebook] The role of tribology in the maintenance of Industry 4.0 &#183; Atten[2]<\/title>\n<meta name=\"description\" content=\"Explore the essential role of tribology in the maintenance of Industry 4.0, and how it improves machine performance and reduces costs.\" \/>\n<meta name=\"robots\" content=\"index, follow, max-snippet:-1, max-image-preview:large, max-video-preview:-1\" \/>\n<link rel=\"canonical\" href=\"https:\/\/atten2.com\/en\/ebook-the-role-of-tribology-in-the-maintenance-of-industry-4-0\/\" \/>\n<meta property=\"og:locale\" content=\"en_US\" \/>\n<meta property=\"og:type\" content=\"article\" \/>\n<meta property=\"og:title\" content=\"[Ebook] The role of tribology in the maintenance of Industry 4.0 &#183; Atten[2]\" \/>\n<meta property=\"og:description\" content=\"Explore the essential role of tribology in the maintenance of Industry 4.0, and how it improves machine performance and reduces costs.\" \/>\n<meta property=\"og:url\" content=\"https:\/\/atten2.com\/en\/ebook-the-role-of-tribology-in-the-maintenance-of-industry-4-0\/\" \/>\n<meta property=\"og:site_name\" content=\"Atten[2]\" \/>\n<meta property=\"article:publisher\" content=\"https:\/\/www.facebook.com\/atten2technologies\" \/>\n<meta property=\"article:modified_time\" content=\"2025-04-16T09:47:29+00:00\" \/>\n<meta property=\"og:image\" content=\"https:\/\/atten2.com\/wp-content\/uploads\/2023\/06\/sensores-1.webp\" \/>\n\t<meta property=\"og:image:width\" content=\"1550\" \/>\n\t<meta property=\"og:image:height\" content=\"675\" \/>\n\t<meta property=\"og:image:type\" content=\"image\/webp\" \/>\n<meta name=\"twitter:card\" content=\"summary_large_image\" \/>\n<meta name=\"twitter:site\" content=\"@atten_2\" \/>\n<script type=\"application\/ld+json\" class=\"yoast-schema-graph\">{\"@context\":\"https:\\\/\\\/schema.org\",\"@graph\":[{\"@type\":\"WebPage\",\"@id\":\"https:\\\/\\\/atten2.com\\\/en\\\/ebook-the-role-of-tribology-in-the-maintenance-of-industry-4-0\\\/\",\"url\":\"https:\\\/\\\/atten2.com\\\/en\\\/ebook-the-role-of-tribology-in-the-maintenance-of-industry-4-0\\\/\",\"name\":\"[Ebook] The role of tribology in the maintenance of Industry 4.0 &#183; Atten[2]\",\"isPartOf\":{\"@id\":\"https:\\\/\\\/atten2.com\\\/#website\"},\"datePublished\":\"2023-07-26T13:27:50+00:00\",\"dateModified\":\"2025-04-16T09:47:29+00:00\",\"description\":\"Explore the essential role of tribology in the maintenance of Industry 4.0, and how it improves machine performance and reduces costs.\",\"breadcrumb\":{\"@id\":\"https:\\\/\\\/atten2.com\\\/en\\\/ebook-the-role-of-tribology-in-the-maintenance-of-industry-4-0\\\/#breadcrumb\"},\"inLanguage\":\"en-US\",\"potentialAction\":[{\"@type\":\"ReadAction\",\"target\":[\"https:\\\/\\\/atten2.com\\\/en\\\/ebook-the-role-of-tribology-in-the-maintenance-of-industry-4-0\\\/\"]}]},{\"@type\":\"BreadcrumbList\",\"@id\":\"https:\\\/\\\/atten2.com\\\/en\\\/ebook-the-role-of-tribology-in-the-maintenance-of-industry-4-0\\\/#breadcrumb\",\"itemListElement\":[{\"@type\":\"ListItem\",\"position\":1,\"name\":\"Portada\",\"item\":\"https:\\\/\\\/atten2.com\\\/en\\\/\"},{\"@type\":\"ListItem\",\"position\":2,\"name\":\"[Ebook] The role of tribology in the maintenance of Industry 4.0\"}]},{\"@type\":\"WebSite\",\"@id\":\"https:\\\/\\\/atten2.com\\\/#website\",\"url\":\"https:\\\/\\\/atten2.com\\\/\",\"name\":\"Atten[2] \u00b7 Advanced Monitoring Technologies\",\"description\":\"Sensores \u00f3pticos para la monitorizaci\u00f3n de activos cr\u00edticos\",\"publisher\":{\"@id\":\"https:\\\/\\\/atten2.com\\\/#organization\"},\"alternateName\":\"Atten2 Advanced Monitoring Technologies\",\"potentialAction\":[{\"@type\":\"SearchAction\",\"target\":{\"@type\":\"EntryPoint\",\"urlTemplate\":\"https:\\\/\\\/atten2.com\\\/?s={search_term_string}\"},\"query-input\":{\"@type\":\"PropertyValueSpecification\",\"valueRequired\":true,\"valueName\":\"search_term_string\"}}],\"inLanguage\":\"en-US\"},{\"@type\":\"Organization\",\"@id\":\"https:\\\/\\\/atten2.com\\\/#organization\",\"name\":\"Atten2 Advanced Monitoring Technologies\",\"url\":\"https:\\\/\\\/atten2.com\\\/\",\"logo\":{\"@type\":\"ImageObject\",\"inLanguage\":\"en-US\",\"@id\":\"https:\\\/\\\/atten2.com\\\/#\\\/schema\\\/logo\\\/image\\\/\",\"url\":\"https:\\\/\\\/atten2.com\\\/wp-content\\\/uploads\\\/2023\\\/05\\\/atten2.svg\",\"contentUrl\":\"https:\\\/\\\/atten2.com\\\/wp-content\\\/uploads\\\/2023\\\/05\\\/atten2.svg\",\"width\":\"1024\",\"height\":\"1024\",\"caption\":\"Atten2 Advanced Monitoring Technologies\"},\"image\":{\"@id\":\"https:\\\/\\\/atten2.com\\\/#\\\/schema\\\/logo\\\/image\\\/\"},\"sameAs\":[\"https:\\\/\\\/www.facebook.com\\\/atten2technologies\",\"https:\\\/\\\/x.com\\\/atten_2\",\"https:\\\/\\\/www.linkedin.com\\\/company\\\/atten2-advanced-monitoring-technologies\\\/\",\"https:\\\/\\\/www.youtube.com\\\/@atten2advancedmonitoringte884\\\/\"]}]}<\/script>\n<!-- \/ Yoast SEO plugin. -->","yoast_head_json":{"title":"[Ebook] The role of tribology in the maintenance of Industry 4.0 &#183; Atten[2]","description":"Explore the essential role of tribology in the maintenance of Industry 4.0, and how it improves machine performance and reduces costs.","robots":{"index":"index","follow":"follow","max-snippet":"max-snippet:-1","max-image-preview":"max-image-preview:large","max-video-preview":"max-video-preview:-1"},"canonical":"https:\/\/atten2.com\/en\/ebook-the-role-of-tribology-in-the-maintenance-of-industry-4-0\/","og_locale":"en_US","og_type":"article","og_title":"[Ebook] The role of tribology in the maintenance of Industry 4.0 &#183; Atten[2]","og_description":"Explore the essential role of tribology in the maintenance of Industry 4.0, and how it improves machine performance and reduces costs.","og_url":"https:\/\/atten2.com\/en\/ebook-the-role-of-tribology-in-the-maintenance-of-industry-4-0\/","og_site_name":"Atten[2]","article_publisher":"https:\/\/www.facebook.com\/atten2technologies","article_modified_time":"2025-04-16T09:47:29+00:00","og_image":[{"width":1550,"height":675,"url":"https:\/\/atten2.com\/wp-content\/uploads\/2023\/06\/sensores-1.webp","type":"image\/webp"}],"twitter_card":"summary_large_image","twitter_site":"@atten_2","schema":{"@context":"https:\/\/schema.org","@graph":[{"@type":"WebPage","@id":"https:\/\/atten2.com\/en\/ebook-the-role-of-tribology-in-the-maintenance-of-industry-4-0\/","url":"https:\/\/atten2.com\/en\/ebook-the-role-of-tribology-in-the-maintenance-of-industry-4-0\/","name":"[Ebook] The role of tribology in the maintenance of Industry 4.0 &#183; Atten[2]","isPartOf":{"@id":"https:\/\/atten2.com\/#website"},"datePublished":"2023-07-26T13:27:50+00:00","dateModified":"2025-04-16T09:47:29+00:00","description":"Explore the essential role of tribology in the maintenance of Industry 4.0, and how it improves machine performance and reduces costs.","breadcrumb":{"@id":"https:\/\/atten2.com\/en\/ebook-the-role-of-tribology-in-the-maintenance-of-industry-4-0\/#breadcrumb"},"inLanguage":"en-US","potentialAction":[{"@type":"ReadAction","target":["https:\/\/atten2.com\/en\/ebook-the-role-of-tribology-in-the-maintenance-of-industry-4-0\/"]}]},{"@type":"BreadcrumbList","@id":"https:\/\/atten2.com\/en\/ebook-the-role-of-tribology-in-the-maintenance-of-industry-4-0\/#breadcrumb","itemListElement":[{"@type":"ListItem","position":1,"name":"Portada","item":"https:\/\/atten2.com\/en\/"},{"@type":"ListItem","position":2,"name":"[Ebook] The role of tribology in the maintenance of Industry 4.0"}]},{"@type":"WebSite","@id":"https:\/\/atten2.com\/#website","url":"https:\/\/atten2.com\/","name":"Atten[2] \u00b7 Advanced Monitoring Technologies","description":"Sensores \u00f3pticos para la monitorizaci\u00f3n de activos cr\u00edticos","publisher":{"@id":"https:\/\/atten2.com\/#organization"},"alternateName":"Atten2 Advanced Monitoring Technologies","potentialAction":[{"@type":"SearchAction","target":{"@type":"EntryPoint","urlTemplate":"https:\/\/atten2.com\/?s={search_term_string}"},"query-input":{"@type":"PropertyValueSpecification","valueRequired":true,"valueName":"search_term_string"}}],"inLanguage":"en-US"},{"@type":"Organization","@id":"https:\/\/atten2.com\/#organization","name":"Atten2 Advanced Monitoring Technologies","url":"https:\/\/atten2.com\/","logo":{"@type":"ImageObject","inLanguage":"en-US","@id":"https:\/\/atten2.com\/#\/schema\/logo\/image\/","url":"https:\/\/atten2.com\/wp-content\/uploads\/2023\/05\/atten2.svg","contentUrl":"https:\/\/atten2.com\/wp-content\/uploads\/2023\/05\/atten2.svg","width":"1024","height":"1024","caption":"Atten2 Advanced Monitoring Technologies"},"image":{"@id":"https:\/\/atten2.com\/#\/schema\/logo\/image\/"},"sameAs":["https:\/\/www.facebook.com\/atten2technologies","https:\/\/x.com\/atten_2","https:\/\/www.linkedin.com\/company\/atten2-advanced-monitoring-technologies\/","https:\/\/www.youtube.com\/@atten2advancedmonitoringte884\/"]}]}},"_links":{"self":[{"href":"https:\/\/atten2.com\/en\/wp-json\/wp\/v2\/pages\/2903","targetHints":{"allow":["GET"]}}],"collection":[{"href":"https:\/\/atten2.com\/en\/wp-json\/wp\/v2\/pages"}],"about":[{"href":"https:\/\/atten2.com\/en\/wp-json\/wp\/v2\/types\/page"}],"author":[{"embeddable":true,"href":"https:\/\/atten2.com\/en\/wp-json\/wp\/v2\/users\/1"}],"replies":[{"embeddable":true,"href":"https:\/\/atten2.com\/en\/wp-json\/wp\/v2\/comments?post=2903"}],"version-history":[{"count":8,"href":"https:\/\/atten2.com\/en\/wp-json\/wp\/v2\/pages\/2903\/revisions"}],"predecessor-version":[{"id":3803,"href":"https:\/\/atten2.com\/en\/wp-json\/wp\/v2\/pages\/2903\/revisions\/3803"}],"wp:attachment":[{"href":"https:\/\/atten2.com\/en\/wp-json\/wp\/v2\/media?parent=2903"}],"curies":[{"name":"wp","href":"https:\/\/api.w.org\/{rel}","templated":true}]}}