{"id":2916,"date":"2023-07-28T05:49:08","date_gmt":"2023-07-28T05:49:08","guid":{"rendered":"https:\/\/atten2.com\/?page_id=2916"},"modified":"2023-07-28T08:11:00","modified_gmt":"2023-07-28T08:11:00","slug":"is-your-machinery-within-the-optimal-cleaning-limits","status":"publish","type":"page","link":"https:\/\/atten2.com\/en\/is-your-machinery-within-the-optimal-cleaning-limits\/","title":{"rendered":"[Template] Is your machinery within the optimal cleaning limits?"},"content":{"rendered":"<section class=\"l-section wpb_row height_small\"><div class=\"l-section-h i-cf\"><div class=\"g-cols vc_row via_flex valign_top type_default stacking_default\"><div class=\"vc_col-sm-12 wpb_column vc_column_container\"><div class=\"vc_column-inner\"><div class=\"wpb_wrapper\"><div class=\"g-cols wpb_row via_flex valign_top type_default stacking_default\"><div class=\"vc_col-sm-8 wpb_column vc_column_container\"><div class=\"vc_column-inner\"><div class=\"wpb_wrapper\"><div class=\"wpb_text_column azul_c\"><div class=\"wpb_wrapper\"><p>[ Template ]<\/p>\n<\/div><\/div><div class=\"wpb_text_column\"><div class=\"wpb_wrapper\"><h1>Is your machinery within the optimal cleaning limits?<\/h1>\n<\/div><\/div><\/div><\/div><\/div><div class=\"vc_col-sm-4 wpb_column vc_column_container\"><div class=\"vc_column-inner\"><div class=\"wpb_wrapper\"><\/div><\/div><\/div><\/div><div class=\"w-separator size_medium\"><\/div><div class=\"g-cols wpb_row via_flex valign_top type_default stacking_default\"><div class=\"vc_col-sm-6 wpb_column vc_column_container\"><div class=\"vc_column-inner\"><div class=\"wpb_wrapper\"><div class=\"w-image us_custom_ff58f711 align_none\"><div class=\"w-image-h\"><img loading=\"lazy\" decoding=\"async\" width=\"912\" height=\"991\" src=\"https:\/\/atten2.com\/wp-content\/uploads\/2023\/07\/plantilla-optimal-levels-cleanliness.jpg\" class=\"attachment-large size-large\" alt=\"\" srcset=\"https:\/\/atten2.com\/wp-content\/uploads\/2023\/07\/plantilla-optimal-levels-cleanliness.jpg 912w, https:\/\/atten2.com\/wp-content\/uploads\/2023\/07\/plantilla-optimal-levels-cleanliness-276x300.jpg 276w, https:\/\/atten2.com\/wp-content\/uploads\/2023\/07\/plantilla-optimal-levels-cleanliness-414x450.jpg 414w\" sizes=\"auto, (max-width: 912px) 100vw, 912px\" \/><\/div><\/div><\/div><\/div><\/div><div class=\"vc_col-sm-6 wpb_column vc_column_container\"><div class=\"vc_column-inner\"><div class=\"wpb_wrapper\"><div class=\"wpb_text_column\"><div class=\"wpb_wrapper\"><h4>Find out with our free template! Anticipate unforeseen stops!<\/h4>\n<h6>Protect your critical equipment and save unnecessary costs<\/h6>\n<p>Download our template and check that your critical machinery is within the recommended limits by type of equipment:<\/p>\n<p>You will find:<\/p>\n<ul>\n<li>A graph of <strong>optimal cleaning levels<\/strong>.<\/li>\n<li>A table of <strong>estimated cleaning values<\/strong> as a function of operating pressure.<\/li>\n<\/ul>\n<\/div><\/div><div class=\"w-separator size_small with_line width_default thick_1 style_solid color_border align_center\"><div class=\"w-separator-h\"><\/div><\/div><div class=\"wpb_text_column\"><div class=\"wpb_wrapper\"><h6>Download [ template ]<\/h6>\n<\/div><\/div><div class=\"w-separator size_custom\" style=\"height:1rem\"><\/div><div class=\"w-html\"><script charset=\"utf-8\" type=\"text\/javascript\" src=\"\/\/js.hsforms.net\/forms\/embed\/v2.js\"><\/script>\n<script>\n  hbspt.forms.create({\n    region: \"na1\",\n    portalId: \"4056355\",\n    formId: \"6d287d03-4655-4d1a-91ae-14ac0a1525f9\"\n  });\n<\/script><\/div><\/div><\/div><\/div><\/div><\/div><\/div><\/div><\/div><\/div><\/section>\n","protected":false},"excerpt":{"rendered":"[ Template ] Is your machinery within the optimal cleaning limits? Find out with our free template! Anticipate unforeseen stops! Protect your critical equipment and save unnecessary costs Download our template and check that your critical machinery is within the recommended limits by type of equipment: You will find: A graph of optimal cleaning levels....","protected":false},"author":1,"featured_media":0,"parent":0,"menu_order":0,"comment_status":"closed","ping_status":"closed","template":"","meta":{"content-type":"","footnotes":""},"class_list":["post-2916","page","type-page","status-publish","hentry"],"yoast_head":"<!-- This site is optimized with the Yoast SEO plugin v20.9 - https:\/\/yoast.com\/wordpress\/plugins\/seo\/ -->\n<title>[Template] Is your machinery within the optimal cleaning limits? &middot; Atten[2]<\/title>\n<meta name=\"robots\" content=\"index, follow, max-snippet:-1, max-image-preview:large, max-video-preview:-1\" \/>\n<link rel=\"canonical\" href=\"https:\/\/atten2.com\/en\/is-your-machinery-within-the-optimal-cleaning-limits\/\" \/>\n<meta property=\"og:locale\" content=\"en_US\" \/>\n<meta property=\"og:type\" content=\"article\" \/>\n<meta property=\"og:title\" content=\"[Template] Is your machinery within the optimal cleaning limits? &middot; Atten[2]\" \/>\n<meta property=\"og:url\" content=\"https:\/\/atten2.com\/en\/is-your-machinery-within-the-optimal-cleaning-limits\/\" \/>\n<meta property=\"og:site_name\" content=\"Atten[2]\" \/>\n<meta property=\"article:publisher\" content=\"https:\/\/www.facebook.com\/atten2technologies\" \/>\n<meta property=\"article:modified_time\" content=\"2023-07-28T08:11:00+00:00\" \/>\n<meta property=\"og:image\" content=\"https:\/\/atten2.com\/wp-content\/uploads\/2023\/06\/sensores-1.jpg\" \/>\n\t<meta property=\"og:image:width\" content=\"1550\" \/>\n\t<meta property=\"og:image:height\" content=\"675\" \/>\n\t<meta property=\"og:image:type\" content=\"image\/jpeg\" \/>\n<meta name=\"twitter:card\" content=\"summary_large_image\" \/>\n<meta name=\"twitter:site\" content=\"@atten_2\" \/>\n<script type=\"application\/ld+json\" class=\"yoast-schema-graph\">{\"@context\":\"https:\/\/schema.org\",\"@graph\":[{\"@type\":\"WebPage\",\"@id\":\"https:\/\/atten2.com\/en\/is-your-machinery-within-the-optimal-cleaning-limits\/\",\"url\":\"https:\/\/atten2.com\/en\/is-your-machinery-within-the-optimal-cleaning-limits\/\",\"name\":\"[Template] Is your machinery within the optimal cleaning limits? &middot; Atten[2]\",\"isPartOf\":{\"@id\":\"https:\/\/atten2.com\/#website\"},\"datePublished\":\"2023-07-28T05:49:08+00:00\",\"dateModified\":\"2023-07-28T08:11:00+00:00\",\"breadcrumb\":{\"@id\":\"https:\/\/atten2.com\/en\/is-your-machinery-within-the-optimal-cleaning-limits\/#breadcrumb\"},\"inLanguage\":\"en-US\",\"potentialAction\":[{\"@type\":\"ReadAction\",\"target\":[\"https:\/\/atten2.com\/en\/is-your-machinery-within-the-optimal-cleaning-limits\/\"]}]},{\"@type\":\"BreadcrumbList\",\"@id\":\"https:\/\/atten2.com\/en\/is-your-machinery-within-the-optimal-cleaning-limits\/#breadcrumb\",\"itemListElement\":[{\"@type\":\"ListItem\",\"position\":1,\"name\":\"Portada\",\"item\":\"https:\/\/atten2.com\/en\/home1\/\"},{\"@type\":\"ListItem\",\"position\":2,\"name\":\"[Template] Is your machinery within the optimal cleaning limits?\"}]},{\"@type\":\"WebSite\",\"@id\":\"https:\/\/atten2.com\/#website\",\"url\":\"https:\/\/atten2.com\/\",\"name\":\"Atten[2] \u00b7 Advanced Monitoring Technologies\",\"description\":\"Sensores \u00f3pticos para la monitorizaci\u00f3n de activos cr\u00edticos\",\"publisher\":{\"@id\":\"https:\/\/atten2.com\/#organization\"},\"alternateName\":\"Atten2 Advanced Monitoring Technologies\",\"potentialAction\":[{\"@type\":\"SearchAction\",\"target\":{\"@type\":\"EntryPoint\",\"urlTemplate\":\"https:\/\/atten2.com\/?s={search_term_string}\"},\"query-input\":\"required name=search_term_string\"}],\"inLanguage\":\"en-US\"},{\"@type\":\"Organization\",\"@id\":\"https:\/\/atten2.com\/#organization\",\"name\":\"Atten2 Advanced Monitoring Technologies\",\"url\":\"https:\/\/atten2.com\/\",\"logo\":{\"@type\":\"ImageObject\",\"inLanguage\":\"en-US\",\"@id\":\"https:\/\/atten2.com\/#\/schema\/logo\/image\/\",\"url\":\"https:\/\/atten2.com\/wp-content\/uploads\/2023\/05\/atten2.svg\",\"contentUrl\":\"https:\/\/atten2.com\/wp-content\/uploads\/2023\/05\/atten2.svg\",\"width\":\"1024\",\"height\":\"1024\",\"caption\":\"Atten2 Advanced Monitoring Technologies\"},\"image\":{\"@id\":\"https:\/\/atten2.com\/#\/schema\/logo\/image\/\"},\"sameAs\":[\"https:\/\/www.facebook.com\/atten2technologies\",\"https:\/\/twitter.com\/atten_2\",\"https:\/\/www.linkedin.com\/company\/atten2-advanced-monitoring-technologies\/\",\"https:\/\/www.youtube.com\/@atten2advancedmonitoringte884\/\"]}]}<\/script>\n<!-- \/ Yoast SEO plugin. -->","yoast_head_json":{"title":"[Template] Is your machinery within the optimal cleaning limits? &middot; Atten[2]","robots":{"index":"index","follow":"follow","max-snippet":"max-snippet:-1","max-image-preview":"max-image-preview:large","max-video-preview":"max-video-preview:-1"},"canonical":"https:\/\/atten2.com\/en\/is-your-machinery-within-the-optimal-cleaning-limits\/","og_locale":"en_US","og_type":"article","og_title":"[Template] Is your machinery within the optimal cleaning limits? &middot; Atten[2]","og_url":"https:\/\/atten2.com\/en\/is-your-machinery-within-the-optimal-cleaning-limits\/","og_site_name":"Atten[2]","article_publisher":"https:\/\/www.facebook.com\/atten2technologies","article_modified_time":"2023-07-28T08:11:00+00:00","og_image":[{"width":1550,"height":675,"url":"https:\/\/atten2.com\/wp-content\/uploads\/2023\/06\/sensores-1.jpg","type":"image\/jpeg"}],"twitter_card":"summary_large_image","twitter_site":"@atten_2","schema":{"@context":"https:\/\/schema.org","@graph":[{"@type":"WebPage","@id":"https:\/\/atten2.com\/en\/is-your-machinery-within-the-optimal-cleaning-limits\/","url":"https:\/\/atten2.com\/en\/is-your-machinery-within-the-optimal-cleaning-limits\/","name":"[Template] Is your machinery within the optimal cleaning limits? &middot; Atten[2]","isPartOf":{"@id":"https:\/\/atten2.com\/#website"},"datePublished":"2023-07-28T05:49:08+00:00","dateModified":"2023-07-28T08:11:00+00:00","breadcrumb":{"@id":"https:\/\/atten2.com\/en\/is-your-machinery-within-the-optimal-cleaning-limits\/#breadcrumb"},"inLanguage":"en-US","potentialAction":[{"@type":"ReadAction","target":["https:\/\/atten2.com\/en\/is-your-machinery-within-the-optimal-cleaning-limits\/"]}]},{"@type":"BreadcrumbList","@id":"https:\/\/atten2.com\/en\/is-your-machinery-within-the-optimal-cleaning-limits\/#breadcrumb","itemListElement":[{"@type":"ListItem","position":1,"name":"Portada","item":"https:\/\/atten2.com\/en\/home1\/"},{"@type":"ListItem","position":2,"name":"[Template] Is your machinery within the optimal cleaning limits?"}]},{"@type":"WebSite","@id":"https:\/\/atten2.com\/#website","url":"https:\/\/atten2.com\/","name":"Atten[2] \u00b7 Advanced Monitoring Technologies","description":"Sensores \u00f3pticos para la monitorizaci\u00f3n de activos cr\u00edticos","publisher":{"@id":"https:\/\/atten2.com\/#organization"},"alternateName":"Atten2 Advanced Monitoring Technologies","potentialAction":[{"@type":"SearchAction","target":{"@type":"EntryPoint","urlTemplate":"https:\/\/atten2.com\/?s={search_term_string}"},"query-input":"required name=search_term_string"}],"inLanguage":"en-US"},{"@type":"Organization","@id":"https:\/\/atten2.com\/#organization","name":"Atten2 Advanced Monitoring Technologies","url":"https:\/\/atten2.com\/","logo":{"@type":"ImageObject","inLanguage":"en-US","@id":"https:\/\/atten2.com\/#\/schema\/logo\/image\/","url":"https:\/\/atten2.com\/wp-content\/uploads\/2023\/05\/atten2.svg","contentUrl":"https:\/\/atten2.com\/wp-content\/uploads\/2023\/05\/atten2.svg","width":"1024","height":"1024","caption":"Atten2 Advanced Monitoring Technologies"},"image":{"@id":"https:\/\/atten2.com\/#\/schema\/logo\/image\/"},"sameAs":["https:\/\/www.facebook.com\/atten2technologies","https:\/\/twitter.com\/atten_2","https:\/\/www.linkedin.com\/company\/atten2-advanced-monitoring-technologies\/","https:\/\/www.youtube.com\/@atten2advancedmonitoringte884\/"]}]}},"_links":{"self":[{"href":"https:\/\/atten2.com\/en\/wp-json\/wp\/v2\/pages\/2916","targetHints":{"allow":["GET"]}}],"collection":[{"href":"https:\/\/atten2.com\/en\/wp-json\/wp\/v2\/pages"}],"about":[{"href":"https:\/\/atten2.com\/en\/wp-json\/wp\/v2\/types\/page"}],"author":[{"embeddable":true,"href":"https:\/\/atten2.com\/en\/wp-json\/wp\/v2\/users\/1"}],"replies":[{"embeddable":true,"href":"https:\/\/atten2.com\/en\/wp-json\/wp\/v2\/comments?post=2916"}],"version-history":[{"count":6,"href":"https:\/\/atten2.com\/en\/wp-json\/wp\/v2\/pages\/2916\/revisions"}],"predecessor-version":[{"id":2949,"href":"https:\/\/atten2.com\/en\/wp-json\/wp\/v2\/pages\/2916\/revisions\/2949"}],"wp:attachment":[{"href":"https:\/\/atten2.com\/en\/wp-json\/wp\/v2\/media?parent=2916"}],"curies":[{"name":"wp","href":"https:\/\/api.w.org\/{rel}","templated":true}]}}