{"id":3631,"date":"2024-12-30T11:18:15","date_gmt":"2024-12-30T10:18:15","guid":{"rendered":"https:\/\/atten2.com\/?page_id=3631"},"modified":"2025-03-09T18:57:45","modified_gmt":"2025-03-09T17:57:45","slug":"after-sales-services","status":"publish","type":"page","link":"https:\/\/atten2.com\/en\/support\/after-sales-services\/","title":{"rendered":"After-sales services"},"content":{"rendered":"<section class=\"l-section wpb_row height_medium with_img\"><div class=\"l-section-img\" data-img-width=\"1550\" data-img-height=\"675\" style=\"background-image: url(https:\/\/atten2.com\/wp-content\/uploads\/2024\/07\/servicio-post-venta.jpg);background-position: top center;background-repeat: no-repeat;\"><\/div><div class=\"l-section-overlay\" style=\"background:linear-gradient(180deg,rgba(0,0,0,0.00),rgba(0,0,0,0.30))\"><\/div><div class=\"l-section-h i-cf\"><div class=\"g-cols vc_row via_flex valign_middle type_default stacking_default\"><div class=\"vc_col-sm-12 wpb_column vc_column_container\"><div class=\"vc_column-inner\"><div class=\"wpb_wrapper\"><div class=\"w-separator size_huge\"><\/div><div class=\"wpb_text_column us_custom_8b3d6790 has_text_color\"><div class=\"wpb_wrapper\"><h1>After-sales services<\/h1>\n<\/div><\/div><\/div><\/div><\/div><\/div><\/div><\/section><section class=\"l-section wpb_row height_medium\"><div class=\"l-section-h i-cf\"><div class=\"g-cols vc_row via_flex valign_top type_default stacking_default\"><div class=\"vc_col-sm-12 wpb_column vc_column_container\"><div class=\"vc_column-inner\"><div class=\"wpb_wrapper\"><ol class=\"g-breadcrumbs us_custom_62ee7e03 has_text_color separator_custom align_none\"><li class=\"g-breadcrumbs-item\"><a href=\"https:\/\/atten2.com\/en\/\">Home<\/a><meta content=\"1\"\/><\/li><li class=\"g-breadcrumbs-separator\">\/<\/li><li class=\"g-breadcrumbs-item\">Pages<\/li><\/ol><\/div><\/div><\/div><\/div><\/div><\/section><section class=\"l-section wpb_row height_auto\"><div class=\"l-section-h i-cf\"><div class=\"g-cols vc_row via_flex valign_top type_default stacking_default\"><div class=\"vc_col-sm-12 wpb_column vc_column_container\"><div class=\"vc_column-inner\"><div class=\"wpb_wrapper\"><div class=\"g-cols wpb_row via_flex valign_top type_default stacking_default\"><div class=\"vc_col-sm-12 wpb_column vc_column_container\"><div class=\"vc_column-inner\"><div class=\"wpb_wrapper\"><div class=\"wpb_text_column\"><div class=\"wpb_wrapper\"><h2>Welcome to the<br \/>\nAtten2 after-sales<br \/>\nservices area!<\/h2>\n<\/div><\/div><\/div><\/div><\/div><\/div><div class=\"w-separator size_large\"><\/div><div class=\"g-cols wpb_row via_flex valign_top type_default stacking_default\"><div class=\"vc_col-sm-6 wpb_column vc_column_container\"><div class=\"vc_column-inner\"><div class=\"wpb_wrapper\"><\/div><\/div><\/div><div class=\"vc_col-sm-6 wpb_column vc_column_container\"><div class=\"vc_column-inner\"><div class=\"wpb_wrapper\"><div class=\"wpb_text_column\"><div class=\"wpb_wrapper\"><h3>Our commitment to you goes beyond the purchase<\/h3>\n<p>At <strong>Atten[2]<\/strong>, our relationship with you doesn\u2019t end at the moment of purchase, it\u2019s just the beginning of our commitment to ensuring that your experience with our solutions is exceptional every step of the way.<\/p>\n<p>Whether you need verification, recalibration, sensor cleaning, or assistance with an issue, our technical team is ready to help. Keeping sensors in optimal condition is essential for reliable performance and accurate measurements. Over time, factors such as dirt accumulation, environmental changes, or external damage can affect sensor accuracy. That\u2019s why we offer the following services:<\/p>\n<ul>\n<li><strong>Product Maintenance:<\/strong> Verification, recalibration, and cleaning to ensure sensors operate optimally and provide reliable data.<\/li>\n<li><strong>Issue Resolution:<\/strong> Fast and effective solutions in case of failures or technical problems with the sensor.<\/li>\n<\/ul>\n<\/div><\/div><\/div><\/div><\/div><\/div><div class=\"w-separator size_large\"><\/div><div class=\"w-image us_custom_aeeef171 img-full us_animate_this align_center\"><div class=\"w-image-h\"><img loading=\"lazy\" decoding=\"async\" width=\"1550\" height=\"672\" src=\"https:\/\/atten2.com\/wp-content\/uploads\/2023\/06\/energias-renovables-1.jpg\" class=\"attachment-full size-full\" alt=\"\" srcset=\"https:\/\/atten2.com\/wp-content\/uploads\/2023\/06\/energias-renovables-1.jpg 1550w, https:\/\/atten2.com\/wp-content\/uploads\/2023\/06\/energias-renovables-1-300x130.jpg 300w, https:\/\/atten2.com\/wp-content\/uploads\/2023\/06\/energias-renovables-1-1024x444.jpg 1024w\" sizes=\"auto, (max-width: 1550px) 100vw, 1550px\" \/><\/div><\/div><\/div><\/div><\/div><\/div><\/div><\/section><section class=\"l-section wpb_row height_medium\"><div class=\"l-section-h i-cf\"><div class=\"g-cols vc_row via_flex valign_top type_default stacking_default\"><div class=\"vc_col-sm-12 wpb_column vc_column_container\"><div class=\"vc_column-inner\"><div class=\"wpb_wrapper\"><div class=\"g-cols wpb_row via_flex valign_top type_default stacking_default\"><div class=\"vc_col-sm-6 wpb_column vc_column_container\"><div class=\"vc_column-inner\"><div class=\"wpb_wrapper\"><\/div><\/div><\/div><div class=\"vc_col-sm-6 wpb_column vc_column_container\"><div class=\"vc_column-inner\"><div class=\"wpb_wrapper\"><div class=\"wpb_text_column\"><div class=\"wpb_wrapper\"><h3>How to Proceed?<\/h3>\n<p>To request maintenance or report an issue, simply fill out the contact form we provide. In the Case Type field, select:<\/p>\n<ul>\n<li><strong>Product Maintenance:<\/strong> For verification, recalibration, or sensor cleaning.<\/li>\n<li><strong>Issue:<\/strong> For any technical problem or unexpected situation related to the sensor.<\/li>\n<\/ul>\n<p>Once you submit the form, you will receive a case code (RMA) generated by our technical team to track your request. By submitting the form, you automatically accept our <a href=\"https:\/\/atten2.com\/en\/return-policy\/\">return policy<\/a>.<\/p>\n<\/div><\/div><\/div><\/div><\/div><\/div><\/div><\/div><\/div><\/div><\/div><\/section><section class=\"l-section wpb_row height_medium\"><div class=\"l-section-h i-cf\"><div class=\"g-cols vc_row via_flex valign_top type_default stacking_default\"><div class=\"vc_col-sm-12 wpb_column vc_column_container\"><div class=\"vc_column-inner\"><div class=\"wpb_wrapper\"><div class=\"w-html\"><div class=\"form-container\">\n\t\t<h1>Create a Case<\/h1>\n\t\t<form action=\"https:\/\/webto.salesforce.com\/servlet\/servlet.WebToCase?encoding=UTF-8&orgId=00D58000000ZVgy\" method=\"POST\">\n\n\t\t<input type=hidden name=\"orgid\" value=\"00D58000000ZVgy\">\n\t\t<input type=hidden name=\"retURL\" value=\"https:\/\/atten2.com\/en\/\">\n\t\t\t<div class=\"form-group\">\n\t\t\t\t<label for=\"company\">Company<\/label><input  id=\"company\" maxlength=\"80\" name=\"company\" size=\"20\" type=\"text\" \/><br>\n\t\t\t<\/div>\n\t\t\t<div class=\"form-group\">\n\t\t\t\t<label for=\"name\">Contact Name<\/label>\n\t\t\t\t<input  id=\"name\" maxlength=\"80\" name=\"name\" size=\"20\" type=\"text\" \/><br>\n\t\t\t<\/div>\n\t\t\t<div class=\"form-group\">\n\t\t\t\t<label for=\"email\">Email<\/label>\n\t\t\t\t<input  id=\"email\" maxlength=\"80\" name=\"email\" size=\"20\" type=\"text\" required\/><br>\n\t\t\t<\/div>\n\t\t\t<div class=\"form-group\">\n\t\t\t\t<label for=\"phone\">Phone<\/label>\n\t\t\t\t<input  id=\"phone\" maxlength=\"40\" name=\"phone\" size=\"20\" type=\"text\" required\/><br>\n\t\t\t<\/div>\n\t\t\t<div class=\"form-group\">\n\t\t\t\t<label for=\"adress\">Address<\/label>\n\t\t\t\t<input  id=\"00NN1000004ML0j\" maxlength=\"255\" name=\"00NN1000004ML0j\" size=\"20\" type=\"text\" \/><br>\n\t\t\t<\/div>\n\t\t\t<div class=\"form-group\">\n\t\t\t\t<label for=\"state\">State<\/label>\n\t\t\t\t<input  id=\"00NN1000004ML0s\" maxlength=\"255\" name=\"00NN1000004ML0s\" size=\"20\" type=\"text\" \/><br>\n\t\t\t<\/div>\n\t\t\t<div class=\"form-group\">\n\t\t\t\t<label for=\"city\">City<\/label>\n\t\t\t\t<input  id=\"00NN1000004ML0k\" maxlength=\"255\" name=\"00NN1000004ML0k\" size=\"20\" type=\"text\" \/><br>\n\t\t\t<\/div>\n\t\t\t<div class=\"form-group\">\n\t\t\t\t<label for=\"zipcode\">Zip Code<\/label>\n\t\t\t\t<input  id=\"00NN1000004ML0w\" maxlength=\"255\" name=\"00NN1000004ML0w\" size=\"20\" type=\"text\" \/><br>\n\t\t\t<\/div>\n\t\t\t<div class=\"form-group\">\n\t\t\t\t<label for=\"product\">Product<\/label>\n\t\t\t\t<input  id=\"00NN1000004ML0q\" maxlength=\"255\" name=\"00NN1000004ML0q\" size=\"20\" type=\"text\" \/><br>\n\t\t\t<\/div>\n\t\t\t<div class=\"form-group\">\n\t\t\t\t<label for=\"zipcode\">Serial Number<\/label>\n\t\t\t\t<input  id=\"00NN1000004ML0x\" maxlength=\"255\" name=\"00NN1000004ML0x\" size=\"20\" type=\"text\" \/><br>\n\t\t\t<\/div>\n\t\t\t<div class=\"form-group\">\n\t\t\t\t<label for=\"screeing\">First case-type screening<\/label>\n\t\t\t\t<select  id=\"00NN1000005fJ0b\" name=\"00NN1000005fJ0b\" title=\"First case-type screening\">\n\t\t\t\t\t<option value=\"\">--None--<\/option>\n\t\t\t\t\t<option value=\"Product maintenance\">Product maintenance<\/option>\n\t\t\t\t\t<option value=\"Incidence\">Incidence<\/option>\n\t\t\t\t<\/select><br>\n\t\t\t<\/div>\n\t\t\t<div class=\"form-group\">\n\t\t\t\t<label for=\"status\">Product Status<\/label>\n\t\t\t\t<select  id=\"00NN1000004ML0r\" name=\"00NN1000004ML0r\" title=\"Product status\">\n\t\t\t\t\t<option value=\"\">--None--<\/option>\n\t\t\t\t\t<option value=\"New\">New<\/option>\n\t\t\t\t\t<option value=\"In operation\">In operation<\/option>\n\t\t\t\t<\/select><br>\n\t\t\t<\/div>\n\t\t\t<div class=\"form-group\">\n\t\t\t\t<label for=\"subject\">Subject<\/label>\n\t\t\t\t<input  id=\"subject\" maxlength=\"80\" name=\"subject\" size=\"20\" type=\"text\" required\/><br>\n\t\t\t<\/div>\n\t\t\t<div class=\"form-group\">\n\t\t\t\t<label for=\"description\">Description<\/label>\n\t\t\t\t<textarea name=\"description\"><\/textarea><br>\n\t\t\t<\/div>\n\t\t\t<div class=\"form-group check-form\">\n\t\t <input  id=\"00NN1000004ML0o\" name=\"00NN1000004ML0o\" type=\"checkbox\" value=\"1\" required  class=\"check-form\"\/>\n<label for=\"policy\">I have read the return policy.<\/label>\n\t\t\t\t<br>\n\t\t\t<\/div>\n\n\n\n\n\n\n<div class=\"hs_recaptcha hs-recaptcha field hs-form-field\"><div class=\"input\"><div class=\"grecaptcha-badge\" data-style=\"inline\" style=\"width: 256px; height: 60px; box-shadow: gray 0px 0px 5px;\"><div class=\"grecaptcha-logo\"><iframe loading=\"lazy\" title=\"reCAPTCHA\" width=\"256\" height=\"60\" role=\"presentation\" name=\"a-igglk2v2ix2\" frameborder=\"0\" scrolling=\"no\" sandbox=\"allow-forms allow-popups allow-same-origin allow-scripts allow-top-navigation allow-modals allow-popups-to-escape-sandbox allow-storage-access-by-user-activation\" src=\"https:\/\/www.google.com\/recaptcha\/enterprise\/anchor?ar=1&amp;k=6Ld_ad8ZAAAAAAqr0ePo1dUfAi0m4KPkCMQYwPPm&amp;co=aHR0cHM6Ly9hdHRlbjIuY29tOjQ0Mw..&amp;hl=es&amp;v=1Bq_oiMBd4XPUhKDwr0YL1Js&amp;size=invisible&amp;badge=inline&amp;cb=ydm9bjibn6s3\"><\/iframe><\/div><div class=\"grecaptcha-error\"><\/div><textarea id=\"g-recaptcha-response-1\" name=\"g-recaptcha-response\" class=\"g-recaptcha-response\" style=\"width: 250px; height: 40px; border: 1px solid rgb(193, 193, 193); margin: 10px 25px; padding: 0px; resize: none; display: none;\"><\/textarea><\/div><\/div><input type=\"hidden\" name=\"g-recaptcha-response\" id=\"hs-recaptcha-response\" value=\"\"><\/div><br>\n\n\n\n\t\t\t<div class=\"form-group\">\n\t\t\t\t<button type=\"submit\">Send<\/button>\n\t\t\t<\/div>\n\t\t<\/form>\n\t<\/div>\n\n<\/div><div class=\"w-separator size_small\"><\/div><\/div><\/div><\/div><\/div><\/div><\/section>\n","protected":false},"excerpt":{"rendered":"After-sales services Home\/Pages Welcome to the Atten2 after-sales services area! Our commitment to you goes beyond the purchase At Atten[2], our relationship with you doesn\u2019t end at the moment of purchase, it\u2019s just the beginning of our commitment to ensuring that your experience with our solutions is exceptional every step of the way. Whether you...","protected":false},"author":4,"featured_media":0,"parent":3588,"menu_order":0,"comment_status":"closed","ping_status":"closed","template":"","meta":{"content-type":"","footnotes":""},"class_list":["post-3631","page","type-page","status-publish","hentry"],"yoast_head":"<!-- This site is optimized with the Yoast SEO plugin v20.9 - https:\/\/yoast.com\/wordpress\/plugins\/seo\/ -->\n<title>Atten[2] \u00b7 Deep [ monitoring solutions ]<\/title>\n<meta name=\"description\" content=\"Desarrollamos soluciones de monitorizaci\u00f3n de la condici\u00f3n para sus activos cr\u00edticos. Tecnolog\u00eda \u00f3ptica avanzada para la mejor toma de decisiones.\" \/>\n<meta name=\"robots\" content=\"index, follow, max-snippet:-1, max-image-preview:large, max-video-preview:-1\" \/>\n<link rel=\"canonical\" href=\"https:\/\/atten2.com\/en\/support\/after-sales-services\/\" \/>\n<meta property=\"og:locale\" content=\"en_US\" \/>\n<meta property=\"og:type\" content=\"article\" \/>\n<meta property=\"og:title\" content=\"Atten[2] \u00b7 Deep [ monitoring solutions ]\" \/>\n<meta property=\"og:description\" content=\"Desarrollamos soluciones de monitorizaci\u00f3n de la condici\u00f3n para sus activos cr\u00edticos. Tecnolog\u00eda \u00f3ptica avanzada para la mejor toma de decisiones.\" \/>\n<meta property=\"og:url\" content=\"https:\/\/atten2.com\/en\/support\/after-sales-services\/\" \/>\n<meta property=\"og:site_name\" content=\"Atten[2]\" \/>\n<meta property=\"article:publisher\" content=\"https:\/\/www.facebook.com\/atten2technologies\" \/>\n<meta property=\"article:modified_time\" content=\"2025-03-09T17:57:45+00:00\" \/>\n<meta property=\"og:image\" content=\"https:\/\/atten2.com\/wp-content\/uploads\/2023\/06\/sensores-1.jpg\" \/>\n\t<meta property=\"og:image:width\" content=\"1550\" \/>\n\t<meta property=\"og:image:height\" content=\"675\" \/>\n\t<meta property=\"og:image:type\" content=\"image\/jpeg\" \/>\n<meta name=\"twitter:card\" content=\"summary_large_image\" \/>\n<meta name=\"twitter:site\" content=\"@atten_2\" \/>\n<script type=\"application\/ld+json\" class=\"yoast-schema-graph\">{\"@context\":\"https:\/\/schema.org\",\"@graph\":[{\"@type\":\"WebPage\",\"@id\":\"https:\/\/atten2.com\/en\/support\/after-sales-services\/\",\"url\":\"https:\/\/atten2.com\/en\/support\/after-sales-services\/\",\"name\":\"Atten[2] \u00b7 Deep [ monitoring solutions ]\",\"isPartOf\":{\"@id\":\"https:\/\/atten2.com\/#website\"},\"datePublished\":\"2024-12-30T10:18:15+00:00\",\"dateModified\":\"2025-03-09T17:57:45+00:00\",\"description\":\"Desarrollamos soluciones de monitorizaci\u00f3n de la condici\u00f3n para sus activos cr\u00edticos. Tecnolog\u00eda \u00f3ptica avanzada para la mejor toma de decisiones.\",\"breadcrumb\":{\"@id\":\"https:\/\/atten2.com\/en\/support\/after-sales-services\/#breadcrumb\"},\"inLanguage\":\"en-US\",\"potentialAction\":[{\"@type\":\"ReadAction\",\"target\":[\"https:\/\/atten2.com\/en\/support\/after-sales-services\/\"]}]},{\"@type\":\"BreadcrumbList\",\"@id\":\"https:\/\/atten2.com\/en\/support\/after-sales-services\/#breadcrumb\",\"itemListElement\":[{\"@type\":\"ListItem\",\"position\":1,\"name\":\"Portada\",\"item\":\"https:\/\/atten2.com\/en\/home1\/\"},{\"@type\":\"ListItem\",\"position\":2,\"name\":\"Support\",\"item\":\"https:\/\/atten2.com\/en\/support\/\"},{\"@type\":\"ListItem\",\"position\":3,\"name\":\"After-sales services\"}]},{\"@type\":\"WebSite\",\"@id\":\"https:\/\/atten2.com\/#website\",\"url\":\"https:\/\/atten2.com\/\",\"name\":\"Atten[2] \u00b7 Advanced Monitoring Technologies\",\"description\":\"Sensores \u00f3pticos para la monitorizaci\u00f3n de activos cr\u00edticos\",\"publisher\":{\"@id\":\"https:\/\/atten2.com\/#organization\"},\"alternateName\":\"Atten2 Advanced Monitoring Technologies\",\"potentialAction\":[{\"@type\":\"SearchAction\",\"target\":{\"@type\":\"EntryPoint\",\"urlTemplate\":\"https:\/\/atten2.com\/?s={search_term_string}\"},\"query-input\":\"required name=search_term_string\"}],\"inLanguage\":\"en-US\"},{\"@type\":\"Organization\",\"@id\":\"https:\/\/atten2.com\/#organization\",\"name\":\"Atten2 Advanced Monitoring Technologies\",\"url\":\"https:\/\/atten2.com\/\",\"logo\":{\"@type\":\"ImageObject\",\"inLanguage\":\"en-US\",\"@id\":\"https:\/\/atten2.com\/#\/schema\/logo\/image\/\",\"url\":\"https:\/\/atten2.com\/wp-content\/uploads\/2023\/05\/atten2.svg\",\"contentUrl\":\"https:\/\/atten2.com\/wp-content\/uploads\/2023\/05\/atten2.svg\",\"width\":\"1024\",\"height\":\"1024\",\"caption\":\"Atten2 Advanced Monitoring Technologies\"},\"image\":{\"@id\":\"https:\/\/atten2.com\/#\/schema\/logo\/image\/\"},\"sameAs\":[\"https:\/\/www.facebook.com\/atten2technologies\",\"https:\/\/twitter.com\/atten_2\",\"https:\/\/www.linkedin.com\/company\/atten2-advanced-monitoring-technologies\/\",\"https:\/\/www.youtube.com\/@atten2advancedmonitoringte884\/\"]}]}<\/script>\n<!-- \/ Yoast SEO plugin. -->","yoast_head_json":{"title":"Atten[2] \u00b7 Deep [ monitoring solutions ]","description":"Desarrollamos soluciones de monitorizaci\u00f3n de la condici\u00f3n para sus activos cr\u00edticos. Tecnolog\u00eda \u00f3ptica avanzada para la mejor toma de decisiones.","robots":{"index":"index","follow":"follow","max-snippet":"max-snippet:-1","max-image-preview":"max-image-preview:large","max-video-preview":"max-video-preview:-1"},"canonical":"https:\/\/atten2.com\/en\/support\/after-sales-services\/","og_locale":"en_US","og_type":"article","og_title":"Atten[2] \u00b7 Deep [ monitoring solutions ]","og_description":"Desarrollamos soluciones de monitorizaci\u00f3n de la condici\u00f3n para sus activos cr\u00edticos. Tecnolog\u00eda \u00f3ptica avanzada para la mejor toma de decisiones.","og_url":"https:\/\/atten2.com\/en\/support\/after-sales-services\/","og_site_name":"Atten[2]","article_publisher":"https:\/\/www.facebook.com\/atten2technologies","article_modified_time":"2025-03-09T17:57:45+00:00","og_image":[{"width":1550,"height":675,"url":"https:\/\/atten2.com\/wp-content\/uploads\/2023\/06\/sensores-1.jpg","type":"image\/jpeg"}],"twitter_card":"summary_large_image","twitter_site":"@atten_2","schema":{"@context":"https:\/\/schema.org","@graph":[{"@type":"WebPage","@id":"https:\/\/atten2.com\/en\/support\/after-sales-services\/","url":"https:\/\/atten2.com\/en\/support\/after-sales-services\/","name":"Atten[2] \u00b7 Deep [ monitoring solutions ]","isPartOf":{"@id":"https:\/\/atten2.com\/#website"},"datePublished":"2024-12-30T10:18:15+00:00","dateModified":"2025-03-09T17:57:45+00:00","description":"Desarrollamos soluciones de monitorizaci\u00f3n de la condici\u00f3n para sus activos cr\u00edticos. Tecnolog\u00eda \u00f3ptica avanzada para la mejor toma de decisiones.","breadcrumb":{"@id":"https:\/\/atten2.com\/en\/support\/after-sales-services\/#breadcrumb"},"inLanguage":"en-US","potentialAction":[{"@type":"ReadAction","target":["https:\/\/atten2.com\/en\/support\/after-sales-services\/"]}]},{"@type":"BreadcrumbList","@id":"https:\/\/atten2.com\/en\/support\/after-sales-services\/#breadcrumb","itemListElement":[{"@type":"ListItem","position":1,"name":"Portada","item":"https:\/\/atten2.com\/en\/home1\/"},{"@type":"ListItem","position":2,"name":"Support","item":"https:\/\/atten2.com\/en\/support\/"},{"@type":"ListItem","position":3,"name":"After-sales services"}]},{"@type":"WebSite","@id":"https:\/\/atten2.com\/#website","url":"https:\/\/atten2.com\/","name":"Atten[2] \u00b7 Advanced Monitoring Technologies","description":"Sensores \u00f3pticos para la monitorizaci\u00f3n de activos cr\u00edticos","publisher":{"@id":"https:\/\/atten2.com\/#organization"},"alternateName":"Atten2 Advanced Monitoring Technologies","potentialAction":[{"@type":"SearchAction","target":{"@type":"EntryPoint","urlTemplate":"https:\/\/atten2.com\/?s={search_term_string}"},"query-input":"required name=search_term_string"}],"inLanguage":"en-US"},{"@type":"Organization","@id":"https:\/\/atten2.com\/#organization","name":"Atten2 Advanced Monitoring Technologies","url":"https:\/\/atten2.com\/","logo":{"@type":"ImageObject","inLanguage":"en-US","@id":"https:\/\/atten2.com\/#\/schema\/logo\/image\/","url":"https:\/\/atten2.com\/wp-content\/uploads\/2023\/05\/atten2.svg","contentUrl":"https:\/\/atten2.com\/wp-content\/uploads\/2023\/05\/atten2.svg","width":"1024","height":"1024","caption":"Atten2 Advanced Monitoring Technologies"},"image":{"@id":"https:\/\/atten2.com\/#\/schema\/logo\/image\/"},"sameAs":["https:\/\/www.facebook.com\/atten2technologies","https:\/\/twitter.com\/atten_2","https:\/\/www.linkedin.com\/company\/atten2-advanced-monitoring-technologies\/","https:\/\/www.youtube.com\/@atten2advancedmonitoringte884\/"]}]}},"_links":{"self":[{"href":"https:\/\/atten2.com\/en\/wp-json\/wp\/v2\/pages\/3631","targetHints":{"allow":["GET"]}}],"collection":[{"href":"https:\/\/atten2.com\/en\/wp-json\/wp\/v2\/pages"}],"about":[{"href":"https:\/\/atten2.com\/en\/wp-json\/wp\/v2\/types\/page"}],"author":[{"embeddable":true,"href":"https:\/\/atten2.com\/en\/wp-json\/wp\/v2\/users\/4"}],"replies":[{"embeddable":true,"href":"https:\/\/atten2.com\/en\/wp-json\/wp\/v2\/comments?post=3631"}],"version-history":[{"count":12,"href":"https:\/\/atten2.com\/en\/wp-json\/wp\/v2\/pages\/3631\/revisions"}],"predecessor-version":[{"id":4270,"href":"https:\/\/atten2.com\/en\/wp-json\/wp\/v2\/pages\/3631\/revisions\/4270"}],"up":[{"embeddable":true,"href":"https:\/\/atten2.com\/en\/wp-json\/wp\/v2\/pages\/3588"}],"wp:attachment":[{"href":"https:\/\/atten2.com\/en\/wp-json\/wp\/v2\/media?parent=3631"}],"curies":[{"name":"wp","href":"https:\/\/api.w.org\/{rel}","templated":true}]}}