{"id":3917,"date":"2023-06-13T19:44:19","date_gmt":"2023-06-13T18:44:19","guid":{"rendered":"https:\/\/atten2.com\/condiciones-legales\/"},"modified":"2025-04-15T11:10:50","modified_gmt":"2025-04-15T10:10:50","slug":"legal-conditions","status":"publish","type":"page","link":"https:\/\/atten2.com\/en\/legal-conditions\/","title":{"rendered":"Legal conditions"},"content":{"rendered":"<section class=\"l-section wpb_row height_medium\"><div class=\"l-section-h i-cf\"><div class=\"g-cols vc_row via_flex valign_top type_default stacking_default\"><div class=\"vc_col-sm-12 wpb_column vc_column_container\"><div class=\"vc_column-inner\"><div class=\"wpb_wrapper\"><div class=\"wpb_text_column\"><div class=\"wpb_wrapper\"><h1>Terms of use<\/h1>\n<p><strong>Atten2 Advanced Monitoring Technologies<\/strong> cannot assume any responsibility for the incorrect, inappropriate, or illegal use of the information displayed on the web pages of <strong>Atten2 Advanced Monitoring Technologies<\/strong>. Within the limits established by law, <strong>Atten2 Advanced Monitoring Technologie<\/strong>s assumes no responsibility for the lack of truthfulness, completeness, timeliness, or accuracy of the data or information contained on its web pages.<\/p>\n<p>The content and information found on the web pages of <strong>Atten2 Advanced Monitoring Technologies<\/strong> are created by qualified professionals. However, such content and information do not bind<strong> Atten2 Advanced Monitoring Technologies<\/strong>, nor do they constitute opinions, advice, estimates, or consultations of any kind, as they are merely offered for informational and educational purposes.<\/p>\n<p>The website of <strong>Atten2 Advanced Monitoring Technologies<\/strong> may contain links to other third-party websites that <strong>Atten2 Advanced Monitoring Technologies<\/strong> cannot control. Therefore, <strong>Atten2 Advanced Monitoring Technologies<\/strong> cannot assume responsibility for the content that may appear on third-party websites.<\/p>\n<p>The texts, images, sounds, animations, software, and other content included on this website are the exclusive property of <strong>Atten2 Advanced Monitoring Technologies<\/strong> or its licensors. Any act of transmission, distribution, assignment, reproduction, storage, or public communication, whether in whole or in part, must have the express consent of <strong>Atten2 Advanced Monitoring Technologies.<\/strong><\/p>\n<\/div><\/div><div class=\"w-separator size_medium\"><\/div><div class=\"wpb_text_column\"><div class=\"wpb_wrapper\"><h5>Atten2 Advanced Monitoring Technologies<\/h5>\n<\/div><\/div><div class=\"w-separator size_small\"><\/div><div class=\"w-hwrapper align_none valign_top wrap\" style=\"--hwrapper-gap:3rem\"><div class=\"wpb_text_column\"><div class=\"wpb_wrapper\"><p>Zearkale Street 36<br \/>\n48260 Ermua, Vizcaya<\/p>\n<p>Fax: +34 943 202 757<br \/>\nE-mail:\u00a0<a href=\"mailto:info@atten2.com\">info@atten2.com<\/a><br \/>\nWebsite: <a href=\"http:\/\/atten2.hv2014.wpengine.com\/\">www.atten2.com<\/a><br \/>\nC.I.F: B75064261<\/p>\n<\/div><\/div><div class=\"wpb_text_column\"><div class=\"wpb_wrapper\"><p>VIZCAYA COMMERCIAL REGISTRY<\/p>\n<p>BOOK: 5921<br \/>\nPAGE: 205<br \/>\nSHEET: BI-75198<br \/>\nREGISTRATION: 2<\/p>\n<\/div><\/div><\/div><\/div><\/div><\/div><\/div><\/div><\/section>\n","protected":false},"excerpt":{"rendered":"Terms of use Atten2 Advanced Monitoring Technologies cannot assume any responsibility for the incorrect, inappropriate, or illegal use of the information displayed on the web pages of Atten2 Advanced Monitoring Technologies. Within the limits established by law, Atten2 Advanced Monitoring Technologies assumes no responsibility for the lack of truthfulness, completeness, timeliness, or accuracy of the...","protected":false},"author":1,"featured_media":0,"parent":0,"menu_order":11,"comment_status":"closed","ping_status":"closed","template":"","meta":{"content-type":"","footnotes":""},"class_list":["post-3917","page","type-page","status-publish","hentry"],"yoast_head":"<!-- This site is optimized with the Yoast SEO plugin v20.9 - https:\/\/yoast.com\/wordpress\/plugins\/seo\/ -->\n<title>Legal conditions &middot; Atten[2]<\/title>\n<meta name=\"description\" content=\"Consulta nuestras pol\u00edticas de privacidad, cookies y condiciones legales para saber c\u00f3mo protegemos tus datos.\" \/>\n<meta name=\"robots\" content=\"index, follow, max-snippet:-1, max-image-preview:large, max-video-preview:-1\" \/>\n<link rel=\"canonical\" href=\"https:\/\/atten2.com\/en\/legal-conditions\/\" \/>\n<meta property=\"og:locale\" content=\"en_US\" \/>\n<meta property=\"og:type\" content=\"article\" \/>\n<meta property=\"og:title\" content=\"Legal conditions &middot; Atten[2]\" \/>\n<meta property=\"og:description\" content=\"Consulta nuestras pol\u00edticas de privacidad, cookies y condiciones legales para saber c\u00f3mo protegemos tus datos.\" \/>\n<meta property=\"og:url\" content=\"https:\/\/atten2.com\/en\/legal-conditions\/\" \/>\n<meta property=\"og:site_name\" content=\"Atten[2]\" \/>\n<meta property=\"article:publisher\" content=\"https:\/\/www.facebook.com\/atten2technologies\" \/>\n<meta property=\"article:modified_time\" content=\"2025-04-15T10:10:50+00:00\" \/>\n<meta property=\"og:image\" content=\"https:\/\/atten2.com\/wp-content\/uploads\/2023\/06\/sensores-1.jpg\" \/>\n\t<meta property=\"og:image:width\" content=\"1550\" \/>\n\t<meta property=\"og:image:height\" content=\"675\" \/>\n\t<meta property=\"og:image:type\" content=\"image\/jpeg\" \/>\n<meta name=\"twitter:card\" content=\"summary_large_image\" \/>\n<meta name=\"twitter:site\" content=\"@atten_2\" \/>\n<script type=\"application\/ld+json\" class=\"yoast-schema-graph\">{\"@context\":\"https:\/\/schema.org\",\"@graph\":[{\"@type\":\"WebPage\",\"@id\":\"https:\/\/atten2.com\/en\/legal-conditions\/\",\"url\":\"https:\/\/atten2.com\/en\/legal-conditions\/\",\"name\":\"Legal conditions &middot; Atten[2]\",\"isPartOf\":{\"@id\":\"https:\/\/atten2.com\/#website\"},\"datePublished\":\"2023-06-13T18:44:19+00:00\",\"dateModified\":\"2025-04-15T10:10:50+00:00\",\"description\":\"Consulta nuestras pol\u00edticas de privacidad, cookies y condiciones legales para saber c\u00f3mo protegemos tus datos.\",\"breadcrumb\":{\"@id\":\"https:\/\/atten2.com\/en\/legal-conditions\/#breadcrumb\"},\"inLanguage\":\"en-US\",\"potentialAction\":[{\"@type\":\"ReadAction\",\"target\":[\"https:\/\/atten2.com\/en\/legal-conditions\/\"]}]},{\"@type\":\"BreadcrumbList\",\"@id\":\"https:\/\/atten2.com\/en\/legal-conditions\/#breadcrumb\",\"itemListElement\":[{\"@type\":\"ListItem\",\"position\":1,\"name\":\"Portada\",\"item\":\"https:\/\/atten2.com\/en\/home1\/\"},{\"@type\":\"ListItem\",\"position\":2,\"name\":\"Legal conditions\"}]},{\"@type\":\"WebSite\",\"@id\":\"https:\/\/atten2.com\/#website\",\"url\":\"https:\/\/atten2.com\/\",\"name\":\"Atten[2] \u00b7 Advanced Monitoring Technologies\",\"description\":\"Sensores \u00f3pticos para la monitorizaci\u00f3n de activos cr\u00edticos\",\"publisher\":{\"@id\":\"https:\/\/atten2.com\/#organization\"},\"alternateName\":\"Atten2 Advanced Monitoring Technologies\",\"potentialAction\":[{\"@type\":\"SearchAction\",\"target\":{\"@type\":\"EntryPoint\",\"urlTemplate\":\"https:\/\/atten2.com\/?s={search_term_string}\"},\"query-input\":\"required name=search_term_string\"}],\"inLanguage\":\"en-US\"},{\"@type\":\"Organization\",\"@id\":\"https:\/\/atten2.com\/#organization\",\"name\":\"Atten2 Advanced Monitoring Technologies\",\"url\":\"https:\/\/atten2.com\/\",\"logo\":{\"@type\":\"ImageObject\",\"inLanguage\":\"en-US\",\"@id\":\"https:\/\/atten2.com\/#\/schema\/logo\/image\/\",\"url\":\"https:\/\/atten2.com\/wp-content\/uploads\/2023\/05\/atten2.svg\",\"contentUrl\":\"https:\/\/atten2.com\/wp-content\/uploads\/2023\/05\/atten2.svg\",\"width\":\"1024\",\"height\":\"1024\",\"caption\":\"Atten2 Advanced Monitoring Technologies\"},\"image\":{\"@id\":\"https:\/\/atten2.com\/#\/schema\/logo\/image\/\"},\"sameAs\":[\"https:\/\/www.facebook.com\/atten2technologies\",\"https:\/\/twitter.com\/atten_2\",\"https:\/\/www.linkedin.com\/company\/atten2-advanced-monitoring-technologies\/\",\"https:\/\/www.youtube.com\/@atten2advancedmonitoringte884\/\"]}]}<\/script>\n<!-- \/ Yoast SEO plugin. -->","yoast_head_json":{"title":"Legal conditions &middot; Atten[2]","description":"Consulta nuestras pol\u00edticas de privacidad, cookies y condiciones legales para saber c\u00f3mo protegemos tus datos.","robots":{"index":"index","follow":"follow","max-snippet":"max-snippet:-1","max-image-preview":"max-image-preview:large","max-video-preview":"max-video-preview:-1"},"canonical":"https:\/\/atten2.com\/en\/legal-conditions\/","og_locale":"en_US","og_type":"article","og_title":"Legal conditions &middot; Atten[2]","og_description":"Consulta nuestras pol\u00edticas de privacidad, cookies y condiciones legales para saber c\u00f3mo protegemos tus datos.","og_url":"https:\/\/atten2.com\/en\/legal-conditions\/","og_site_name":"Atten[2]","article_publisher":"https:\/\/www.facebook.com\/atten2technologies","article_modified_time":"2025-04-15T10:10:50+00:00","og_image":[{"width":1550,"height":675,"url":"https:\/\/atten2.com\/wp-content\/uploads\/2023\/06\/sensores-1.jpg","type":"image\/jpeg"}],"twitter_card":"summary_large_image","twitter_site":"@atten_2","schema":{"@context":"https:\/\/schema.org","@graph":[{"@type":"WebPage","@id":"https:\/\/atten2.com\/en\/legal-conditions\/","url":"https:\/\/atten2.com\/en\/legal-conditions\/","name":"Legal conditions &middot; Atten[2]","isPartOf":{"@id":"https:\/\/atten2.com\/#website"},"datePublished":"2023-06-13T18:44:19+00:00","dateModified":"2025-04-15T10:10:50+00:00","description":"Consulta nuestras pol\u00edticas de privacidad, cookies y condiciones legales para saber c\u00f3mo protegemos tus datos.","breadcrumb":{"@id":"https:\/\/atten2.com\/en\/legal-conditions\/#breadcrumb"},"inLanguage":"en-US","potentialAction":[{"@type":"ReadAction","target":["https:\/\/atten2.com\/en\/legal-conditions\/"]}]},{"@type":"BreadcrumbList","@id":"https:\/\/atten2.com\/en\/legal-conditions\/#breadcrumb","itemListElement":[{"@type":"ListItem","position":1,"name":"Portada","item":"https:\/\/atten2.com\/en\/home1\/"},{"@type":"ListItem","position":2,"name":"Legal conditions"}]},{"@type":"WebSite","@id":"https:\/\/atten2.com\/#website","url":"https:\/\/atten2.com\/","name":"Atten[2] \u00b7 Advanced Monitoring Technologies","description":"Sensores \u00f3pticos para la monitorizaci\u00f3n de activos cr\u00edticos","publisher":{"@id":"https:\/\/atten2.com\/#organization"},"alternateName":"Atten2 Advanced Monitoring Technologies","potentialAction":[{"@type":"SearchAction","target":{"@type":"EntryPoint","urlTemplate":"https:\/\/atten2.com\/?s={search_term_string}"},"query-input":"required name=search_term_string"}],"inLanguage":"en-US"},{"@type":"Organization","@id":"https:\/\/atten2.com\/#organization","name":"Atten2 Advanced Monitoring Technologies","url":"https:\/\/atten2.com\/","logo":{"@type":"ImageObject","inLanguage":"en-US","@id":"https:\/\/atten2.com\/#\/schema\/logo\/image\/","url":"https:\/\/atten2.com\/wp-content\/uploads\/2023\/05\/atten2.svg","contentUrl":"https:\/\/atten2.com\/wp-content\/uploads\/2023\/05\/atten2.svg","width":"1024","height":"1024","caption":"Atten2 Advanced Monitoring Technologies"},"image":{"@id":"https:\/\/atten2.com\/#\/schema\/logo\/image\/"},"sameAs":["https:\/\/www.facebook.com\/atten2technologies","https:\/\/twitter.com\/atten_2","https:\/\/www.linkedin.com\/company\/atten2-advanced-monitoring-technologies\/","https:\/\/www.youtube.com\/@atten2advancedmonitoringte884\/"]}]}},"_links":{"self":[{"href":"https:\/\/atten2.com\/en\/wp-json\/wp\/v2\/pages\/3917","targetHints":{"allow":["GET"]}}],"collection":[{"href":"https:\/\/atten2.com\/en\/wp-json\/wp\/v2\/pages"}],"about":[{"href":"https:\/\/atten2.com\/en\/wp-json\/wp\/v2\/types\/page"}],"author":[{"embeddable":true,"href":"https:\/\/atten2.com\/en\/wp-json\/wp\/v2\/users\/1"}],"replies":[{"embeddable":true,"href":"https:\/\/atten2.com\/en\/wp-json\/wp\/v2\/comments?post=3917"}],"version-history":[{"count":3,"href":"https:\/\/atten2.com\/en\/wp-json\/wp\/v2\/pages\/3917\/revisions"}],"predecessor-version":[{"id":3920,"href":"https:\/\/atten2.com\/en\/wp-json\/wp\/v2\/pages\/3917\/revisions\/3920"}],"wp:attachment":[{"href":"https:\/\/atten2.com\/en\/wp-json\/wp\/v2\/media?parent=3917"}],"curies":[{"name":"wp","href":"https:\/\/api.w.org\/{rel}","templated":true}]}}